{"id":13017,"date":"2025-01-14T15:45:30","date_gmt":"2025-01-14T12:45:30","guid":{"rendered":"https:\/\/ceoparts.com\/?post_type=product&#038;p=13017"},"modified":"2026-05-16T15:31:05","modified_gmt":"2026-05-16T12:31:05","slug":"linde-korna-butonu-ic-plastik-3005430306","status":"publish","type":"product","link":"https:\/\/ceoparts.com\/tr\/urun\/linde-korna-butonu-ic-plastik-3005430306\/","title":{"rendered":"LINDE Korna Butonu \u0130\u00e7 Plastik &#8211; 3005430306"},"content":{"rendered":"<p>LINDE Korna Butonu \u0130\u00e7 Plastik &#8211; 3005430306<\/p>","protected":false},"excerpt":{"rendered":"<article class=\"text-token-text-primary w-full\" dir=\"auto\" data-testid=\"conversation-turn-89\" data-scroll-anchor=\"true\">\n<div class=\"text-base my-auto mx-auto py-5 [--thread-content-margin:--spacing(4)] @[37rem]:[--thread-content-margin:--spacing(6)] @[72rem]:[--thread-content-margin:--spacing(16)] px-(--thread-content-margin)\">\n<div class=\"[--thread-content-max-width:32rem] @[34rem]:[--thread-content-max-width:40rem] @[64rem]:[--thread-content-max-width:48rem] mx-auto flex max-w-(--thread-content-max-width) flex-1 text-base gap-4 md:gap-5 lg:gap-6 group\/turn-messages focus-visible:outline-hidden\" tabindex=\"-1\">\n<div class=\"group\/conversation-turn relative flex w-full min-w-0 flex-col agent-turn\">\n<div class=\"relative flex-col gap-1 md:gap-3\">\n<div class=\"flex max-w-full flex-col grow\">\n<div class=\"min-h-8 text-message relative flex w-full flex-col items-end gap-2 text-start break-words whitespace-normal [.text-message+&amp;]:mt-5\" dir=\"auto\" data-message-author-role=\"assistant\" data-message-id=\"9ef3f79c-f706-42b0-892c-668757369b01\" data-message-model-slug=\"gpt-4-1-mini\">\n<div class=\"flex w-full flex-col gap-1 empty:hidden first:pt-[3px]\">\n<div class=\"markdown prose dark:prose-invert w-full break-words light\">\n<p data-start=\"0\" data-end=\"194\"><br data-start=\"5\" data-end=\"8\" \/>Linde Korna Butonu \u0130\u00e7 Plastik, Linde forkliftlerde kullan\u0131lan korna butonunun i\u00e7 plastik par\u00e7as\u0131d\u0131r. Dayan\u0131kl\u0131 malzemeden \u00fcretilmi\u015f olup korna mekanizmas\u0131n\u0131n sorunsuz \u00e7al\u0131\u015fmas\u0131n\u0131 sa\u011flar.<\/p>\n<p data-start=\"196\" data-end=\"443\"><strong data-start=\"196\" data-end=\"211\">\u00d6zellikler:<\/strong><br data-start=\"211\" data-end=\"214\" \/><strong data-start=\"214\" data-end=\"227\">\u00dcr\u00fcn Ad\u0131:<\/strong> Linde Korna Butonu \u0130\u00e7 Plastik<br data-start=\"257\" data-end=\"260\" \/><strong data-start=\"260\" data-end=\"275\">Par\u00e7a Kodu:<\/strong> 3005430306<br data-start=\"286\" data-end=\"289\" \/><strong data-start=\"289\" data-end=\"301\">Malzeme:<\/strong> Sa\u011flam plastik<br data-start=\"316\" data-end=\"319\" \/><strong data-start=\"319\" data-end=\"338\">Kullan\u0131m Alan\u0131:<\/strong> Linde forklift korna butonlar\u0131 i\u00e7 par\u00e7a<br data-start=\"378\" data-end=\"381\" \/><strong data-start=\"381\" data-end=\"393\">Avantaj:<\/strong> Dayan\u0131kl\u0131 yap\u0131, kolay de\u011fi\u015fim, sorunsuz \u00e7al\u0131\u015fma<\/p>\n<p data-start=\"445\" data-end=\"633\">\n<\/div>\n<\/div>\n<\/div>\n<\/div>\n<\/div>\n<\/div>\n<\/div>\n<\/div>\n<\/article>\n","protected":false},"featured_media":13018,"template":"","meta":[],"product_brand":[],"product_cat":[246,451,454,523],"product_tag":[],"class_list":{"0":"post-13017","1":"product","2":"type-product","3":"status-publish","4":"has-post-thumbnail","6":"product_cat-linde","7":"product_cat-aksesuar-grubu","8":"product_cat-switch-ve-buton","9":"product_cat-yedek-parca-linde","11":"first","12":"instock","13":"taxable","14":"shipping-taxable","15":"purchasable","16":"product-type-simple"},"_links":{"self":[{"href":"https:\/\/ceoparts.com\/tr\/wp-json\/wp\/v2\/product\/13017","targetHints":{"allow":["GET"]}}],"collection":[{"href":"https:\/\/ceoparts.com\/tr\/wp-json\/wp\/v2\/product"}],"about":[{"href":"https:\/\/ceoparts.com\/tr\/wp-json\/wp\/v2\/types\/product"}],"wp:featuredmedia":[{"embeddable":true,"href":"https:\/\/ceoparts.com\/tr\/wp-json\/wp\/v2\/media\/13018"}],"wp:attachment":[{"href":"https:\/\/ceoparts.com\/tr\/wp-json\/wp\/v2\/media?parent=13017"}],"wp:term":[{"taxonomy":"product_brand","embeddable":true,"href":"https:\/\/ceoparts.com\/tr\/wp-json\/wp\/v2\/product_brand?post=13017"},{"taxonomy":"product_cat","embeddable":true,"href":"https:\/\/ceoparts.com\/tr\/wp-json\/wp\/v2\/product_cat?post=13017"},{"taxonomy":"product_tag","embeddable":true,"href":"https:\/\/ceoparts.com\/tr\/wp-json\/wp\/v2\/product_tag?post=13017"}],"curies":[{"name":"wp","href":"https:\/\/api.w.org\/{rel}","templated":true}]}}