{"id":13024,"date":"2025-01-14T16:20:58","date_gmt":"2025-01-14T13:20:58","guid":{"rendered":"https:\/\/ceoparts.com\/?post_type=product&#038;p=13024"},"modified":"2026-05-16T17:06:25","modified_gmt":"2026-05-16T14:06:25","slug":"toyota-forklift-korna-butonu-451211247271","status":"publish","type":"product","link":"https:\/\/ceoparts.com\/tr\/urun\/toyota-forklift-korna-butonu-451211247271\/","title":{"rendered":"TOYOTA Forklift Korna Butonu &#8211; 451211247271"},"content":{"rendered":"<p>TOYOTA Forklift Korna Butonu &#8211; 451211247271<\/p>\n<p>45121-12471-71 451211247171 4501-48 451211247271 45121-12472-71<\/p>\n<p>8FG18\/25\/30\/35<\/p>","protected":false},"excerpt":{"rendered":"<p data-start=\"0\" data-end=\"171\"><br data-start=\"5\" data-end=\"8\" \/>Toyota Forklift Korna Butonu, Toyota forkliftlerde kullan\u0131lan dayan\u0131kl\u0131 korna butonudur. Uzun \u00f6m\u00fcrl\u00fc malzemeden \u00fcretilmi\u015f olup kolay montaj ve hassas tepki sa\u011flar.<\/p>\n<p data-start=\"173\" data-end=\"416\"><strong data-start=\"173\" data-end=\"188\">\u00d6zellikler:<\/strong><br data-start=\"188\" data-end=\"191\" \/><strong data-start=\"191\" data-end=\"204\">\u00dcr\u00fcn Ad\u0131:<\/strong> Toyota Forklift Korna Butonu<br data-start=\"233\" data-end=\"236\" \/><strong data-start=\"236\" data-end=\"251\">Par\u00e7a Kodu:<\/strong> 451211247271<br data-start=\"264\" data-end=\"267\" \/><strong data-start=\"267\" data-end=\"279\">Malzeme:<\/strong> Sa\u011flam plastik ve metal<br data-start=\"303\" data-end=\"306\" \/><strong data-start=\"306\" data-end=\"325\">Kullan\u0131m Alan\u0131:<\/strong> Toyota forklift korna kontrol\u00fc<br data-start=\"356\" data-end=\"359\" \/><strong data-start=\"359\" data-end=\"371\">Avantaj:<\/strong> Dayan\u0131kl\u0131 yap\u0131, hassas tepki, kolay montaj<\/p>\n<p data-start=\"418\" data-end=\"586\">\n","protected":false},"featured_media":13026,"template":"","meta":[],"product_brand":[],"product_cat":[451,454,521,530],"product_tag":[],"class_list":{"0":"post-13024","1":"product","2":"type-product","3":"status-publish","4":"has-post-thumbnail","6":"product_cat-aksesuar-grubu","7":"product_cat-switch-ve-buton","8":"product_cat-toyota","9":"product_cat-yedek-parca-toyota","11":"first","12":"instock","13":"taxable","14":"shipping-taxable","15":"purchasable","16":"product-type-simple"},"_links":{"self":[{"href":"https:\/\/ceoparts.com\/tr\/wp-json\/wp\/v2\/product\/13024","targetHints":{"allow":["GET"]}}],"collection":[{"href":"https:\/\/ceoparts.com\/tr\/wp-json\/wp\/v2\/product"}],"about":[{"href":"https:\/\/ceoparts.com\/tr\/wp-json\/wp\/v2\/types\/product"}],"wp:featuredmedia":[{"embeddable":true,"href":"https:\/\/ceoparts.com\/tr\/wp-json\/wp\/v2\/media\/13026"}],"wp:attachment":[{"href":"https:\/\/ceoparts.com\/tr\/wp-json\/wp\/v2\/media?parent=13024"}],"wp:term":[{"taxonomy":"product_brand","embeddable":true,"href":"https:\/\/ceoparts.com\/tr\/wp-json\/wp\/v2\/product_brand?post=13024"},{"taxonomy":"product_cat","embeddable":true,"href":"https:\/\/ceoparts.com\/tr\/wp-json\/wp\/v2\/product_cat?post=13024"},{"taxonomy":"product_tag","embeddable":true,"href":"https:\/\/ceoparts.com\/tr\/wp-json\/wp\/v2\/product_tag?post=13024"}],"curies":[{"name":"wp","href":"https:\/\/api.w.org\/{rel}","templated":true}]}}