{"id":13030,"date":"2025-01-14T16:36:48","date_gmt":"2025-01-14T13:36:48","guid":{"rendered":"https:\/\/ceoparts.com\/?post_type=product&#038;p=13030"},"modified":"2026-05-16T19:24:59","modified_gmt":"2026-05-16T16:24:59","slug":"jungheinrich-erc-erc-z-karin-butonu-50114482-05109729","status":"publish","type":"product","link":"https:\/\/ceoparts.com\/tr\/urun\/jungheinrich-erc-erc-z-karin-butonu-50114482-05109729\/","title":{"rendered":"Jungheinrich ERC\/ERC-Z Kar\u0131n Butonu &#8211; 50114482 , 05109729"},"content":{"rendered":"<p>Jungheinrich ERC\/ERC-Z Kar\u0131n Butonu &#8211; 50114482 , 05109729<\/p>","protected":false},"excerpt":{"rendered":"<p data-start=\"0\" data-end=\"179\"><br data-start=\"5\" data-end=\"8\" \/>Jungheinrich ERC\/ERC-Z Kar\u0131n Butonu, Jungheinrich ERC ve ERC-Z modellerinde kullan\u0131lan dayan\u0131kl\u0131 kar\u0131n butonudur. Y\u00fcksek kaliteli malzemeden \u00fcretilmi\u015f olup uzun \u00f6m\u00fcrl\u00fcd\u00fcr.<\/p>\n<p data-start=\"181\" data-end=\"493\"><strong data-start=\"181\" data-end=\"196\">\u00d6zellikler:<\/strong><br data-start=\"196\" data-end=\"199\" \/><strong data-start=\"199\" data-end=\"212\">\u00dcr\u00fcn Ad\u0131:<\/strong> Jungheinrich ERC\/ERC-Z Kar\u0131n Butonu<br data-start=\"248\" data-end=\"251\" \/><strong data-start=\"251\" data-end=\"266\">Par\u00e7a Kodu:<\/strong> 50114482, 05109729<br data-start=\"285\" data-end=\"288\" \/><strong data-start=\"288\" data-end=\"300\">Malzeme:<\/strong> Sa\u011flam plastik ve metal par\u00e7a<br data-start=\"330\" data-end=\"333\" \/><strong data-start=\"333\" data-end=\"352\">Kullan\u0131m Alan\u0131:<\/strong> Jungheinrich ERC ve ERC-Z forklift modellerinde kar\u0131n butonu olarak kullan\u0131l\u0131r<br data-start=\"431\" data-end=\"434\" \/><strong data-start=\"434\" data-end=\"446\">Avantaj:<\/strong> Hassas kontrol, dayan\u0131kl\u0131 yap\u0131, kolay montaj<\/p>\n<p data-start=\"495\" data-end=\"678\">\n","protected":false},"featured_media":13032,"template":"","meta":[],"product_brand":[],"product_cat":[236,451,454,522],"product_tag":[],"class_list":{"0":"post-13030","1":"product","2":"type-product","3":"status-publish","4":"has-post-thumbnail","6":"product_cat-jungheinrich","7":"product_cat-aksesuar-grubu","8":"product_cat-switch-ve-buton","9":"product_cat-yedek-parca-jungheinrich","11":"first","12":"instock","13":"taxable","14":"shipping-taxable","15":"purchasable","16":"product-type-simple"},"_links":{"self":[{"href":"https:\/\/ceoparts.com\/tr\/wp-json\/wp\/v2\/product\/13030","targetHints":{"allow":["GET"]}}],"collection":[{"href":"https:\/\/ceoparts.com\/tr\/wp-json\/wp\/v2\/product"}],"about":[{"href":"https:\/\/ceoparts.com\/tr\/wp-json\/wp\/v2\/types\/product"}],"wp:featuredmedia":[{"embeddable":true,"href":"https:\/\/ceoparts.com\/tr\/wp-json\/wp\/v2\/media\/13032"}],"wp:attachment":[{"href":"https:\/\/ceoparts.com\/tr\/wp-json\/wp\/v2\/media?parent=13030"}],"wp:term":[{"taxonomy":"product_brand","embeddable":true,"href":"https:\/\/ceoparts.com\/tr\/wp-json\/wp\/v2\/product_brand?post=13030"},{"taxonomy":"product_cat","embeddable":true,"href":"https:\/\/ceoparts.com\/tr\/wp-json\/wp\/v2\/product_cat?post=13030"},{"taxonomy":"product_tag","embeddable":true,"href":"https:\/\/ceoparts.com\/tr\/wp-json\/wp\/v2\/product_tag?post=13030"}],"curies":[{"name":"wp","href":"https:\/\/api.w.org\/{rel}","templated":true}]}}