{"id":13035,"date":"2025-01-14T16:44:59","date_gmt":"2025-01-14T13:44:59","guid":{"rendered":"https:\/\/ceoparts.com\/?post_type=product&#038;p=13035"},"modified":"2026-05-16T12:16:08","modified_gmt":"2026-05-16T09:16:08","slug":"still-korna-butonu-17030500-45583585801","status":"publish","type":"product","link":"https:\/\/ceoparts.com\/tr\/urun\/still-korna-butonu-17030500-45583585801\/","title":{"rendered":"Still Korna Butonu &#8211; 17030500, 45583585801"},"content":{"rendered":"<p>Still Korna Butonu &#8211; 17030500, 45583585801<\/p>","protected":false},"excerpt":{"rendered":"<p data-start=\"0\" data-end=\"165\"><br data-start=\"5\" data-end=\"8\" \/>Still Korna Butonu, forklift ve i\u015f makinelerinde kullan\u0131lan dayan\u0131kl\u0131 korna butonudur. Uzun \u00f6m\u00fcrl\u00fc malzemeden \u00fcretilmi\u015f, kolay montaj ve hassas tepki sa\u011flar.<\/p>\n<p data-start=\"167\" data-end=\"419\"><strong data-start=\"167\" data-end=\"182\">\u00d6zellikler:<\/strong><br data-start=\"182\" data-end=\"185\" \/><strong data-start=\"185\" data-end=\"198\">\u00dcr\u00fcn Ad\u0131:<\/strong> Still Korna Butonu<br data-start=\"217\" data-end=\"220\" \/><strong data-start=\"220\" data-end=\"235\">Par\u00e7a Kodu:<\/strong> 17030500, 45583585801<br data-start=\"257\" data-end=\"260\" \/><strong data-start=\"260\" data-end=\"272\">Malzeme:<\/strong> Sa\u011flam plastik ve metal<br data-start=\"296\" data-end=\"299\" \/><strong data-start=\"299\" data-end=\"318\">Kullan\u0131m Alan\u0131:<\/strong> Forklift ve i\u015f makineleri korna kontrol\u00fc<br data-start=\"359\" data-end=\"362\" \/><strong data-start=\"362\" data-end=\"374\">Avantaj:<\/strong> Dayan\u0131kl\u0131 yap\u0131, hassas tepki, kolay montaj<\/p>\n<p data-start=\"421\" data-end=\"599\">\n","protected":false},"featured_media":13036,"template":"","meta":[],"product_brand":[],"product_cat":[241,451,454,524],"product_tag":[],"class_list":{"0":"post-13035","1":"product","2":"type-product","3":"status-publish","4":"has-post-thumbnail","6":"product_cat-still","7":"product_cat-aksesuar-grubu","8":"product_cat-switch-ve-buton","9":"product_cat-yedek-parca-still","11":"first","12":"instock","13":"taxable","14":"shipping-taxable","15":"purchasable","16":"product-type-simple"},"_links":{"self":[{"href":"https:\/\/ceoparts.com\/tr\/wp-json\/wp\/v2\/product\/13035","targetHints":{"allow":["GET"]}}],"collection":[{"href":"https:\/\/ceoparts.com\/tr\/wp-json\/wp\/v2\/product"}],"about":[{"href":"https:\/\/ceoparts.com\/tr\/wp-json\/wp\/v2\/types\/product"}],"wp:featuredmedia":[{"embeddable":true,"href":"https:\/\/ceoparts.com\/tr\/wp-json\/wp\/v2\/media\/13036"}],"wp:attachment":[{"href":"https:\/\/ceoparts.com\/tr\/wp-json\/wp\/v2\/media?parent=13035"}],"wp:term":[{"taxonomy":"product_brand","embeddable":true,"href":"https:\/\/ceoparts.com\/tr\/wp-json\/wp\/v2\/product_brand?post=13035"},{"taxonomy":"product_cat","embeddable":true,"href":"https:\/\/ceoparts.com\/tr\/wp-json\/wp\/v2\/product_cat?post=13035"},{"taxonomy":"product_tag","embeddable":true,"href":"https:\/\/ceoparts.com\/tr\/wp-json\/wp\/v2\/product_tag?post=13035"}],"curies":[{"name":"wp","href":"https:\/\/api.w.org\/{rel}","templated":true}]}}