{"id":13040,"date":"2025-01-14T16:51:25","date_gmt":"2025-01-14T13:51:25","guid":{"rendered":"https:\/\/ceoparts.com\/?post_type=product&#038;p=13040"},"modified":"2026-05-16T17:33:20","modified_gmt":"2026-05-16T14:33:20","slug":"bt-korna-butonu-sag-7219999-167847","status":"publish","type":"product","link":"https:\/\/ceoparts.com\/tr\/urun\/bt-korna-butonu-sag-7219999-167847\/","title":{"rendered":"BT Korna Butonu Sa\u011f &#8211; 167847"},"content":{"rendered":"<p>BT Korna Butonu Sa\u011f &#8211; 167847<\/p>","protected":false},"excerpt":{"rendered":"<p data-start=\"0\" data-end=\"160\"><br data-start=\"5\" data-end=\"8\" \/>BT Korna Butonu Sa\u011f, forklift ve i\u015f makinelerinde kullan\u0131lan sa\u011f taraf korna butonudur. Dayan\u0131kl\u0131 malzemeden \u00fcretilmi\u015f olup uzun \u00f6m\u00fcrl\u00fc kullan\u0131m sa\u011flar.<\/p>\n<p data-start=\"162\" data-end=\"409\"><strong data-start=\"162\" data-end=\"177\">\u00d6zellikler:<\/strong><br data-start=\"177\" data-end=\"180\" \/><strong data-start=\"180\" data-end=\"193\">\u00dcr\u00fcn Ad\u0131:<\/strong> BT Korna Butonu Sa\u011f<br data-start=\"213\" data-end=\"216\" \/><strong data-start=\"216\" data-end=\"231\">Par\u00e7a Kodu:<\/strong> 167847<br data-start=\"238\" data-end=\"241\" \/><strong data-start=\"241\" data-end=\"253\">Malzeme:<\/strong> Sa\u011flam plastik ve metal par\u00e7alar<br data-start=\"286\" data-end=\"289\" \/><strong data-start=\"289\" data-end=\"308\">Kullan\u0131m Alan\u0131:<\/strong> Forklift ve i\u015f makineleri korna kontrol\u00fc<br data-start=\"349\" data-end=\"352\" \/><strong data-start=\"352\" data-end=\"364\">Avantaj:<\/strong> Hassas tepki, kolay montaj, dayan\u0131kl\u0131 yap\u0131<\/p>\n<p data-start=\"411\" data-end=\"565\">\n","protected":false},"featured_media":13046,"template":"","meta":[],"product_brand":[],"product_cat":[251,451,454,518],"product_tag":[],"class_list":{"0":"post-13040","1":"product","2":"type-product","3":"status-publish","4":"has-post-thumbnail","6":"product_cat-bt","7":"product_cat-aksesuar-grubu","8":"product_cat-switch-ve-buton","9":"product_cat-yedek-parca-bt","11":"first","12":"instock","13":"taxable","14":"shipping-taxable","15":"purchasable","16":"product-type-simple"},"_links":{"self":[{"href":"https:\/\/ceoparts.com\/tr\/wp-json\/wp\/v2\/product\/13040","targetHints":{"allow":["GET"]}}],"collection":[{"href":"https:\/\/ceoparts.com\/tr\/wp-json\/wp\/v2\/product"}],"about":[{"href":"https:\/\/ceoparts.com\/tr\/wp-json\/wp\/v2\/types\/product"}],"wp:featuredmedia":[{"embeddable":true,"href":"https:\/\/ceoparts.com\/tr\/wp-json\/wp\/v2\/media\/13046"}],"wp:attachment":[{"href":"https:\/\/ceoparts.com\/tr\/wp-json\/wp\/v2\/media?parent=13040"}],"wp:term":[{"taxonomy":"product_brand","embeddable":true,"href":"https:\/\/ceoparts.com\/tr\/wp-json\/wp\/v2\/product_brand?post=13040"},{"taxonomy":"product_cat","embeddable":true,"href":"https:\/\/ceoparts.com\/tr\/wp-json\/wp\/v2\/product_cat?post=13040"},{"taxonomy":"product_tag","embeddable":true,"href":"https:\/\/ceoparts.com\/tr\/wp-json\/wp\/v2\/product_tag?post=13040"}],"curies":[{"name":"wp","href":"https:\/\/api.w.org\/{rel}","templated":true}]}}