{"id":13056,"date":"2025-01-14T17:30:47","date_gmt":"2025-01-14T14:30:47","guid":{"rendered":"https:\/\/ceoparts.com\/?post_type=product&#038;p=13056"},"modified":"2026-05-16T21:10:57","modified_gmt":"2026-05-16T18:10:57","slug":"tepe-ikaz-lambasi-12x110v-miknatissiz","status":"publish","type":"product","link":"https:\/\/ceoparts.com\/tr\/urun\/tepe-ikaz-lambasi-12x110v-miknatissiz\/","title":{"rendered":"Tepe Lambas\u0131 (12x110V) M\u0131knat\u0131ss\u0131z"},"content":{"rendered":"<p>Tepe Lambas\u0131 (12x110V) M\u0131knat\u0131ss\u0131z<\/p>","protected":false},"excerpt":{"rendered":"<p data-start=\"0\" data-end=\"196\"><br data-start=\"5\" data-end=\"8\" \/>Tepe Lambas\u0131 (12x110V) M\u0131knat\u0131ss\u0131z, forklift ve i\u015f makinelerinde kullan\u0131lan m\u0131knat\u0131s olmadan monte edilen tepe lambas\u0131d\u0131r. 12 LED ile y\u00fcksek g\u00f6r\u00fcn\u00fcrl\u00fck sa\u011flar ve 110 Volt voltajda \u00e7al\u0131\u015f\u0131r.<\/p>\n<p data-start=\"198\" data-end=\"477\"><strong data-start=\"198\" data-end=\"213\">\u00d6zellikler:<\/strong><br data-start=\"213\" data-end=\"216\" \/><strong data-start=\"216\" data-end=\"229\">\u00dcr\u00fcn Ad\u0131:<\/strong> Tepe Lambas\u0131 (12x110V) M\u0131knat\u0131ss\u0131z<br data-start=\"264\" data-end=\"267\" \/><strong data-start=\"267\" data-end=\"282\">Par\u00e7a Kodu:<\/strong> TL-12-110N<br data-start=\"293\" data-end=\"296\" \/><strong data-start=\"296\" data-end=\"308\">Malzeme:<\/strong> Sa\u011flam plastik g\u00f6vde<br data-start=\"329\" data-end=\"332\" \/><strong data-start=\"332\" data-end=\"351\">Kullan\u0131m Alan\u0131:<\/strong> Forklift ve i\u015f makineleri uyar\u0131 sistemleri<br data-start=\"394\" data-end=\"397\" \/><strong data-start=\"397\" data-end=\"409\">Avantaj:<\/strong> Sabit montaj imkan\u0131, y\u00fcksek g\u00f6r\u00fcn\u00fcrl\u00fck, uzun \u00f6m\u00fcr, dayan\u0131kl\u0131 yap\u0131<\/p>\n<p data-start=\"479\" data-end=\"687\">\n","protected":false},"featured_media":13058,"template":"","meta":[],"product_brand":[],"product_cat":[463],"product_tag":[],"class_list":{"0":"post-13056","1":"product","2":"type-product","3":"status-publish","4":"has-post-thumbnail","6":"product_cat-aydinlatma-grubu","8":"first","9":"instock","10":"taxable","11":"shipping-taxable","12":"purchasable","13":"product-type-simple"},"_links":{"self":[{"href":"https:\/\/ceoparts.com\/tr\/wp-json\/wp\/v2\/product\/13056","targetHints":{"allow":["GET"]}}],"collection":[{"href":"https:\/\/ceoparts.com\/tr\/wp-json\/wp\/v2\/product"}],"about":[{"href":"https:\/\/ceoparts.com\/tr\/wp-json\/wp\/v2\/types\/product"}],"wp:featuredmedia":[{"embeddable":true,"href":"https:\/\/ceoparts.com\/tr\/wp-json\/wp\/v2\/media\/13058"}],"wp:attachment":[{"href":"https:\/\/ceoparts.com\/tr\/wp-json\/wp\/v2\/media?parent=13056"}],"wp:term":[{"taxonomy":"product_brand","embeddable":true,"href":"https:\/\/ceoparts.com\/tr\/wp-json\/wp\/v2\/product_brand?post=13056"},{"taxonomy":"product_cat","embeddable":true,"href":"https:\/\/ceoparts.com\/tr\/wp-json\/wp\/v2\/product_cat?post=13056"},{"taxonomy":"product_tag","embeddable":true,"href":"https:\/\/ceoparts.com\/tr\/wp-json\/wp\/v2\/product_tag?post=13056"}],"curies":[{"name":"wp","href":"https:\/\/api.w.org\/{rel}","templated":true}]}}