{"id":13061,"date":"2025-01-14T17:38:29","date_gmt":"2025-01-14T14:38:29","guid":{"rendered":"https:\/\/ceoparts.com\/?post_type=product&#038;p=13061"},"modified":"2026-05-16T21:02:35","modified_gmt":"2026-05-16T18:02:35","slug":"tepe-ikaz-lambasi-10x110v-miknatisli","status":"publish","type":"product","link":"https:\/\/ceoparts.com\/tr\/urun\/tepe-ikaz-lambasi-10x110v-miknatisli\/","title":{"rendered":"Tepe Lambas\u0131 (10x110V) M\u0131knat\u0131sl\u0131"},"content":{"rendered":"<p>Tepe Lambas\u0131 (10x110V) M\u0131knat\u0131sl\u0131<\/p>","protected":false},"excerpt":{"rendered":"<p data-start=\"0\" data-end=\"176\"><br data-start=\"5\" data-end=\"8\" \/>Tepe Lambas\u0131 (10x110V) M\u0131knat\u0131sl\u0131, forklift ve i\u015f makinelerinde kullan\u0131lan manyetik tabanl\u0131 tepe lambas\u0131d\u0131r. 10 LED ile g\u00fc\u00e7l\u00fc uyar\u0131 sa\u011flar ve 110 Volt voltajda \u00e7al\u0131\u015f\u0131r.<\/p>\n<p data-start=\"178\" data-end=\"473\"><strong data-start=\"178\" data-end=\"193\">\u00d6zellikler:<\/strong><br data-start=\"193\" data-end=\"196\" \/><strong data-start=\"196\" data-end=\"209\">\u00dcr\u00fcn Ad\u0131:<\/strong> Tepe Lambas\u0131 (10x110V) M\u0131knat\u0131sl\u0131<br data-start=\"243\" data-end=\"246\" \/><strong data-start=\"246\" data-end=\"261\">Par\u00e7a Kodu:<\/strong> TL-10-110M<br data-start=\"272\" data-end=\"275\" \/><strong data-start=\"275\" data-end=\"287\">Malzeme:<\/strong> Sa\u011flam plastik ve metal m\u0131knat\u0131s taban<br data-start=\"326\" data-end=\"329\" \/><strong data-start=\"329\" data-end=\"348\">Kullan\u0131m Alan\u0131:<\/strong> Forklift ve i\u015f makineleri uyar\u0131 sistemleri<br data-start=\"391\" data-end=\"394\" \/><strong data-start=\"394\" data-end=\"406\">Avantaj:<\/strong> Kolay montaj, g\u00fc\u00e7l\u00fc manyetik tutu\u015f, y\u00fcksek g\u00f6r\u00fcn\u00fcrl\u00fck, uzun \u00f6m\u00fcr<\/p>\n<p data-start=\"475\" data-end=\"660\">\n","protected":false},"featured_media":13067,"template":"","meta":[],"product_brand":[],"product_cat":[463],"product_tag":[],"class_list":{"0":"post-13061","1":"product","2":"type-product","3":"status-publish","4":"has-post-thumbnail","6":"product_cat-aydinlatma-grubu","8":"first","9":"instock","10":"taxable","11":"shipping-taxable","12":"purchasable","13":"product-type-simple"},"_links":{"self":[{"href":"https:\/\/ceoparts.com\/tr\/wp-json\/wp\/v2\/product\/13061","targetHints":{"allow":["GET"]}}],"collection":[{"href":"https:\/\/ceoparts.com\/tr\/wp-json\/wp\/v2\/product"}],"about":[{"href":"https:\/\/ceoparts.com\/tr\/wp-json\/wp\/v2\/types\/product"}],"wp:featuredmedia":[{"embeddable":true,"href":"https:\/\/ceoparts.com\/tr\/wp-json\/wp\/v2\/media\/13067"}],"wp:attachment":[{"href":"https:\/\/ceoparts.com\/tr\/wp-json\/wp\/v2\/media?parent=13061"}],"wp:term":[{"taxonomy":"product_brand","embeddable":true,"href":"https:\/\/ceoparts.com\/tr\/wp-json\/wp\/v2\/product_brand?post=13061"},{"taxonomy":"product_cat","embeddable":true,"href":"https:\/\/ceoparts.com\/tr\/wp-json\/wp\/v2\/product_cat?post=13061"},{"taxonomy":"product_tag","embeddable":true,"href":"https:\/\/ceoparts.com\/tr\/wp-json\/wp\/v2\/product_tag?post=13061"}],"curies":[{"name":"wp","href":"https:\/\/api.w.org\/{rel}","templated":true}]}}