{"id":13068,"date":"2025-01-14T17:48:50","date_gmt":"2025-01-14T14:48:50","guid":{"rendered":"https:\/\/ceoparts.com\/?post_type=product&#038;p=13068"},"modified":"2026-05-16T16:15:23","modified_gmt":"2026-05-16T13:15:23","slug":"calisma-lambasi-yuvarlak-9-led","status":"publish","type":"product","link":"https:\/\/ceoparts.com\/tr\/urun\/calisma-lambasi-yuvarlak-9-led\/","title":{"rendered":"\u00c7al\u0131\u015fma Lambas\u0131 Yuvarlak 9 Led 9-60V 27W"},"content":{"rendered":"<p>\u00c7al\u0131\u015fma Lambas\u0131 Yuvarlak 9 Led 9-60V 27W<\/p>","protected":false},"excerpt":{"rendered":"<p data-start=\"0\" data-end=\"205\"><br data-start=\"5\" data-end=\"8\" \/>\u00c7al\u0131\u015fma Lambas\u0131 Yuvarlak 9 Led 9-60V 27W, forklift ve i\u015f makinelerinde kullan\u0131lan dayan\u0131kl\u0131 yuvarlak beyaz LED \u00e7al\u0131\u015fma lambas\u0131d\u0131r. 9 LED ile g\u00fc\u00e7l\u00fc ayd\u0131nlatma sa\u011flar, 9-60 Volt aras\u0131nda \u00e7al\u0131\u015fabilir.<\/p>\n<p data-start=\"207\" data-end=\"507\"><strong data-start=\"207\" data-end=\"222\">\u00d6zellikler:<\/strong><br data-start=\"222\" data-end=\"225\" \/><strong data-start=\"225\" data-end=\"238\">\u00dcr\u00fcn Ad\u0131:<\/strong> \u00c7al\u0131\u015fma Lambas\u0131 Yuvarlak 9 Led 9-60V 27W<br data-start=\"279\" data-end=\"282\" \/><strong data-start=\"282\" data-end=\"297\">Par\u00e7a Kodu:<\/strong> CL-Y9-960<br data-start=\"307\" data-end=\"310\" \/><strong data-start=\"310\" data-end=\"322\">Malzeme:<\/strong> Sa\u011flam plastik ve al\u00fcminyum kasa<br data-start=\"355\" data-end=\"358\" \/><strong data-start=\"358\" data-end=\"377\">Kullan\u0131m Alan\u0131:<\/strong> Forklift ve i\u015f makineleri \u00e7al\u0131\u015fma ayd\u0131nlatmas\u0131<br data-start=\"424\" data-end=\"427\" \/><strong data-start=\"427\" data-end=\"439\">Avantaj:<\/strong> Y\u00fcksek parlakl\u0131k, geni\u015f voltaj aral\u0131\u011f\u0131, uzun \u00f6m\u00fcr, dayan\u0131kl\u0131 yap\u0131<\/p>\n<p data-start=\"509\" data-end=\"716\">\n","protected":false},"featured_media":13078,"template":"","meta":[],"product_brand":[],"product_cat":[463],"product_tag":[],"class_list":{"0":"post-13068","1":"product","2":"type-product","3":"status-publish","4":"has-post-thumbnail","6":"product_cat-aydinlatma-grubu","8":"first","9":"instock","10":"taxable","11":"shipping-taxable","12":"purchasable","13":"product-type-simple"},"_links":{"self":[{"href":"https:\/\/ceoparts.com\/tr\/wp-json\/wp\/v2\/product\/13068","targetHints":{"allow":["GET"]}}],"collection":[{"href":"https:\/\/ceoparts.com\/tr\/wp-json\/wp\/v2\/product"}],"about":[{"href":"https:\/\/ceoparts.com\/tr\/wp-json\/wp\/v2\/types\/product"}],"wp:featuredmedia":[{"embeddable":true,"href":"https:\/\/ceoparts.com\/tr\/wp-json\/wp\/v2\/media\/13078"}],"wp:attachment":[{"href":"https:\/\/ceoparts.com\/tr\/wp-json\/wp\/v2\/media?parent=13068"}],"wp:term":[{"taxonomy":"product_brand","embeddable":true,"href":"https:\/\/ceoparts.com\/tr\/wp-json\/wp\/v2\/product_brand?post=13068"},{"taxonomy":"product_cat","embeddable":true,"href":"https:\/\/ceoparts.com\/tr\/wp-json\/wp\/v2\/product_cat?post=13068"},{"taxonomy":"product_tag","embeddable":true,"href":"https:\/\/ceoparts.com\/tr\/wp-json\/wp\/v2\/product_tag?post=13068"}],"curies":[{"name":"wp","href":"https:\/\/api.w.org\/{rel}","templated":true}]}}