{"id":13079,"date":"2025-01-16T09:45:23","date_gmt":"2025-01-16T06:45:23","guid":{"rendered":"https:\/\/ceoparts.com\/?post_type=product&#038;p=13079"},"modified":"2026-05-16T11:47:49","modified_gmt":"2026-05-16T08:47:49","slug":"calisma-lambasi-yuvarlak-16-led","status":"publish","type":"product","link":"https:\/\/ceoparts.com\/tr\/urun\/calisma-lambasi-yuvarlak-16-led\/","title":{"rendered":"\u00c7al\u0131\u015fma Lambas\u0131 Kare Beyaz 16 Led 12\/24 Volt 48W"},"content":{"rendered":"<p>\u00c7al\u0131\u015fma Lambas\u0131 Kare Beyaz 16 Led 12\/24 Volt 48W<\/p>","protected":false},"excerpt":{"rendered":"<p data-start=\"0\" data-end=\"232\"><br data-start=\"5\" data-end=\"8\" \/>\u00c7al\u0131\u015fma Lambas\u0131 Kare Beyaz 16 Led 12\/24 Volt 48W, forklift ve i\u015f makinelerinde kullan\u0131lan g\u00fc\u00e7l\u00fc ve dayan\u0131kl\u0131 kare beyaz LED \u00e7al\u0131\u015fma lambas\u0131d\u0131r. 16 LED ile y\u00fcksek ayd\u0131nlatma sa\u011flar, hem 12V hem de 24V sistemlerde \u00e7al\u0131\u015fabilir.<\/p>\n<p data-start=\"234\" data-end=\"545\"><strong data-start=\"234\" data-end=\"249\">\u00d6zellikler:<\/strong><br data-start=\"249\" data-end=\"252\" \/><strong data-start=\"252\" data-end=\"265\">\u00dcr\u00fcn Ad\u0131:<\/strong> \u00c7al\u0131\u015fma Lambas\u0131 Kare Beyaz 16 Led 12\/24 Volt 48W<br data-start=\"314\" data-end=\"317\" \/><strong data-start=\"317\" data-end=\"332\">Par\u00e7a Kodu:<\/strong> CL-KB16-1224<br data-start=\"345\" data-end=\"348\" \/><strong data-start=\"348\" data-end=\"360\">Malzeme:<\/strong> Sa\u011flam plastik ve al\u00fcminyum kasa<br data-start=\"393\" data-end=\"396\" \/><strong data-start=\"396\" data-end=\"415\">Kullan\u0131m Alan\u0131:<\/strong> Forklift ve i\u015f makineleri \u00e7al\u0131\u015fma ayd\u0131nlatmas\u0131<br data-start=\"462\" data-end=\"465\" \/><strong data-start=\"465\" data-end=\"477\">Avantaj:<\/strong> Y\u00fcksek parlakl\u0131k, uzun \u00f6m\u00fcr, dayan\u0131kl\u0131 yap\u0131, \u00e7oklu voltaj deste\u011fi<\/p>\n<p data-start=\"547\" data-end=\"780\">\n","protected":false},"featured_media":16715,"template":"","meta":[],"product_brand":[],"product_cat":[463],"product_tag":[],"class_list":{"0":"post-13079","1":"product","2":"type-product","3":"status-publish","4":"has-post-thumbnail","6":"product_cat-aydinlatma-grubu","8":"first","9":"instock","10":"taxable","11":"shipping-taxable","12":"purchasable","13":"product-type-simple"},"_links":{"self":[{"href":"https:\/\/ceoparts.com\/tr\/wp-json\/wp\/v2\/product\/13079","targetHints":{"allow":["GET"]}}],"collection":[{"href":"https:\/\/ceoparts.com\/tr\/wp-json\/wp\/v2\/product"}],"about":[{"href":"https:\/\/ceoparts.com\/tr\/wp-json\/wp\/v2\/types\/product"}],"wp:featuredmedia":[{"embeddable":true,"href":"https:\/\/ceoparts.com\/tr\/wp-json\/wp\/v2\/media\/16715"}],"wp:attachment":[{"href":"https:\/\/ceoparts.com\/tr\/wp-json\/wp\/v2\/media?parent=13079"}],"wp:term":[{"taxonomy":"product_brand","embeddable":true,"href":"https:\/\/ceoparts.com\/tr\/wp-json\/wp\/v2\/product_brand?post=13079"},{"taxonomy":"product_cat","embeddable":true,"href":"https:\/\/ceoparts.com\/tr\/wp-json\/wp\/v2\/product_cat?post=13079"},{"taxonomy":"product_tag","embeddable":true,"href":"https:\/\/ceoparts.com\/tr\/wp-json\/wp\/v2\/product_tag?post=13079"}],"curies":[{"name":"wp","href":"https:\/\/api.w.org\/{rel}","templated":true}]}}