{"id":13084,"date":"2025-01-16T09:55:55","date_gmt":"2025-01-16T06:55:55","guid":{"rendered":"https:\/\/ceoparts.com\/?post_type=product&#038;p=13084"},"modified":"2026-05-16T12:45:53","modified_gmt":"2026-05-16T09:45:53","slug":"bluespot-buyuk-boy-mavi","status":"publish","type":"product","link":"https:\/\/ceoparts.com\/tr\/urun\/bluespot-buyuk-boy-mavi\/","title":{"rendered":"Bluespot B\u00fcy\u00fck Boy Mavi 10-80V 20W"},"content":{"rendered":"<p>Bluespot B\u00fcy\u00fck Boy Mavi 10-80V 20W<\/p>","protected":false},"excerpt":{"rendered":"<p data-start=\"0\" data-end=\"201\"><br data-start=\"5\" data-end=\"8\" \/>Bluespot B\u00fcy\u00fck Boy Mavi 10-80V 20W, forklift ve i\u015f makinelerinde kullan\u0131lan y\u00fcksek g\u00fc\u00e7l\u00fc b\u00fcy\u00fck boy mavi LED uyar\u0131 lambas\u0131d\u0131r. Geni\u015f voltaj aral\u0131\u011f\u0131nda \u00e7al\u0131\u015f\u0131r ve dikkat \u00e7ekici ayd\u0131nlatma sa\u011flar.<\/p>\n<p data-start=\"203\" data-end=\"491\"><strong data-start=\"203\" data-end=\"218\">\u00d6zellikler:<\/strong><br data-start=\"218\" data-end=\"221\" \/><strong data-start=\"221\" data-end=\"234\">\u00dcr\u00fcn Ad\u0131:<\/strong> Bluespot B\u00fcy\u00fck Boy Mavi 10-80V 20W<br data-start=\"269\" data-end=\"272\" \/><strong data-start=\"272\" data-end=\"287\">Par\u00e7a Kodu:<\/strong> BS-BM-1080<br data-start=\"298\" data-end=\"301\" \/><strong data-start=\"301\" data-end=\"313\">Malzeme:<\/strong> Sa\u011flam plastik ve al\u00fcminyum g\u00f6vde<br data-start=\"347\" data-end=\"350\" \/><strong data-start=\"350\" data-end=\"369\">Kullan\u0131m Alan\u0131:<\/strong> Forklift ve i\u015f makineleri uyar\u0131 sistemleri<br data-start=\"412\" data-end=\"415\" \/><strong data-start=\"415\" data-end=\"427\">Avantaj:<\/strong> Y\u00fcksek parlakl\u0131k, uzun \u00f6m\u00fcr, dayan\u0131kl\u0131 yap\u0131, enerji tasarrufu<\/p>\n<p data-start=\"493\" data-end=\"706\">\n","protected":false},"featured_media":13086,"template":"","meta":[],"product_brand":[],"product_cat":[463],"product_tag":[],"class_list":{"0":"post-13084","1":"product","2":"type-product","3":"status-publish","4":"has-post-thumbnail","6":"product_cat-aydinlatma-grubu","8":"first","9":"instock","10":"taxable","11":"shipping-taxable","12":"purchasable","13":"product-type-simple"},"_links":{"self":[{"href":"https:\/\/ceoparts.com\/tr\/wp-json\/wp\/v2\/product\/13084","targetHints":{"allow":["GET"]}}],"collection":[{"href":"https:\/\/ceoparts.com\/tr\/wp-json\/wp\/v2\/product"}],"about":[{"href":"https:\/\/ceoparts.com\/tr\/wp-json\/wp\/v2\/types\/product"}],"wp:featuredmedia":[{"embeddable":true,"href":"https:\/\/ceoparts.com\/tr\/wp-json\/wp\/v2\/media\/13086"}],"wp:attachment":[{"href":"https:\/\/ceoparts.com\/tr\/wp-json\/wp\/v2\/media?parent=13084"}],"wp:term":[{"taxonomy":"product_brand","embeddable":true,"href":"https:\/\/ceoparts.com\/tr\/wp-json\/wp\/v2\/product_brand?post=13084"},{"taxonomy":"product_cat","embeddable":true,"href":"https:\/\/ceoparts.com\/tr\/wp-json\/wp\/v2\/product_cat?post=13084"},{"taxonomy":"product_tag","embeddable":true,"href":"https:\/\/ceoparts.com\/tr\/wp-json\/wp\/v2\/product_tag?post=13084"}],"curies":[{"name":"wp","href":"https:\/\/api.w.org\/{rel}","templated":true}]}}