{"id":13094,"date":"2025-01-16T10:02:54","date_gmt":"2025-01-16T07:02:54","guid":{"rendered":"https:\/\/ceoparts.com\/?post_type=product&#038;p=13094"},"modified":"2026-05-16T14:59:32","modified_gmt":"2026-05-16T11:59:32","slug":"bluespot-kirmizi-12-80v","status":"publish","type":"product","link":"https:\/\/ceoparts.com\/tr\/urun\/bluespot-kirmizi-12-80v\/","title":{"rendered":"Forklift K\u0131rm\u0131z\u0131 Nokta Led 12-80V (2 X 3W)"},"content":{"rendered":"<p>Forklift K\u0131rm\u0131z\u0131 Nokta Led 12-80V (2 X 3W)<\/p>","protected":false},"excerpt":{"rendered":"<p data-start=\"0\" data-end=\"220\">Forklift K\u0131rm\u0131z\u0131 Nokta Led 12-80V (2 x 3W), forklift ve i\u015f makinelerinde kullan\u0131lan y\u00fcksek performansl\u0131 k\u0131rm\u0131z\u0131 LED uyar\u0131 lambas\u0131d\u0131r. \u00c7ift 3 Watt LED ile g\u00fc\u00e7l\u00fc ve dikkat \u00e7ekici \u0131\u015f\u0131k sa\u011flar, geni\u015f voltaj aral\u0131\u011f\u0131nda \u00e7al\u0131\u015f\u0131r.<\/p>\n<p data-start=\"222\" data-end=\"509\"><strong data-start=\"222\" data-end=\"237\">\u00d6zellikler:<\/strong><br data-start=\"237\" data-end=\"240\" \/><strong data-start=\"240\" data-end=\"253\">\u00dcr\u00fcn Ad\u0131:<\/strong> Bluespot K\u0131rm\u0131z\u0131 12-80V (2 x 3W)<br data-start=\"286\" data-end=\"289\" \/><strong data-start=\"318\" data-end=\"330\">Malzeme:<\/strong> Sa\u011flam plastik ve al\u00fcminyum g\u00f6vde<br data-start=\"364\" data-end=\"367\" \/><strong data-start=\"367\" data-end=\"386\">Kullan\u0131m Alan\u0131:<\/strong> Forklift ve i\u015f makineleri uyar\u0131 sistemleri<br data-start=\"429\" data-end=\"432\" \/><strong data-start=\"432\" data-end=\"444\">Avantaj:<\/strong> Y\u00fcksek g\u00f6r\u00fcn\u00fcrl\u00fck, enerji tasarrufu, uzun \u00f6m\u00fcr, dayan\u0131kl\u0131 yap\u0131<\/p>\n<p data-start=\"511\" data-end=\"755\">\n","protected":false},"featured_media":13095,"template":"","meta":[],"product_brand":[],"product_cat":[463],"product_tag":[],"class_list":{"0":"post-13094","1":"product","2":"type-product","3":"status-publish","4":"has-post-thumbnail","6":"product_cat-aydinlatma-grubu","8":"first","9":"instock","10":"taxable","11":"shipping-taxable","12":"purchasable","13":"product-type-simple"},"_links":{"self":[{"href":"https:\/\/ceoparts.com\/tr\/wp-json\/wp\/v2\/product\/13094","targetHints":{"allow":["GET"]}}],"collection":[{"href":"https:\/\/ceoparts.com\/tr\/wp-json\/wp\/v2\/product"}],"about":[{"href":"https:\/\/ceoparts.com\/tr\/wp-json\/wp\/v2\/types\/product"}],"wp:featuredmedia":[{"embeddable":true,"href":"https:\/\/ceoparts.com\/tr\/wp-json\/wp\/v2\/media\/13095"}],"wp:attachment":[{"href":"https:\/\/ceoparts.com\/tr\/wp-json\/wp\/v2\/media?parent=13094"}],"wp:term":[{"taxonomy":"product_brand","embeddable":true,"href":"https:\/\/ceoparts.com\/tr\/wp-json\/wp\/v2\/product_brand?post=13094"},{"taxonomy":"product_cat","embeddable":true,"href":"https:\/\/ceoparts.com\/tr\/wp-json\/wp\/v2\/product_cat?post=13094"},{"taxonomy":"product_tag","embeddable":true,"href":"https:\/\/ceoparts.com\/tr\/wp-json\/wp\/v2\/product_tag?post=13094"}],"curies":[{"name":"wp","href":"https:\/\/api.w.org\/{rel}","templated":true}]}}