{"id":13105,"date":"2025-01-16T10:13:30","date_gmt":"2025-01-16T07:13:30","guid":{"rendered":"https:\/\/ceoparts.com\/?post_type=product&#038;p=13105"},"modified":"2026-05-16T17:22:44","modified_gmt":"2026-05-16T14:22:44","slug":"norma-redzone-osram-nr160481r","status":"publish","type":"product","link":"https:\/\/ceoparts.com\/tr\/urun\/norma-redzone-osram-nr160481r\/","title":{"rendered":"Norma Redzone Osram 10-80V 6W &#8211; NR160481R"},"content":{"rendered":"<p>Norma Redzone Osram 10-80V 6W &#8211; NR160481R<\/p>\n","protected":false},"excerpt":{"rendered":"<p data-start=\"0\" data-end=\"191\"><br data-start=\"5\" data-end=\"8\" \/>Norma Redzone Osram 10-80V 6W, forklift ve i\u015f makinelerinde kullan\u0131lan Osram \u00e7ipli y\u00fcksek kaliteli k\u0131rm\u0131z\u0131 LED lambad\u0131r. Enerji tasarruflu ve dayan\u0131kl\u0131 yap\u0131s\u0131yla g\u00fcvenli uyar\u0131 sa\u011flar.<\/p>\n<p data-start=\"193\" data-end=\"487\"><strong data-start=\"193\" data-end=\"208\">\u00d6zellikler:<\/strong><br data-start=\"208\" data-end=\"211\" \/><strong data-start=\"211\" data-end=\"224\">\u00dcr\u00fcn Ad\u0131:<\/strong> Norma Redzone Osram 10-80V 6W<br data-start=\"254\" data-end=\"257\" \/><strong data-start=\"257\" data-end=\"272\">Par\u00e7a Kodu:<\/strong> NR160481R<br data-start=\"282\" data-end=\"285\" \/><strong data-start=\"285\" data-end=\"297\">Malzeme:<\/strong> Sa\u011flam plastik ve al\u00fcminyum kasa<br data-start=\"330\" data-end=\"333\" \/><strong data-start=\"333\" data-end=\"352\">Kullan\u0131m Alan\u0131:<\/strong> Forklift ve i\u015f makineleri uyar\u0131 sistemleri<br data-start=\"395\" data-end=\"398\" \/><strong data-start=\"398\" data-end=\"410\">Avantaj:<\/strong> Osram \u00e7ip teknolojisi, uzun \u00f6m\u00fcr, d\u00fc\u015f\u00fck enerji t\u00fcketimi, y\u00fcksek g\u00f6r\u00fcn\u00fcrl\u00fck<\/p>\n<p data-start=\"489\" data-end=\"687\">\n","protected":false},"featured_media":18308,"template":"","meta":[],"product_brand":[],"product_cat":[463],"product_tag":[],"class_list":{"0":"post-13105","1":"product","2":"type-product","3":"status-publish","4":"has-post-thumbnail","6":"product_cat-aydinlatma-grubu","8":"first","9":"instock","10":"taxable","11":"shipping-taxable","12":"purchasable","13":"product-type-simple"},"_links":{"self":[{"href":"https:\/\/ceoparts.com\/tr\/wp-json\/wp\/v2\/product\/13105","targetHints":{"allow":["GET"]}}],"collection":[{"href":"https:\/\/ceoparts.com\/tr\/wp-json\/wp\/v2\/product"}],"about":[{"href":"https:\/\/ceoparts.com\/tr\/wp-json\/wp\/v2\/types\/product"}],"wp:featuredmedia":[{"embeddable":true,"href":"https:\/\/ceoparts.com\/tr\/wp-json\/wp\/v2\/media\/18308"}],"wp:attachment":[{"href":"https:\/\/ceoparts.com\/tr\/wp-json\/wp\/v2\/media?parent=13105"}],"wp:term":[{"taxonomy":"product_brand","embeddable":true,"href":"https:\/\/ceoparts.com\/tr\/wp-json\/wp\/v2\/product_brand?post=13105"},{"taxonomy":"product_cat","embeddable":true,"href":"https:\/\/ceoparts.com\/tr\/wp-json\/wp\/v2\/product_cat?post=13105"},{"taxonomy":"product_tag","embeddable":true,"href":"https:\/\/ceoparts.com\/tr\/wp-json\/wp\/v2\/product_tag?post=13105"}],"curies":[{"name":"wp","href":"https:\/\/api.w.org\/{rel}","templated":true}]}}