{"id":13111,"date":"2025-01-16T10:19:10","date_gmt":"2025-01-16T07:19:10","guid":{"rendered":"https:\/\/ceoparts.com\/?post_type=product&#038;p=13111"},"modified":"2026-05-16T19:46:26","modified_gmt":"2026-05-16T16:46:26","slug":"norma-kare-beyaz-kalin-27w-9-led-nr161556","status":"publish","type":"product","link":"https:\/\/ceoparts.com\/tr\/urun\/norma-kare-beyaz-kalin-27w-9-led-nr161556\/","title":{"rendered":"Norma Kare Beyaz Kal\u0131n 27W 9 Led &#8211; NR161556"},"content":{"rendered":"<p>Norma Kare Beyaz Kal\u0131n 27W 9 Led &#8211; NR161556<\/p>","protected":false},"excerpt":{"rendered":"<p data-start=\"0\" data-end=\"177\"><br data-start=\"5\" data-end=\"8\" \/>Norma Kare Beyaz Kal\u0131n 27W 9 Led, forklift ve i\u015f makinelerinde kullan\u0131lan g\u00fc\u00e7l\u00fc ve dayan\u0131kl\u0131 kare beyaz LED lambad\u0131r. 27 Watt g\u00fcc\u00fc ve 9 LED ile y\u00fcksek ayd\u0131nlatma sa\u011flar.<\/p>\n<p data-start=\"179\" data-end=\"467\"><strong data-start=\"179\" data-end=\"194\">\u00d6zellikler:<\/strong><br data-start=\"194\" data-end=\"197\" \/><strong data-start=\"197\" data-end=\"210\">\u00dcr\u00fcn Ad\u0131:<\/strong> Norma Kare Beyaz Kal\u0131n 27W 9 Led<br data-start=\"243\" data-end=\"246\" \/><strong data-start=\"246\" data-end=\"261\">Par\u00e7a Kodu:<\/strong> NR161556<br data-start=\"270\" data-end=\"273\" \/><strong data-start=\"273\" data-end=\"285\">Malzeme:<\/strong> Sa\u011flam plastik ve al\u00fcminyum kasa<br data-start=\"318\" data-end=\"321\" \/><strong data-start=\"321\" data-end=\"340\">Kullan\u0131m Alan\u0131:<\/strong> Forklift ve i\u015f makineleri ayd\u0131nlatma sistemleri<br data-start=\"388\" data-end=\"391\" \/><strong data-start=\"391\" data-end=\"403\">Avantaj:<\/strong> Y\u00fcksek parlakl\u0131k, dayan\u0131kl\u0131 yap\u0131, uzun \u00f6m\u00fcr, enerji tasarrufu<\/p>\n<p data-start=\"469\" data-end=\"661\">\n","protected":false},"featured_media":13115,"template":"","meta":[],"product_brand":[],"product_cat":[463],"product_tag":[],"class_list":{"0":"post-13111","1":"product","2":"type-product","3":"status-publish","4":"has-post-thumbnail","6":"product_cat-aydinlatma-grubu","8":"first","9":"instock","10":"taxable","11":"shipping-taxable","12":"purchasable","13":"product-type-simple"},"_links":{"self":[{"href":"https:\/\/ceoparts.com\/tr\/wp-json\/wp\/v2\/product\/13111","targetHints":{"allow":["GET"]}}],"collection":[{"href":"https:\/\/ceoparts.com\/tr\/wp-json\/wp\/v2\/product"}],"about":[{"href":"https:\/\/ceoparts.com\/tr\/wp-json\/wp\/v2\/types\/product"}],"wp:featuredmedia":[{"embeddable":true,"href":"https:\/\/ceoparts.com\/tr\/wp-json\/wp\/v2\/media\/13115"}],"wp:attachment":[{"href":"https:\/\/ceoparts.com\/tr\/wp-json\/wp\/v2\/media?parent=13111"}],"wp:term":[{"taxonomy":"product_brand","embeddable":true,"href":"https:\/\/ceoparts.com\/tr\/wp-json\/wp\/v2\/product_brand?post=13111"},{"taxonomy":"product_cat","embeddable":true,"href":"https:\/\/ceoparts.com\/tr\/wp-json\/wp\/v2\/product_cat?post=13111"},{"taxonomy":"product_tag","embeddable":true,"href":"https:\/\/ceoparts.com\/tr\/wp-json\/wp\/v2\/product_tag?post=13111"}],"curies":[{"name":"wp","href":"https:\/\/api.w.org\/{rel}","templated":true}]}}