{"id":13116,"date":"2025-01-16T10:32:24","date_gmt":"2025-01-16T07:32:24","guid":{"rendered":"https:\/\/ceoparts.com\/?post_type=product&#038;p=13116"},"modified":"2026-05-16T17:35:18","modified_gmt":"2026-05-16T14:35:18","slug":"norma-forklift-ok-spot-led-mavi-nr161563","status":"publish","type":"product","link":"https:\/\/ceoparts.com\/tr\/urun\/norma-forklift-ok-spot-led-mavi-nr161563\/","title":{"rendered":"Norma Forklift OK spot Led Mavi 12-80V 20W &#8211; NR161563"},"content":{"rendered":"<p>Norma Forklift OK spot Led Mavi 12-80V 20W &#8211; NR161563<\/p>","protected":false},"excerpt":{"rendered":"<p data-start=\"0\" data-end=\"195\"><br data-start=\"5\" data-end=\"8\" \/>Norma Forklift OK Spot Led Mavi 12-80V 20W, forklift ve i\u015f makinelerinde kullan\u0131lan y\u00fcksek performansl\u0131 mavi spot LED lambad\u0131r. Y\u00fcksek parlakl\u0131k sa\u011flar ve geni\u015f voltaj aral\u0131\u011f\u0131nda \u00e7al\u0131\u015f\u0131r.<\/p>\n<p data-start=\"197\" data-end=\"490\"><strong data-start=\"197\" data-end=\"212\">\u00d6zellikler:<\/strong><br data-start=\"212\" data-end=\"215\" \/><strong data-start=\"215\" data-end=\"228\">\u00dcr\u00fcn Ad\u0131:<\/strong> Norma Forklift OK Spot Led Mavi 12-80V 20W<br data-start=\"271\" data-end=\"274\" \/><strong data-start=\"274\" data-end=\"289\">Par\u00e7a Kodu:<\/strong> NR161563<br data-start=\"298\" data-end=\"301\" \/><strong data-start=\"301\" data-end=\"313\">Malzeme:<\/strong> Sa\u011flam plastik ve metal g\u00f6vde<br data-start=\"343\" data-end=\"346\" \/><strong data-start=\"346\" data-end=\"365\">Kullan\u0131m Alan\u0131:<\/strong> Forklift ve i\u015f makineleri ayd\u0131nlatma sistemleri<br data-start=\"413\" data-end=\"416\" \/><strong data-start=\"416\" data-end=\"428\">Avantaj:<\/strong> Y\u00fcksek parlakl\u0131k, enerji tasarrufu, uzun \u00f6m\u00fcr, kolay montaj<\/p>\n<p data-start=\"492\" data-end=\"697\">\n","protected":false},"featured_media":16078,"template":"","meta":[],"product_brand":[],"product_cat":[463],"product_tag":[],"class_list":{"0":"post-13116","1":"product","2":"type-product","3":"status-publish","4":"has-post-thumbnail","6":"product_cat-aydinlatma-grubu","8":"first","9":"instock","10":"taxable","11":"shipping-taxable","12":"purchasable","13":"product-type-simple"},"_links":{"self":[{"href":"https:\/\/ceoparts.com\/tr\/wp-json\/wp\/v2\/product\/13116","targetHints":{"allow":["GET"]}}],"collection":[{"href":"https:\/\/ceoparts.com\/tr\/wp-json\/wp\/v2\/product"}],"about":[{"href":"https:\/\/ceoparts.com\/tr\/wp-json\/wp\/v2\/types\/product"}],"wp:featuredmedia":[{"embeddable":true,"href":"https:\/\/ceoparts.com\/tr\/wp-json\/wp\/v2\/media\/16078"}],"wp:attachment":[{"href":"https:\/\/ceoparts.com\/tr\/wp-json\/wp\/v2\/media?parent=13116"}],"wp:term":[{"taxonomy":"product_brand","embeddable":true,"href":"https:\/\/ceoparts.com\/tr\/wp-json\/wp\/v2\/product_brand?post=13116"},{"taxonomy":"product_cat","embeddable":true,"href":"https:\/\/ceoparts.com\/tr\/wp-json\/wp\/v2\/product_cat?post=13116"},{"taxonomy":"product_tag","embeddable":true,"href":"https:\/\/ceoparts.com\/tr\/wp-json\/wp\/v2\/product_tag?post=13116"}],"curies":[{"name":"wp","href":"https:\/\/api.w.org\/{rel}","templated":true}]}}