{"id":13123,"date":"2025-01-16T10:40:26","date_gmt":"2025-01-16T07:40:26","guid":{"rendered":"https:\/\/ceoparts.com\/?post_type=product&#038;p=13123"},"modified":"2026-05-16T17:22:55","modified_gmt":"2026-05-16T14:22:55","slug":"norma-forklift-cizgi-led-mavi-nr161587","status":"publish","type":"product","link":"https:\/\/ceoparts.com\/tr\/urun\/norma-forklift-cizgi-led-mavi-nr161587\/","title":{"rendered":"Norma Forklift \u00c7izgi Led Mavi 9V-80V &#8211; NR161587"},"content":{"rendered":"<p>Norma Forklift \u00c7izgi Led Mavi 9V-80V &#8211; NR161587<\/p>","protected":false},"excerpt":{"rendered":"<p data-start=\"0\" data-end=\"203\"><br data-start=\"5\" data-end=\"8\" \/>Norma Forklift \u00c7izgi Led Mavi 9V-80V, forklift ve i\u015f makinelerinde kullan\u0131lan dayan\u0131kl\u0131 ve y\u00fcksek performansl\u0131 mavi \u00e7izgi LED lambad\u0131r. Geni\u015f voltaj aral\u0131\u011f\u0131nda \u00e7al\u0131\u015f\u0131r ve enerji tasarrufu sa\u011flar.<\/p>\n<p data-start=\"205\" data-end=\"495\"><strong data-start=\"205\" data-end=\"220\">\u00d6zellikler:<\/strong><br data-start=\"220\" data-end=\"223\" \/><strong data-start=\"223\" data-end=\"236\">\u00dcr\u00fcn Ad\u0131:<\/strong> Norma Forklift \u00c7izgi Led Mavi 9V-80V<br data-start=\"273\" data-end=\"276\" \/><strong data-start=\"276\" data-end=\"291\">Par\u00e7a Kodu:<\/strong> NR161587<br data-start=\"300\" data-end=\"303\" \/><strong data-start=\"303\" data-end=\"315\">Malzeme:<\/strong> Sa\u011flam plastik ve al\u00fcminyum kasa<br data-start=\"348\" data-end=\"351\" \/><strong data-start=\"351\" data-end=\"370\">Kullan\u0131m Alan\u0131:<\/strong> Forklift ve i\u015f makineleri ayd\u0131nlatma sistemleri<br data-start=\"418\" data-end=\"421\" \/><strong data-start=\"421\" data-end=\"433\">Avantaj:<\/strong> Y\u00fcksek parlakl\u0131k, enerji tasarrufu, uzun \u00f6m\u00fcr, kolay montaj<\/p>\n<p data-start=\"497\" data-end=\"708\">\n","protected":false},"featured_media":13124,"template":"","meta":[],"product_brand":[],"product_cat":[463],"product_tag":[],"class_list":{"0":"post-13123","1":"product","2":"type-product","3":"status-publish","4":"has-post-thumbnail","6":"product_cat-aydinlatma-grubu","8":"first","9":"instock","10":"taxable","11":"shipping-taxable","12":"purchasable","13":"product-type-simple"},"_links":{"self":[{"href":"https:\/\/ceoparts.com\/tr\/wp-json\/wp\/v2\/product\/13123","targetHints":{"allow":["GET"]}}],"collection":[{"href":"https:\/\/ceoparts.com\/tr\/wp-json\/wp\/v2\/product"}],"about":[{"href":"https:\/\/ceoparts.com\/tr\/wp-json\/wp\/v2\/types\/product"}],"wp:featuredmedia":[{"embeddable":true,"href":"https:\/\/ceoparts.com\/tr\/wp-json\/wp\/v2\/media\/13124"}],"wp:attachment":[{"href":"https:\/\/ceoparts.com\/tr\/wp-json\/wp\/v2\/media?parent=13123"}],"wp:term":[{"taxonomy":"product_brand","embeddable":true,"href":"https:\/\/ceoparts.com\/tr\/wp-json\/wp\/v2\/product_brand?post=13123"},{"taxonomy":"product_cat","embeddable":true,"href":"https:\/\/ceoparts.com\/tr\/wp-json\/wp\/v2\/product_cat?post=13123"},{"taxonomy":"product_tag","embeddable":true,"href":"https:\/\/ceoparts.com\/tr\/wp-json\/wp\/v2\/product_tag?post=13123"}],"curies":[{"name":"wp","href":"https:\/\/api.w.org\/{rel}","templated":true}]}}