{"id":13133,"date":"2025-01-16T10:48:19","date_gmt":"2025-01-16T07:48:19","guid":{"rendered":"https:\/\/ceoparts.com\/?post_type=product&#038;p=13133"},"modified":"2026-05-16T16:18:36","modified_gmt":"2026-05-16T13:18:36","slug":"norma-osram-cipli-kucuk-u-led","status":"publish","type":"product","link":"https:\/\/ceoparts.com\/tr\/urun\/norma-osram-cipli-kucuk-u-led\/","title":{"rendered":"Norma Osram \u00c7ipli K\u00fc\u00e7\u00fck U Led 10-110V 5W"},"content":{"rendered":"<p>Norma Osram \u00c7ipli K\u00fc\u00e7\u00fck U Led 10-110V 5W<\/p>","protected":false},"excerpt":{"rendered":"<p data-start=\"0\" data-end=\"223\"><br data-start=\"5\" data-end=\"8\" \/>Norma Osram \u00c7ipli K\u00fc\u00e7\u00fck U Led 10-110V 5W, forklift ve i\u015f makinelerinde kullan\u0131lan y\u00fcksek kaliteli Osram \u00e7ipli k\u00fc\u00e7\u00fck U tipi LED lambad\u0131r. Enerji tasarruflu ve uzun \u00f6m\u00fcrl\u00fcd\u00fcr, 5 Watt g\u00fcc\u00fcyle verimli ayd\u0131nlatma sa\u011flar.<\/p>\n<p data-start=\"225\" data-end=\"532\"><strong data-start=\"225\" data-end=\"240\">\u00d6zellikler:<\/strong><br data-start=\"240\" data-end=\"243\" \/><strong data-start=\"243\" data-end=\"256\">\u00dcr\u00fcn Ad\u0131:<\/strong> Norma Osram \u00c7ipli K\u00fc\u00e7\u00fck U Led 10-110V 5W<br data-start=\"297\" data-end=\"300\" \/><strong data-start=\"300\" data-end=\"315\">Par\u00e7a Kodu:<\/strong> NR161840<br data-start=\"324\" data-end=\"327\" \/><strong data-start=\"327\" data-end=\"339\">Malzeme:<\/strong> Sa\u011flam plastik ve al\u00fcminyum kasa<br data-start=\"372\" data-end=\"375\" \/><strong data-start=\"375\" data-end=\"394\">Kullan\u0131m Alan\u0131:<\/strong> Forklift ve i\u015f makineleri ayd\u0131nlatma sistemleri<br data-start=\"442\" data-end=\"445\" \/><strong data-start=\"445\" data-end=\"457\">Avantaj:<\/strong> Osram \u00e7ip teknolojisi, d\u00fc\u015f\u00fck enerji t\u00fcketimi, uzun \u00f6m\u00fcr, kompakt tasar\u0131m<\/p>\n<p data-start=\"534\" data-end=\"771\">\n","protected":false},"featured_media":18275,"template":"","meta":[],"product_brand":[],"product_cat":[463],"product_tag":[],"class_list":{"0":"post-13133","1":"product","2":"type-product","3":"status-publish","4":"has-post-thumbnail","6":"product_cat-aydinlatma-grubu","8":"first","9":"instock","10":"taxable","11":"shipping-taxable","12":"purchasable","13":"product-type-simple"},"_links":{"self":[{"href":"https:\/\/ceoparts.com\/tr\/wp-json\/wp\/v2\/product\/13133","targetHints":{"allow":["GET"]}}],"collection":[{"href":"https:\/\/ceoparts.com\/tr\/wp-json\/wp\/v2\/product"}],"about":[{"href":"https:\/\/ceoparts.com\/tr\/wp-json\/wp\/v2\/types\/product"}],"wp:featuredmedia":[{"embeddable":true,"href":"https:\/\/ceoparts.com\/tr\/wp-json\/wp\/v2\/media\/18275"}],"wp:attachment":[{"href":"https:\/\/ceoparts.com\/tr\/wp-json\/wp\/v2\/media?parent=13133"}],"wp:term":[{"taxonomy":"product_brand","embeddable":true,"href":"https:\/\/ceoparts.com\/tr\/wp-json\/wp\/v2\/product_brand?post=13133"},{"taxonomy":"product_cat","embeddable":true,"href":"https:\/\/ceoparts.com\/tr\/wp-json\/wp\/v2\/product_cat?post=13133"},{"taxonomy":"product_tag","embeddable":true,"href":"https:\/\/ceoparts.com\/tr\/wp-json\/wp\/v2\/product_tag?post=13133"}],"curies":[{"name":"wp","href":"https:\/\/api.w.org\/{rel}","templated":true}]}}