{"id":13140,"date":"2025-01-16T12:05:39","date_gmt":"2025-01-16T09:05:39","guid":{"rendered":"https:\/\/ceoparts.com\/?post_type=product&#038;p=13140"},"modified":"2026-05-16T17:22:49","modified_gmt":"2026-05-16T14:22:49","slug":"norma-hareketli-ok-kirmizi-nr161860","status":"publish","type":"product","link":"https:\/\/ceoparts.com\/tr\/urun\/norma-hareketli-ok-kirmizi-nr161860\/","title":{"rendered":"Norma Hareketli Ok K\u0131rm\u0131z\u0131 10-110V 20W &#8211; NR161846"},"content":{"rendered":"<p>Norma Hareketli Ok K\u0131rm\u0131z\u0131 10-110V 20W &#8211; NR161846<\/p>","protected":false},"excerpt":{"rendered":"<p data-start=\"0\" data-end=\"215\"><br data-start=\"5\" data-end=\"8\" \/>Norma Hareketli Ok K\u0131rm\u0131z\u0131 10-110V 20W, forklift ve i\u015f makinelerinde kullan\u0131lan hareketli k\u0131rm\u0131z\u0131 ok i\u015fareti lambas\u0131d\u0131r. Y\u00fcksek g\u00f6r\u00fcn\u00fcrl\u00fck sa\u011flar ve \u00e7al\u0131\u015fma alan\u0131nda y\u00f6nlendirme ve uyar\u0131 amac\u0131yla kullan\u0131l\u0131r.<\/p>\n<p data-start=\"217\" data-end=\"530\"><strong data-start=\"217\" data-end=\"232\">\u00d6zellikler:<\/strong><br data-start=\"232\" data-end=\"235\" \/><strong data-start=\"235\" data-end=\"248\">\u00dcr\u00fcn Ad\u0131:<\/strong> Norma Hareketli Ok K\u0131rm\u0131z\u0131 10-110V 20W<br data-start=\"287\" data-end=\"290\" \/><strong data-start=\"290\" data-end=\"305\">Par\u00e7a Kodu:<\/strong> NR161846<br data-start=\"314\" data-end=\"317\" \/><strong data-start=\"317\" data-end=\"329\">Malzeme:<\/strong> Sa\u011flam plastik ve metal g\u00f6vde<br data-start=\"359\" data-end=\"362\" \/><strong data-start=\"362\" data-end=\"381\">Kullan\u0131m Alan\u0131:<\/strong> Forklift ve i\u015f makinesi g\u00fcvenlik ve y\u00f6nlendirme sistemleri<br data-start=\"440\" data-end=\"443\" \/><strong data-start=\"443\" data-end=\"455\">Avantaj:<\/strong> Y\u00fcksek g\u00f6r\u00fcn\u00fcrl\u00fck, hareketli ok fonksiyonu, dayan\u0131kl\u0131 yap\u0131, kolay montaj<\/p>\n<p data-start=\"532\" data-end=\"747\">\n","protected":false},"featured_media":16073,"template":"","meta":[],"product_brand":[],"product_cat":[463],"product_tag":[],"class_list":{"0":"post-13140","1":"product","2":"type-product","3":"status-publish","4":"has-post-thumbnail","6":"product_cat-aydinlatma-grubu","8":"first","9":"instock","10":"taxable","11":"shipping-taxable","12":"purchasable","13":"product-type-simple"},"_links":{"self":[{"href":"https:\/\/ceoparts.com\/tr\/wp-json\/wp\/v2\/product\/13140","targetHints":{"allow":["GET"]}}],"collection":[{"href":"https:\/\/ceoparts.com\/tr\/wp-json\/wp\/v2\/product"}],"about":[{"href":"https:\/\/ceoparts.com\/tr\/wp-json\/wp\/v2\/types\/product"}],"wp:featuredmedia":[{"embeddable":true,"href":"https:\/\/ceoparts.com\/tr\/wp-json\/wp\/v2\/media\/16073"}],"wp:attachment":[{"href":"https:\/\/ceoparts.com\/tr\/wp-json\/wp\/v2\/media?parent=13140"}],"wp:term":[{"taxonomy":"product_brand","embeddable":true,"href":"https:\/\/ceoparts.com\/tr\/wp-json\/wp\/v2\/product_brand?post=13140"},{"taxonomy":"product_cat","embeddable":true,"href":"https:\/\/ceoparts.com\/tr\/wp-json\/wp\/v2\/product_cat?post=13140"},{"taxonomy":"product_tag","embeddable":true,"href":"https:\/\/ceoparts.com\/tr\/wp-json\/wp\/v2\/product_tag?post=13140"}],"curies":[{"name":"wp","href":"https:\/\/api.w.org\/{rel}","templated":true}]}}