{"id":13147,"date":"2025-01-16T12:45:47","date_gmt":"2025-01-16T09:45:47","guid":{"rendered":"https:\/\/ceoparts.com\/?post_type=product&#038;p=13147"},"modified":"2026-05-16T19:53:46","modified_gmt":"2026-05-16T16:53:46","slug":"norma-bluespot-nr160474","status":"publish","type":"product","link":"https:\/\/ceoparts.com\/tr\/urun\/norma-bluespot-nr160474\/","title":{"rendered":"Norma Bluespot 10-80V &#8211; NR160498"},"content":{"rendered":"<p>Norma Bluespot 10-80V &#8211; NR160498<\/p>\n","protected":false},"excerpt":{"rendered":"<p data-start=\"0\" data-end=\"180\"><br data-start=\"5\" data-end=\"8\" \/>Norma Bluespot K\u0131rm\u0131z\u0131 10-80V, forklift ve i\u015f makinelerinde kullan\u0131lan y\u00fcksek g\u00f6r\u00fcn\u00fcrl\u00fckl\u00fc ve dayan\u0131kl\u0131 k\u0131rm\u0131z\u0131 uyar\u0131 \u0131\u015f\u0131\u011f\u0131d\u0131r. \u0130\u015f g\u00fcvenli\u011fini art\u0131rmak i\u00e7in tasarlanm\u0131\u015ft\u0131r.<\/p>\n<p data-start=\"182\" data-end=\"458\"><strong data-start=\"182\" data-end=\"197\">\u00d6zellikler:<\/strong><br data-start=\"197\" data-end=\"200\" \/><strong data-start=\"200\" data-end=\"213\">\u00dcr\u00fcn Ad\u0131:<\/strong> Norma Bluespot K\u0131rm\u0131z\u0131 10-80V<br data-start=\"243\" data-end=\"246\" \/><strong data-start=\"246\" data-end=\"261\">Par\u00e7a Kodu:<\/strong> NR160498<br data-start=\"270\" data-end=\"273\" \/><strong data-start=\"273\" data-end=\"285\">Malzeme:<\/strong> Sa\u011flam plastik ve metal kasa<br data-start=\"314\" data-end=\"317\" \/><strong data-start=\"317\" data-end=\"336\">Kullan\u0131m Alan\u0131:<\/strong> Forklift ve i\u015f makinesi g\u00fcvenlik sistemleri<br data-start=\"380\" data-end=\"383\" \/><strong data-start=\"383\" data-end=\"395\">Avantaj:<\/strong> Y\u00fcksek g\u00f6r\u00fcn\u00fcrl\u00fck, uzun \u00f6m\u00fcr, enerji tasarrufu, kolay montaj<\/p>\n<p data-start=\"460\" data-end=\"627\">\n","protected":false},"featured_media":13150,"template":"","meta":[],"product_brand":[],"product_cat":[463],"product_tag":[],"class_list":{"0":"post-13147","1":"product","2":"type-product","3":"status-publish","4":"has-post-thumbnail","6":"product_cat-aydinlatma-grubu","8":"first","9":"instock","10":"taxable","11":"shipping-taxable","12":"purchasable","13":"product-type-simple"},"_links":{"self":[{"href":"https:\/\/ceoparts.com\/tr\/wp-json\/wp\/v2\/product\/13147","targetHints":{"allow":["GET"]}}],"collection":[{"href":"https:\/\/ceoparts.com\/tr\/wp-json\/wp\/v2\/product"}],"about":[{"href":"https:\/\/ceoparts.com\/tr\/wp-json\/wp\/v2\/types\/product"}],"wp:featuredmedia":[{"embeddable":true,"href":"https:\/\/ceoparts.com\/tr\/wp-json\/wp\/v2\/media\/13150"}],"wp:attachment":[{"href":"https:\/\/ceoparts.com\/tr\/wp-json\/wp\/v2\/media?parent=13147"}],"wp:term":[{"taxonomy":"product_brand","embeddable":true,"href":"https:\/\/ceoparts.com\/tr\/wp-json\/wp\/v2\/product_brand?post=13147"},{"taxonomy":"product_cat","embeddable":true,"href":"https:\/\/ceoparts.com\/tr\/wp-json\/wp\/v2\/product_cat?post=13147"},{"taxonomy":"product_tag","embeddable":true,"href":"https:\/\/ceoparts.com\/tr\/wp-json\/wp\/v2\/product_tag?post=13147"}],"curies":[{"name":"wp","href":"https:\/\/api.w.org\/{rel}","templated":true}]}}