{"id":13152,"date":"2025-01-16T12:57:49","date_gmt":"2025-01-16T09:57:49","guid":{"rendered":"https:\/\/ceoparts.com\/?post_type=product&#038;p=13152"},"modified":"2026-05-16T15:55:26","modified_gmt":"2026-05-16T12:55:26","slug":"norma-redzone-nr160474","status":"publish","type":"product","link":"https:\/\/ceoparts.com\/tr\/urun\/norma-redzone-nr160474\/","title":{"rendered":"Norma Redzone 9-80V &#8211; NR160474"},"content":{"rendered":"<p>Norma Redzone 9-80V &#8211; NR160474<\/p>\n","protected":false},"excerpt":{"rendered":"<p data-start=\"0\" data-end=\"172\">Norma Redzone 9-80V, forklift ve i\u015f makinelerinde kullan\u0131lan dayan\u0131kl\u0131 ve y\u00fcksek g\u00f6r\u00fcn\u00fcrl\u00fckl\u00fc k\u0131rm\u0131z\u0131 uyar\u0131 lambas\u0131d\u0131r. \u0130\u015f g\u00fcvenli\u011fini art\u0131rmak i\u00e7in tasarlanm\u0131\u015ft\u0131r.<\/p>\n<p data-start=\"174\" data-end=\"439\"><strong data-start=\"174\" data-end=\"189\">\u00d6zellikler:<\/strong><br data-start=\"189\" data-end=\"192\" \/><strong data-start=\"192\" data-end=\"205\">\u00dcr\u00fcn Ad\u0131:<\/strong> Norma Redzone 9-80V<br data-start=\"225\" data-end=\"228\" \/><strong data-start=\"228\" data-end=\"243\">Par\u00e7a Kodu:<\/strong> NR160474<br data-start=\"252\" data-end=\"255\" \/><strong data-start=\"255\" data-end=\"267\">Malzeme:<\/strong> Sa\u011flam plastik ve metal g\u00f6vde<br data-start=\"297\" data-end=\"300\" \/><strong data-start=\"300\" data-end=\"319\">Kullan\u0131m Alan\u0131:<\/strong> Forklift ve i\u015f makinesi g\u00fcvenlik sistemleri<br data-start=\"363\" data-end=\"366\" \/><strong data-start=\"366\" data-end=\"378\">Avantaj:<\/strong> Y\u00fcksek g\u00f6r\u00fcn\u00fcrl\u00fck, dayan\u0131kl\u0131 yap\u0131, kolay montaj, uzun \u00f6m\u00fcr<\/p>\n<p data-start=\"441\" data-end=\"608\">\n","protected":false},"featured_media":13154,"template":"","meta":[],"product_brand":[],"product_cat":[463],"product_tag":[],"class_list":{"0":"post-13152","1":"product","2":"type-product","3":"status-publish","4":"has-post-thumbnail","6":"product_cat-aydinlatma-grubu","8":"first","9":"instock","10":"taxable","11":"shipping-taxable","12":"purchasable","13":"product-type-simple"},"_links":{"self":[{"href":"https:\/\/ceoparts.com\/tr\/wp-json\/wp\/v2\/product\/13152","targetHints":{"allow":["GET"]}}],"collection":[{"href":"https:\/\/ceoparts.com\/tr\/wp-json\/wp\/v2\/product"}],"about":[{"href":"https:\/\/ceoparts.com\/tr\/wp-json\/wp\/v2\/types\/product"}],"wp:featuredmedia":[{"embeddable":true,"href":"https:\/\/ceoparts.com\/tr\/wp-json\/wp\/v2\/media\/13154"}],"wp:attachment":[{"href":"https:\/\/ceoparts.com\/tr\/wp-json\/wp\/v2\/media?parent=13152"}],"wp:term":[{"taxonomy":"product_brand","embeddable":true,"href":"https:\/\/ceoparts.com\/tr\/wp-json\/wp\/v2\/product_brand?post=13152"},{"taxonomy":"product_cat","embeddable":true,"href":"https:\/\/ceoparts.com\/tr\/wp-json\/wp\/v2\/product_cat?post=13152"},{"taxonomy":"product_tag","embeddable":true,"href":"https:\/\/ceoparts.com\/tr\/wp-json\/wp\/v2\/product_tag?post=13152"}],"curies":[{"name":"wp","href":"https:\/\/api.w.org\/{rel}","templated":true}]}}