{"id":13158,"date":"2025-01-16T13:02:16","date_gmt":"2025-01-16T10:02:16","guid":{"rendered":"https:\/\/ceoparts.com\/?post_type=product&#038;p=13158"},"modified":"2026-05-16T17:06:16","modified_gmt":"2026-05-16T14:06:16","slug":"norma-yuvarlak-sari-3-fonks-calisma-lambasi-nr161853","status":"publish","type":"product","link":"https:\/\/ceoparts.com\/tr\/urun\/norma-yuvarlak-sari-3-fonks-calisma-lambasi-nr161853\/","title":{"rendered":"Norma Yuvarlak Sar\u0131 3 Fonks \u00c7al\u0131\u015fma Lambas\u0131 9-35V 24W &#8211; NR161853"},"content":{"rendered":"<p>Norma Yuvarlak Sar\u0131 3 Fonks \u00c7al\u0131\u015fma Lambas\u0131 9-35V 24W &#8211; NR161853<\/p>","protected":false},"excerpt":{"rendered":"<p data-start=\"0\" data-end=\"248\"><br data-start=\"5\" data-end=\"8\" \/>Norma Yuvarlak Sar\u0131 3 Fonksiyonlu \u00c7al\u0131\u015fma Lambas\u0131 9-35V 24W, forklift ve i\u015f makinelerinde kullan\u0131lan \u00e7ok fonksiyonlu dayan\u0131kl\u0131 sar\u0131 \u00e7al\u0131\u015fma lambas\u0131d\u0131r. 3 farkl\u0131 fonksiyonuyla g\u00fcvenli \u00e7al\u0131\u015fma sa\u011flar ve 24 Watt g\u00fcc\u00fcyle g\u00fc\u00e7l\u00fc ayd\u0131nlatma sunar.<\/p>\n<p data-start=\"250\" data-end=\"580\"><strong data-start=\"250\" data-end=\"265\">\u00d6zellikler:<\/strong><br data-start=\"265\" data-end=\"268\" \/><strong data-start=\"268\" data-end=\"281\">\u00dcr\u00fcn Ad\u0131:<\/strong> Norma Yuvarlak Sar\u0131 3 Fonksiyonlu \u00c7al\u0131\u015fma Lambas\u0131 9-35V 24W<br data-start=\"341\" data-end=\"344\" \/><strong data-start=\"344\" data-end=\"359\">Par\u00e7a Kodu:<\/strong> NR161853<br data-start=\"368\" data-end=\"371\" \/><strong data-start=\"371\" data-end=\"383\">Malzeme:<\/strong> Sa\u011flam plastik ve al\u00fcminyum g\u00f6vde<br data-start=\"417\" data-end=\"420\" \/><strong data-start=\"420\" data-end=\"439\">Kullan\u0131m Alan\u0131:<\/strong> Forklift ve i\u015f makineleri \u00e7al\u0131\u015fma ayd\u0131nlatmas\u0131<br data-start=\"486\" data-end=\"489\" \/><strong data-start=\"489\" data-end=\"501\">Avantaj:<\/strong> \u00c7ok fonksiyonlu kullan\u0131m, y\u00fcksek parlakl\u0131k, dayan\u0131kl\u0131 yap\u0131, enerji tasarrufu<\/p>\n<p data-start=\"582\" data-end=\"827\">\n","protected":false},"featured_media":13159,"template":"","meta":[],"product_brand":[],"product_cat":[463],"product_tag":[],"class_list":{"0":"post-13158","1":"product","2":"type-product","3":"status-publish","4":"has-post-thumbnail","6":"product_cat-aydinlatma-grubu","8":"first","9":"instock","10":"taxable","11":"shipping-taxable","12":"purchasable","13":"product-type-simple"},"_links":{"self":[{"href":"https:\/\/ceoparts.com\/tr\/wp-json\/wp\/v2\/product\/13158","targetHints":{"allow":["GET"]}}],"collection":[{"href":"https:\/\/ceoparts.com\/tr\/wp-json\/wp\/v2\/product"}],"about":[{"href":"https:\/\/ceoparts.com\/tr\/wp-json\/wp\/v2\/types\/product"}],"wp:featuredmedia":[{"embeddable":true,"href":"https:\/\/ceoparts.com\/tr\/wp-json\/wp\/v2\/media\/13159"}],"wp:attachment":[{"href":"https:\/\/ceoparts.com\/tr\/wp-json\/wp\/v2\/media?parent=13158"}],"wp:term":[{"taxonomy":"product_brand","embeddable":true,"href":"https:\/\/ceoparts.com\/tr\/wp-json\/wp\/v2\/product_brand?post=13158"},{"taxonomy":"product_cat","embeddable":true,"href":"https:\/\/ceoparts.com\/tr\/wp-json\/wp\/v2\/product_cat?post=13158"},{"taxonomy":"product_tag","embeddable":true,"href":"https:\/\/ceoparts.com\/tr\/wp-json\/wp\/v2\/product_tag?post=13158"}],"curies":[{"name":"wp","href":"https:\/\/api.w.org\/{rel}","templated":true}]}}