{"id":13163,"date":"2025-01-16T13:21:45","date_gmt":"2025-01-16T10:21:45","guid":{"rendered":"https:\/\/ceoparts.com\/?post_type=product&#038;p=13163"},"modified":"2026-05-16T18:11:16","modified_gmt":"2026-05-16T15:11:16","slug":"norma-kare-lamba-27-w-9-led-kalin-nr160450","status":"publish","type":"product","link":"https:\/\/ceoparts.com\/tr\/urun\/norma-kare-lamba-27-w-9-led-kalin-nr160450\/","title":{"rendered":"Norma Kare Lamba 27 W 9 Led Kal\u0131n &#8211; NR160450"},"content":{"rendered":"<p>Norma Kare Lamba 27 W 9 Led Kal\u0131n &#8211; NR160450<\/p>","protected":false},"excerpt":{"rendered":"<p data-start=\"0\" data-end=\"230\"><br data-start=\"5\" data-end=\"8\" \/>Norma Kare Lamba 27W 9 Led Kal\u0131n, forklift ve i\u015f makinelerinde kullan\u0131lan dayan\u0131kl\u0131 ve y\u00fcksek performansl\u0131 kare LED lambad\u0131r. 27 Watt g\u00fcc\u00fc ve 9 LED ile g\u00fc\u00e7l\u00fc ayd\u0131nlatma sa\u011flar, kal\u0131n yap\u0131s\u0131 sayesinde sa\u011flam kullan\u0131m sunar.<\/p>\n<p data-start=\"232\" data-end=\"519\"><strong data-start=\"232\" data-end=\"247\">\u00d6zellikler:<\/strong><br data-start=\"247\" data-end=\"250\" \/><strong data-start=\"250\" data-end=\"263\">\u00dcr\u00fcn Ad\u0131:<\/strong> Norma Kare Lamba 27W 9 Led Kal\u0131n<br data-start=\"296\" data-end=\"299\" \/><strong data-start=\"299\" data-end=\"314\">Par\u00e7a Kodu:<\/strong> NR160450<br data-start=\"323\" data-end=\"326\" \/><strong data-start=\"326\" data-end=\"338\">Malzeme:<\/strong> Sa\u011flam plastik ve al\u00fcminyum g\u00f6vde<br data-start=\"372\" data-end=\"375\" \/><strong data-start=\"375\" data-end=\"394\">Kullan\u0131m Alan\u0131:<\/strong> Forklift ve i\u015f makinesi ayd\u0131nlatma sistemleri<br data-start=\"440\" data-end=\"443\" \/><strong data-start=\"443\" data-end=\"455\">Avantaj:<\/strong> Y\u00fcksek parlakl\u0131k, dayan\u0131kl\u0131 yap\u0131, enerji tasarrufu, uzun \u00f6m\u00fcr<\/p>\n<p data-start=\"521\" data-end=\"757\">\n","protected":false},"featured_media":13164,"template":"","meta":[],"product_brand":[],"product_cat":[463],"product_tag":[],"class_list":{"0":"post-13163","1":"product","2":"type-product","3":"status-publish","4":"has-post-thumbnail","6":"product_cat-aydinlatma-grubu","8":"first","9":"instock","10":"taxable","11":"shipping-taxable","12":"purchasable","13":"product-type-simple"},"_links":{"self":[{"href":"https:\/\/ceoparts.com\/tr\/wp-json\/wp\/v2\/product\/13163","targetHints":{"allow":["GET"]}}],"collection":[{"href":"https:\/\/ceoparts.com\/tr\/wp-json\/wp\/v2\/product"}],"about":[{"href":"https:\/\/ceoparts.com\/tr\/wp-json\/wp\/v2\/types\/product"}],"wp:featuredmedia":[{"embeddable":true,"href":"https:\/\/ceoparts.com\/tr\/wp-json\/wp\/v2\/media\/13164"}],"wp:attachment":[{"href":"https:\/\/ceoparts.com\/tr\/wp-json\/wp\/v2\/media?parent=13163"}],"wp:term":[{"taxonomy":"product_brand","embeddable":true,"href":"https:\/\/ceoparts.com\/tr\/wp-json\/wp\/v2\/product_brand?post=13163"},{"taxonomy":"product_cat","embeddable":true,"href":"https:\/\/ceoparts.com\/tr\/wp-json\/wp\/v2\/product_cat?post=13163"},{"taxonomy":"product_tag","embeddable":true,"href":"https:\/\/ceoparts.com\/tr\/wp-json\/wp\/v2\/product_tag?post=13163"}],"curies":[{"name":"wp","href":"https:\/\/api.w.org\/{rel}","templated":true}]}}