{"id":13168,"date":"2025-01-16T13:50:55","date_gmt":"2025-01-16T10:50:55","guid":{"rendered":"https:\/\/ceoparts.com\/?post_type=product&#038;p=13168"},"modified":"2026-05-16T19:25:52","modified_gmt":"2026-05-16T16:25:52","slug":"calisma-lambasi-9-led-yuvarlak-gun-isigi-disi-beyaz-crb-301-05-05","status":"publish","type":"product","link":"https:\/\/ceoparts.com\/tr\/urun\/calisma-lambasi-9-led-yuvarlak-gun-isigi-disi-beyaz-crb-301-05-05\/","title":{"rendered":"\u00c7al\u0131\u015fma Lambas\u0131 Yuvarlak G\u00fcn I\u015f\u0131\u011f\u0131 9 Led 27W 9-80V &#8211; CRB-301 05 05"},"content":{"rendered":"<p>\u00c7al\u0131\u015fma Lambas\u0131 Yuvarlak G\u00fcn I\u015f\u0131\u011f\u0131 9 Led 27W 9-80V &#8211; CRB-301 05 05<\/p>","protected":false},"excerpt":{"rendered":"<p data-start=\"0\" data-end=\"267\"><br data-start=\"5\" data-end=\"8\" \/>\u00c7al\u0131\u015fma Lambas\u0131 Yuvarlak G\u00fcn I\u015f\u0131\u011f\u0131 9 Led 27W 9-80V, forklift ve i\u015f makinelerinde kullan\u0131lan dayan\u0131kl\u0131 ve enerji tasarruflu bir \u00e7al\u0131\u015fma lambas\u0131d\u0131r. 9 LED ile g\u00fc\u00e7l\u00fc g\u00fcn \u0131\u015f\u0131\u011f\u0131 ayd\u0131nlatmas\u0131 sa\u011flar ve geni\u015f voltaj aral\u0131\u011f\u0131 sayesinde farkl\u0131 ara\u00e7larda kullan\u0131labilir.<\/p>\n<p data-start=\"269\" data-end=\"591\"><strong data-start=\"269\" data-end=\"284\">\u00d6zellikler:<\/strong><br data-start=\"284\" data-end=\"287\" \/><strong data-start=\"287\" data-end=\"300\">\u00dcr\u00fcn Ad\u0131:<\/strong> \u00c7al\u0131\u015fma Lambas\u0131 Yuvarlak G\u00fcn I\u015f\u0131\u011f\u0131 9 Led 27W 9-80V<br data-start=\"351\" data-end=\"354\" \/><strong data-start=\"354\" data-end=\"369\">Par\u00e7a Kodu:<\/strong> CRB-301 05 05<br data-start=\"383\" data-end=\"386\" \/><strong data-start=\"386\" data-end=\"398\">Malzeme:<\/strong> Sa\u011flam plastik ve al\u00fcminyum kasa<br data-start=\"431\" data-end=\"434\" \/><strong data-start=\"434\" data-end=\"453\">Kullan\u0131m Alan\u0131:<\/strong> Forklift ve i\u015f makineleri \u00e7al\u0131\u015fma ayd\u0131nlatmas\u0131<br data-start=\"500\" data-end=\"503\" \/><strong data-start=\"503\" data-end=\"515\">Avantaj:<\/strong> Y\u00fcksek verimli LED\u2019ler, geni\u015f voltaj aral\u0131\u011f\u0131, uzun \u00f6m\u00fcr, enerji tasarrufu<\/p>\n<p data-start=\"593\" data-end=\"856\">\n","protected":false},"featured_media":13170,"template":"","meta":[],"product_brand":[],"product_cat":[463],"product_tag":[],"class_list":{"0":"post-13168","1":"product","2":"type-product","3":"status-publish","4":"has-post-thumbnail","6":"product_cat-aydinlatma-grubu","8":"first","9":"instock","10":"taxable","11":"shipping-taxable","12":"purchasable","13":"product-type-simple"},"_links":{"self":[{"href":"https:\/\/ceoparts.com\/tr\/wp-json\/wp\/v2\/product\/13168","targetHints":{"allow":["GET"]}}],"collection":[{"href":"https:\/\/ceoparts.com\/tr\/wp-json\/wp\/v2\/product"}],"about":[{"href":"https:\/\/ceoparts.com\/tr\/wp-json\/wp\/v2\/types\/product"}],"wp:featuredmedia":[{"embeddable":true,"href":"https:\/\/ceoparts.com\/tr\/wp-json\/wp\/v2\/media\/13170"}],"wp:attachment":[{"href":"https:\/\/ceoparts.com\/tr\/wp-json\/wp\/v2\/media?parent=13168"}],"wp:term":[{"taxonomy":"product_brand","embeddable":true,"href":"https:\/\/ceoparts.com\/tr\/wp-json\/wp\/v2\/product_brand?post=13168"},{"taxonomy":"product_cat","embeddable":true,"href":"https:\/\/ceoparts.com\/tr\/wp-json\/wp\/v2\/product_cat?post=13168"},{"taxonomy":"product_tag","embeddable":true,"href":"https:\/\/ceoparts.com\/tr\/wp-json\/wp\/v2\/product_tag?post=13168"}],"curies":[{"name":"wp","href":"https:\/\/api.w.org\/{rel}","templated":true}]}}