{"id":13173,"date":"2025-01-16T13:56:27","date_gmt":"2025-01-16T10:56:27","guid":{"rendered":"https:\/\/ceoparts.com\/?post_type=product&#038;p=13173"},"modified":"2026-05-16T20:33:49","modified_gmt":"2026-05-16T17:33:49","slug":"norma-led-bar-sari-lamba-72w-24led-13-cm-nr161518y","status":"publish","type":"product","link":"https:\/\/ceoparts.com\/tr\/urun\/norma-led-bar-sari-lamba-72w-24led-13-cm-nr161518y\/","title":{"rendered":"Norma Led Bar Sar\u0131 Lamba 72W 24Led 13 cm &#8211; NR161518Y"},"content":{"rendered":"<p>Norma Led Bar Sar\u0131 Lamba 72W 24Led 13 cm &#8211; NR161518Y<\/p>","protected":false},"excerpt":{"rendered":"<p data-start=\"0\" data-end=\"231\">Norma Led Bar Sar\u0131 Lamba 72W 24Led 13 cm, forklift ve i\u015f makinelerinde kullan\u0131lan g\u00fc\u00e7l\u00fc ve dayan\u0131kl\u0131 bir sar\u0131 LED \u0131\u015f\u0131k bar\u0131d\u0131r. 24 LED ile y\u00fcksek parlakl\u0131k sa\u011flar ve 13 cm boyutu ile dar alanlarda kolay montaj imkan\u0131 sunar.<\/p>\n<p data-start=\"233\" data-end=\"529\"><strong data-start=\"233\" data-end=\"248\">\u00d6zellikler:<\/strong><br data-start=\"248\" data-end=\"251\" \/><strong data-start=\"251\" data-end=\"264\">\u00dcr\u00fcn Ad\u0131:<\/strong> Norma Led Bar Sar\u0131 Lamba 72W 24Led 13 cm<br data-start=\"305\" data-end=\"308\" \/><strong data-start=\"308\" data-end=\"323\">Par\u00e7a Kodu:<\/strong> NR161518Y<br data-start=\"333\" data-end=\"336\" \/><strong data-start=\"336\" data-end=\"348\">Malzeme:<\/strong> Sa\u011flam plastik ve al\u00fcminyum kasa<br data-start=\"381\" data-end=\"384\" \/><strong data-start=\"384\" data-end=\"403\">Kullan\u0131m Alan\u0131:<\/strong> Forklift ve i\u015f makinesi ayd\u0131nlatma sistemleri<br data-start=\"449\" data-end=\"452\" \/><strong data-start=\"452\" data-end=\"464\">Avantaj:<\/strong> Y\u00fcksek parlakl\u0131k, enerji tasarrufu, uzun \u00f6m\u00fcr, kompakt tasar\u0131m<\/p>\n<p data-start=\"531\" data-end=\"781\">\n","protected":false},"featured_media":13174,"template":"","meta":[],"product_brand":[],"product_cat":[463],"product_tag":[],"class_list":{"0":"post-13173","1":"product","2":"type-product","3":"status-publish","4":"has-post-thumbnail","6":"product_cat-aydinlatma-grubu","8":"first","9":"instock","10":"taxable","11":"shipping-taxable","12":"purchasable","13":"product-type-simple"},"_links":{"self":[{"href":"https:\/\/ceoparts.com\/tr\/wp-json\/wp\/v2\/product\/13173","targetHints":{"allow":["GET"]}}],"collection":[{"href":"https:\/\/ceoparts.com\/tr\/wp-json\/wp\/v2\/product"}],"about":[{"href":"https:\/\/ceoparts.com\/tr\/wp-json\/wp\/v2\/types\/product"}],"wp:featuredmedia":[{"embeddable":true,"href":"https:\/\/ceoparts.com\/tr\/wp-json\/wp\/v2\/media\/13174"}],"wp:attachment":[{"href":"https:\/\/ceoparts.com\/tr\/wp-json\/wp\/v2\/media?parent=13173"}],"wp:term":[{"taxonomy":"product_brand","embeddable":true,"href":"https:\/\/ceoparts.com\/tr\/wp-json\/wp\/v2\/product_brand?post=13173"},{"taxonomy":"product_cat","embeddable":true,"href":"https:\/\/ceoparts.com\/tr\/wp-json\/wp\/v2\/product_cat?post=13173"},{"taxonomy":"product_tag","embeddable":true,"href":"https:\/\/ceoparts.com\/tr\/wp-json\/wp\/v2\/product_tag?post=13173"}],"curies":[{"name":"wp","href":"https:\/\/api.w.org\/{rel}","templated":true}]}}