{"id":13179,"date":"2025-01-16T14:09:12","date_gmt":"2025-01-16T11:09:12","guid":{"rendered":"https:\/\/ceoparts.com\/?post_type=product&#038;p=13179"},"modified":"2026-05-16T21:46:16","modified_gmt":"2026-05-16T18:46:16","slug":"norma-bluespot-kirmizi-nr161822","status":"publish","type":"product","link":"https:\/\/ceoparts.com\/tr\/urun\/norma-bluespot-kirmizi-nr161822\/","title":{"rendered":"Norma Forklift K\u0131rm\u0131z\u0131 Renk Nokta Led 10-80V 20W &#8211; NR161822"},"content":{"rendered":"<p>Norma Forklift K\u0131rm\u0131z\u0131 Renk Nokta Led 10-80V 20W &#8211; NR161822<\/p>","protected":false},"excerpt":{"rendered":"<p data-start=\"0\" data-end=\"193\"><br data-start=\"5\" data-end=\"8\" \/>Norma Bluespot K\u0131rm\u0131z\u0131 10-80V 20W, forklift ve i\u015f makinelerinde kullan\u0131lan dayan\u0131kl\u0131 ve y\u00fcksek g\u00f6r\u00fcn\u00fcrl\u00fckl\u00fc k\u0131rm\u0131z\u0131 nokta \u0131\u015f\u0131\u011f\u0131d\u0131r. \u00c7al\u0131\u015fma alan\u0131nda uyar\u0131 ve g\u00fcvenlik ama\u00e7l\u0131 kullan\u0131l\u0131r.<\/p>\n<p data-start=\"195\" data-end=\"470\"><strong data-start=\"195\" data-end=\"210\">\u00d6zellikler:<\/strong><br data-start=\"210\" data-end=\"213\" \/><strong data-start=\"213\" data-end=\"226\">\u00dcr\u00fcn Ad\u0131:<\/strong> Norma Bluespot K\u0131rm\u0131z\u0131 10-80V 20W<br data-start=\"260\" data-end=\"263\" \/><strong data-start=\"263\" data-end=\"278\">Par\u00e7a Kodu:<\/strong> NR161822<br data-start=\"287\" data-end=\"290\" \/><strong data-start=\"290\" data-end=\"302\">Malzeme:<\/strong> Sa\u011flam plastik ve metal<br data-start=\"326\" data-end=\"329\" \/><strong data-start=\"329\" data-end=\"348\">Kullan\u0131m Alan\u0131:<\/strong> Forklift ve i\u015f makinesi g\u00fcvenlik sistemleri<br data-start=\"392\" data-end=\"395\" \/><strong data-start=\"395\" data-end=\"407\">Avantaj:<\/strong> Y\u00fcksek g\u00f6r\u00fcn\u00fcrl\u00fck, enerji tasarrufu, uzun \u00f6m\u00fcr, kolay montaj<\/p>\n<p data-start=\"472\" data-end=\"654\">\n","protected":false},"featured_media":13181,"template":"","meta":[],"product_brand":[],"product_cat":[463],"product_tag":[],"class_list":{"0":"post-13179","1":"product","2":"type-product","3":"status-publish","4":"has-post-thumbnail","6":"product_cat-aydinlatma-grubu","8":"first","9":"instock","10":"taxable","11":"shipping-taxable","12":"purchasable","13":"product-type-simple"},"_links":{"self":[{"href":"https:\/\/ceoparts.com\/tr\/wp-json\/wp\/v2\/product\/13179","targetHints":{"allow":["GET"]}}],"collection":[{"href":"https:\/\/ceoparts.com\/tr\/wp-json\/wp\/v2\/product"}],"about":[{"href":"https:\/\/ceoparts.com\/tr\/wp-json\/wp\/v2\/types\/product"}],"wp:featuredmedia":[{"embeddable":true,"href":"https:\/\/ceoparts.com\/tr\/wp-json\/wp\/v2\/media\/13181"}],"wp:attachment":[{"href":"https:\/\/ceoparts.com\/tr\/wp-json\/wp\/v2\/media?parent=13179"}],"wp:term":[{"taxonomy":"product_brand","embeddable":true,"href":"https:\/\/ceoparts.com\/tr\/wp-json\/wp\/v2\/product_brand?post=13179"},{"taxonomy":"product_cat","embeddable":true,"href":"https:\/\/ceoparts.com\/tr\/wp-json\/wp\/v2\/product_cat?post=13179"},{"taxonomy":"product_tag","embeddable":true,"href":"https:\/\/ceoparts.com\/tr\/wp-json\/wp\/v2\/product_tag?post=13179"}],"curies":[{"name":"wp","href":"https:\/\/api.w.org\/{rel}","templated":true}]}}