{"id":13184,"date":"2025-01-16T14:29:40","date_gmt":"2025-01-16T11:29:40","guid":{"rendered":"https:\/\/ceoparts.com\/?post_type=product&#038;p=13184"},"modified":"2026-05-16T22:12:20","modified_gmt":"2026-05-16T19:12:20","slug":"cakarli-yuvarlak-led-far-72w-12-24v-202114","status":"publish","type":"product","link":"https:\/\/ceoparts.com\/tr\/urun\/cakarli-yuvarlak-led-far-72w-12-24v-202114\/","title":{"rendered":"\u00c7akarl\u0131 Yuvarlak Led Far 72W 12-24V &#8211; 202114"},"content":{"rendered":"<p>\u00c7akarl\u0131 Yuvarlak Led Far 72W 12-24V &#8211; 202114<\/p>","protected":false},"excerpt":{"rendered":"<p data-start=\"0\" data-end=\"239\"><br data-start=\"5\" data-end=\"8\" \/>\u00c7akarl\u0131 Yuvarlak Led Far 72W 12-24V, forklift ve i\u015f makinelerinde kullan\u0131lan y\u00fcksek performansl\u0131 ve enerji tasarruflu bir LED far modelidir. 72 Watt g\u00fc\u00e7le g\u00fc\u00e7l\u00fc ayd\u0131nlatma sa\u011flar ve \u00e7akar fonksiyonu ile \u00e7al\u0131\u015fma g\u00fcvenli\u011fini art\u0131r\u0131r.<\/p>\n<p data-start=\"241\" data-end=\"531\"><strong data-start=\"241\" data-end=\"256\">\u00d6zellikler:<\/strong><br data-start=\"256\" data-end=\"259\" \/><strong data-start=\"259\" data-end=\"272\">\u00dcr\u00fcn Ad\u0131:<\/strong> \u00c7akarl\u0131 Yuvarlak Led Far 72W 12-24V<br data-start=\"308\" data-end=\"311\" \/><strong data-start=\"311\" data-end=\"326\">Par\u00e7a Kodu:<\/strong> 202114<br data-start=\"333\" data-end=\"336\" \/><strong data-start=\"336\" data-end=\"348\">Malzeme:<\/strong> Sa\u011flam plastik ve al\u00fcminyum g\u00f6vde<br data-start=\"382\" data-end=\"385\" \/><strong data-start=\"385\" data-end=\"404\">Kullan\u0131m Alan\u0131:<\/strong> Forklift ve i\u015f makinesi ayd\u0131nlatma sistemleri<br data-start=\"450\" data-end=\"453\" \/><strong data-start=\"453\" data-end=\"465\">Avantaj:<\/strong> Y\u00fcksek parlakl\u0131k, enerji tasarrufu, uzun \u00f6m\u00fcr, \u00e7akar fonksiyonu<\/p>\n<p data-start=\"533\" data-end=\"782\">\n","protected":false},"featured_media":13186,"template":"","meta":[],"product_brand":[],"product_cat":[463],"product_tag":[],"class_list":{"0":"post-13184","1":"product","2":"type-product","3":"status-publish","4":"has-post-thumbnail","6":"product_cat-aydinlatma-grubu","8":"first","9":"instock","10":"taxable","11":"shipping-taxable","12":"purchasable","13":"product-type-simple"},"_links":{"self":[{"href":"https:\/\/ceoparts.com\/tr\/wp-json\/wp\/v2\/product\/13184","targetHints":{"allow":["GET"]}}],"collection":[{"href":"https:\/\/ceoparts.com\/tr\/wp-json\/wp\/v2\/product"}],"about":[{"href":"https:\/\/ceoparts.com\/tr\/wp-json\/wp\/v2\/types\/product"}],"wp:featuredmedia":[{"embeddable":true,"href":"https:\/\/ceoparts.com\/tr\/wp-json\/wp\/v2\/media\/13186"}],"wp:attachment":[{"href":"https:\/\/ceoparts.com\/tr\/wp-json\/wp\/v2\/media?parent=13184"}],"wp:term":[{"taxonomy":"product_brand","embeddable":true,"href":"https:\/\/ceoparts.com\/tr\/wp-json\/wp\/v2\/product_brand?post=13184"},{"taxonomy":"product_cat","embeddable":true,"href":"https:\/\/ceoparts.com\/tr\/wp-json\/wp\/v2\/product_cat?post=13184"},{"taxonomy":"product_tag","embeddable":true,"href":"https:\/\/ceoparts.com\/tr\/wp-json\/wp\/v2\/product_tag?post=13184"}],"curies":[{"name":"wp","href":"https:\/\/api.w.org\/{rel}","templated":true}]}}