{"id":13190,"date":"2025-01-16T14:41:16","date_gmt":"2025-01-16T11:41:16","guid":{"rendered":"https:\/\/ceoparts.com\/?post_type=product&#038;p=13190"},"modified":"2026-05-16T21:02:49","modified_gmt":"2026-05-16T18:02:49","slug":"cakarli-yuvarlak-led-far-202118","status":"publish","type":"product","link":"https:\/\/ceoparts.com\/tr\/urun\/cakarli-yuvarlak-led-far-202118\/","title":{"rendered":"\u00c7akarl\u0131 Yuvarlak Led Far 10-80V &#8211; 202118"},"content":{"rendered":"<p>\u00c7akarl\u0131 Yuvarlak Led Far 10-80V &#8211; 202118<\/p>","protected":false},"excerpt":{"rendered":"<p data-start=\"0\" data-end=\"217\"><br data-start=\"5\" data-end=\"8\" \/>\u00c7akarl\u0131 Yuvarlak Led Far 10-80V, forklift ve i\u015f makinelerinde kullan\u0131lan dayan\u0131kl\u0131 ve y\u00fcksek performansl\u0131 bir LED far modelidir. Geni\u015f ayd\u0131nlatma alan\u0131 ve \u00e7akar \u0131\u015f\u0131k fonksiyonu ile \u00e7al\u0131\u015fma g\u00fcvenli\u011fini art\u0131r\u0131r.<\/p>\n<p data-start=\"219\" data-end=\"512\"><strong data-start=\"219\" data-end=\"234\">\u00d6zellikler:<\/strong><br data-start=\"234\" data-end=\"237\" \/><strong data-start=\"237\" data-end=\"250\">\u00dcr\u00fcn Ad\u0131:<\/strong> \u00c7akarl\u0131 Yuvarlak Led Far 10-80V<br data-start=\"282\" data-end=\"285\" \/><strong data-start=\"285\" data-end=\"300\">Par\u00e7a Kodu:<\/strong> 202118<br data-start=\"307\" data-end=\"310\" \/><strong data-start=\"310\" data-end=\"322\">Malzeme:<\/strong> Sa\u011flam plastik ve al\u00fcminyum g\u00f6vde<br data-start=\"356\" data-end=\"359\" \/><strong data-start=\"359\" data-end=\"378\">Kullan\u0131m Alan\u0131:<\/strong> Forklift ve i\u015f makinesi ayd\u0131nlatma sistemleri<br data-start=\"424\" data-end=\"427\" \/><strong data-start=\"427\" data-end=\"439\">Avantaj:<\/strong> Y\u00fcksek \u0131\u015f\u0131k performans\u0131, enerji tasarrufu, uzun \u00f6m\u00fcr, \u00e7akar fonksiyonu<\/p>\n<p data-start=\"514\" data-end=\"734\">\n","protected":false},"featured_media":13191,"template":"","meta":[],"product_brand":[],"product_cat":[463],"product_tag":[],"class_list":{"0":"post-13190","1":"product","2":"type-product","3":"status-publish","4":"has-post-thumbnail","6":"product_cat-aydinlatma-grubu","8":"first","9":"instock","10":"taxable","11":"shipping-taxable","12":"purchasable","13":"product-type-simple"},"_links":{"self":[{"href":"https:\/\/ceoparts.com\/tr\/wp-json\/wp\/v2\/product\/13190","targetHints":{"allow":["GET"]}}],"collection":[{"href":"https:\/\/ceoparts.com\/tr\/wp-json\/wp\/v2\/product"}],"about":[{"href":"https:\/\/ceoparts.com\/tr\/wp-json\/wp\/v2\/types\/product"}],"wp:featuredmedia":[{"embeddable":true,"href":"https:\/\/ceoparts.com\/tr\/wp-json\/wp\/v2\/media\/13191"}],"wp:attachment":[{"href":"https:\/\/ceoparts.com\/tr\/wp-json\/wp\/v2\/media?parent=13190"}],"wp:term":[{"taxonomy":"product_brand","embeddable":true,"href":"https:\/\/ceoparts.com\/tr\/wp-json\/wp\/v2\/product_brand?post=13190"},{"taxonomy":"product_cat","embeddable":true,"href":"https:\/\/ceoparts.com\/tr\/wp-json\/wp\/v2\/product_cat?post=13190"},{"taxonomy":"product_tag","embeddable":true,"href":"https:\/\/ceoparts.com\/tr\/wp-json\/wp\/v2\/product_tag?post=13190"}],"curies":[{"name":"wp","href":"https:\/\/api.w.org\/{rel}","templated":true}]}}