{"id":13200,"date":"2025-01-16T14:50:23","date_gmt":"2025-01-16T11:50:23","guid":{"rendered":"https:\/\/ceoparts.com\/?post_type=product&#038;p=13200"},"modified":"2026-05-16T20:20:46","modified_gmt":"2026-05-16T17:20:46","slug":"cakarli-yuvarlak-led-far-202117","status":"publish","type":"product","link":"https:\/\/ceoparts.com\/tr\/urun\/cakarli-yuvarlak-led-far-202117\/","title":{"rendered":"\u00c7akarl\u0131 Yuvarlak Led Far 10-80V &#8211; 202117"},"content":{"rendered":"<p>\u00c7akarl\u0131 Yuvarlak Led Far 10-80V &#8211; 202117<\/p>","protected":false},"excerpt":{"rendered":"<p data-start=\"0\" data-end=\"222\"><br data-start=\"5\" data-end=\"8\" \/>\u00c7akarl\u0131 Yuvarlak Led Far 10-80V, forklift ve i\u015f makinelerinde kullan\u0131lan dayan\u0131kl\u0131 ve enerji tasarruflu bir yuvarlak LED far modelidir. Geni\u015f ayd\u0131nlatma alan\u0131 ve \u00e7akar \u0131\u015f\u0131k \u00f6zelli\u011fi ile \u00e7al\u0131\u015fma g\u00fcvenli\u011fini art\u0131r\u0131r.<\/p>\n<p data-start=\"224\" data-end=\"517\"><strong data-start=\"224\" data-end=\"239\">\u00d6zellikler:<\/strong><br data-start=\"239\" data-end=\"242\" \/><strong data-start=\"242\" data-end=\"255\">\u00dcr\u00fcn Ad\u0131:<\/strong> \u00c7akarl\u0131 Yuvarlak Led Far 10-80V<br data-start=\"287\" data-end=\"290\" \/><strong data-start=\"290\" data-end=\"305\">Par\u00e7a Kodu:<\/strong> 202117<br data-start=\"312\" data-end=\"315\" \/><strong data-start=\"315\" data-end=\"327\">Malzeme:<\/strong> Sa\u011flam plastik ve al\u00fcminyum g\u00f6vde<br data-start=\"361\" data-end=\"364\" \/><strong data-start=\"364\" data-end=\"383\">Kullan\u0131m Alan\u0131:<\/strong> Forklift ve i\u015f makinesi ayd\u0131nlatma sistemleri<br data-start=\"429\" data-end=\"432\" \/><strong data-start=\"432\" data-end=\"444\">Avantaj:<\/strong> Y\u00fcksek \u0131\u015f\u0131k performans\u0131, enerji tasarrufu, uzun \u00f6m\u00fcr, \u00e7akar fonksiyonu<\/p>\n<p data-start=\"519\" data-end=\"745\">\n","protected":false},"featured_media":13201,"template":"","meta":[],"product_brand":[],"product_cat":[463],"product_tag":[],"class_list":{"0":"post-13200","1":"product","2":"type-product","3":"status-publish","4":"has-post-thumbnail","6":"product_cat-aydinlatma-grubu","8":"first","9":"instock","10":"taxable","11":"shipping-taxable","12":"purchasable","13":"product-type-simple"},"_links":{"self":[{"href":"https:\/\/ceoparts.com\/tr\/wp-json\/wp\/v2\/product\/13200","targetHints":{"allow":["GET"]}}],"collection":[{"href":"https:\/\/ceoparts.com\/tr\/wp-json\/wp\/v2\/product"}],"about":[{"href":"https:\/\/ceoparts.com\/tr\/wp-json\/wp\/v2\/types\/product"}],"wp:featuredmedia":[{"embeddable":true,"href":"https:\/\/ceoparts.com\/tr\/wp-json\/wp\/v2\/media\/13201"}],"wp:attachment":[{"href":"https:\/\/ceoparts.com\/tr\/wp-json\/wp\/v2\/media?parent=13200"}],"wp:term":[{"taxonomy":"product_brand","embeddable":true,"href":"https:\/\/ceoparts.com\/tr\/wp-json\/wp\/v2\/product_brand?post=13200"},{"taxonomy":"product_cat","embeddable":true,"href":"https:\/\/ceoparts.com\/tr\/wp-json\/wp\/v2\/product_cat?post=13200"},{"taxonomy":"product_tag","embeddable":true,"href":"https:\/\/ceoparts.com\/tr\/wp-json\/wp\/v2\/product_tag?post=13200"}],"curies":[{"name":"wp","href":"https:\/\/api.w.org\/{rel}","templated":true}]}}