{"id":13205,"date":"2025-01-16T15:12:39","date_gmt":"2025-01-16T12:12:39","guid":{"rendered":"https:\/\/ceoparts.com\/?post_type=product&#038;p=13205"},"modified":"2026-05-16T14:16:06","modified_gmt":"2026-05-16T11:16:06","slug":"cakarli-kare-far-18-led-202104","status":"publish","type":"product","link":"https:\/\/ceoparts.com\/tr\/urun\/cakarli-kare-far-18-led-202104\/","title":{"rendered":"\u00c7akarl\u0131 Kare Far 18 Led 10-80V &#8211; 202104"},"content":{"rendered":"<p>\u00c7akarl\u0131 Kare Far 18 Led 10-80V &#8211; 202104<\/p>","protected":false},"excerpt":{"rendered":"<p data-start=\"0\" data-end=\"247\"><br data-start=\"5\" data-end=\"8\" \/>\u00c7akarl\u0131 Kare Far 18 Led 10-80V, forklift ve i\u015f makinelerinde kullan\u0131lan dayan\u0131kl\u0131, y\u00fcksek parlakl\u0131\u011fa sahip ve enerji tasarruflu bir far modelidir. 18 LED ile geni\u015f ayd\u0131nlatma sa\u011flar ve \u00e7akar \u0131\u015f\u0131k fonksiyonu ile \u00e7al\u0131\u015fma g\u00fcvenli\u011fini art\u0131r\u0131r.<\/p>\n<p data-start=\"249\" data-end=\"541\"><strong data-start=\"249\" data-end=\"264\">\u00d6zellikler:<\/strong><br data-start=\"264\" data-end=\"267\" \/><strong data-start=\"267\" data-end=\"280\">\u00dcr\u00fcn Ad\u0131:<\/strong> \u00c7akarl\u0131 Kare Far 18 Led 10-80V<br data-start=\"311\" data-end=\"314\" \/><strong data-start=\"314\" data-end=\"329\">Par\u00e7a Kodu:<\/strong> 202104<br data-start=\"336\" data-end=\"339\" \/><strong data-start=\"339\" data-end=\"351\">Malzeme:<\/strong> Sa\u011flam plastik ve al\u00fcminyum g\u00f6vde<br data-start=\"385\" data-end=\"388\" \/><strong data-start=\"388\" data-end=\"407\">Kullan\u0131m Alan\u0131:<\/strong> Forklift ve i\u015f makinesi ayd\u0131nlatma sistemleri<br data-start=\"453\" data-end=\"456\" \/><strong data-start=\"456\" data-end=\"468\">Avantaj:<\/strong> Y\u00fcksek \u0131\u015f\u0131k performans\u0131, enerji tasarrufu, uzun \u00f6m\u00fcr, \u00e7akar fonksiyonu<\/p>\n<p data-start=\"543\" data-end=\"797\">\n","protected":false},"featured_media":13210,"template":"","meta":[],"product_brand":[],"product_cat":[463],"product_tag":[],"class_list":{"0":"post-13205","1":"product","2":"type-product","3":"status-publish","4":"has-post-thumbnail","6":"product_cat-aydinlatma-grubu","8":"first","9":"instock","10":"taxable","11":"shipping-taxable","12":"purchasable","13":"product-type-simple"},"_links":{"self":[{"href":"https:\/\/ceoparts.com\/tr\/wp-json\/wp\/v2\/product\/13205","targetHints":{"allow":["GET"]}}],"collection":[{"href":"https:\/\/ceoparts.com\/tr\/wp-json\/wp\/v2\/product"}],"about":[{"href":"https:\/\/ceoparts.com\/tr\/wp-json\/wp\/v2\/types\/product"}],"wp:featuredmedia":[{"embeddable":true,"href":"https:\/\/ceoparts.com\/tr\/wp-json\/wp\/v2\/media\/13210"}],"wp:attachment":[{"href":"https:\/\/ceoparts.com\/tr\/wp-json\/wp\/v2\/media?parent=13205"}],"wp:term":[{"taxonomy":"product_brand","embeddable":true,"href":"https:\/\/ceoparts.com\/tr\/wp-json\/wp\/v2\/product_brand?post=13205"},{"taxonomy":"product_cat","embeddable":true,"href":"https:\/\/ceoparts.com\/tr\/wp-json\/wp\/v2\/product_cat?post=13205"},{"taxonomy":"product_tag","embeddable":true,"href":"https:\/\/ceoparts.com\/tr\/wp-json\/wp\/v2\/product_tag?post=13205"}],"curies":[{"name":"wp","href":"https:\/\/api.w.org\/{rel}","templated":true}]}}