{"id":13211,"date":"2025-01-16T15:17:05","date_gmt":"2025-01-16T12:17:05","guid":{"rendered":"https:\/\/ceoparts.com\/?post_type=product&#038;p=13211"},"modified":"2026-05-16T14:05:20","modified_gmt":"2026-05-16T11:05:20","slug":"cakarli-kare-far-16-led-202106","status":"publish","type":"product","link":"https:\/\/ceoparts.com\/tr\/urun\/cakarli-kare-far-16-led-202106\/","title":{"rendered":"\u00c7akarl\u0131 Kare Far 16 Led 10-80V &#8211; 202106"},"content":{"rendered":"<p>\u00c7akarl\u0131 Kare Far 16 Led 10-80V &#8211; 202106<\/p>","protected":false},"excerpt":{"rendered":"<p data-start=\"0\" data-end=\"226\"><br data-start=\"5\" data-end=\"8\" \/>\u00c7akarl\u0131 Kare Far 16 Led 10-80V, forklift ve i\u015f makinelerinde kullan\u0131lan dayan\u0131kl\u0131 ve enerji tasarruflu bir ayd\u0131nlatma \u00fcr\u00fcn\u00fcd\u00fcr. 16 LED ile y\u00fcksek parlakl\u0131k sa\u011flar ve \u00e7akar \u0131\u015f\u0131k \u00f6zelli\u011fi ile \u00e7al\u0131\u015fma g\u00fcvenli\u011fini art\u0131r\u0131r.<\/p>\n<p data-start=\"228\" data-end=\"520\"><strong data-start=\"228\" data-end=\"243\">\u00d6zellikler:<\/strong><br data-start=\"243\" data-end=\"246\" \/><strong data-start=\"246\" data-end=\"259\">\u00dcr\u00fcn Ad\u0131:<\/strong> \u00c7akarl\u0131 Kare Far 16 Led 10-80V<br data-start=\"290\" data-end=\"293\" \/><strong data-start=\"293\" data-end=\"308\">Par\u00e7a Kodu:<\/strong> 202106<br data-start=\"315\" data-end=\"318\" \/><strong data-start=\"318\" data-end=\"330\">Malzeme:<\/strong> Sa\u011flam plastik ve al\u00fcminyum g\u00f6vde<br data-start=\"364\" data-end=\"367\" \/><strong data-start=\"367\" data-end=\"386\">Kullan\u0131m Alan\u0131:<\/strong> Forklift ve i\u015f makinesi ayd\u0131nlatma sistemleri<br data-start=\"432\" data-end=\"435\" \/><strong data-start=\"435\" data-end=\"447\">Avantaj:<\/strong> Y\u00fcksek \u0131\u015f\u0131k performans\u0131, enerji tasarrufu, uzun \u00f6m\u00fcr, \u00e7akar fonksiyonu<\/p>\n<p data-start=\"522\" data-end=\"763\">\n","protected":false},"featured_media":13216,"template":"","meta":[],"product_brand":[],"product_cat":[463],"product_tag":[],"class_list":{"0":"post-13211","1":"product","2":"type-product","3":"status-publish","4":"has-post-thumbnail","6":"product_cat-aydinlatma-grubu","8":"first","9":"instock","10":"taxable","11":"shipping-taxable","12":"purchasable","13":"product-type-simple"},"_links":{"self":[{"href":"https:\/\/ceoparts.com\/tr\/wp-json\/wp\/v2\/product\/13211","targetHints":{"allow":["GET"]}}],"collection":[{"href":"https:\/\/ceoparts.com\/tr\/wp-json\/wp\/v2\/product"}],"about":[{"href":"https:\/\/ceoparts.com\/tr\/wp-json\/wp\/v2\/types\/product"}],"wp:featuredmedia":[{"embeddable":true,"href":"https:\/\/ceoparts.com\/tr\/wp-json\/wp\/v2\/media\/13216"}],"wp:attachment":[{"href":"https:\/\/ceoparts.com\/tr\/wp-json\/wp\/v2\/media?parent=13211"}],"wp:term":[{"taxonomy":"product_brand","embeddable":true,"href":"https:\/\/ceoparts.com\/tr\/wp-json\/wp\/v2\/product_brand?post=13211"},{"taxonomy":"product_cat","embeddable":true,"href":"https:\/\/ceoparts.com\/tr\/wp-json\/wp\/v2\/product_cat?post=13211"},{"taxonomy":"product_tag","embeddable":true,"href":"https:\/\/ceoparts.com\/tr\/wp-json\/wp\/v2\/product_tag?post=13211"}],"curies":[{"name":"wp","href":"https:\/\/api.w.org\/{rel}","templated":true}]}}