{"id":13217,"date":"2025-01-16T15:35:03","date_gmt":"2025-01-16T12:35:03","guid":{"rendered":"https:\/\/ceoparts.com\/?post_type=product&#038;p=13217"},"modified":"2026-05-16T13:19:24","modified_gmt":"2026-05-16T10:19:24","slug":"cakarli-kare-far-202112","status":"publish","type":"product","link":"https:\/\/ceoparts.com\/tr\/urun\/cakarli-kare-far-202112\/","title":{"rendered":"\u00c7akarl\u0131 Kare Far 10-30V 27W &#8211; 202112"},"content":{"rendered":"<p>\u00c7akarl\u0131 Kare Far 10-30V 27W &#8211; 202112<\/p>","protected":false},"excerpt":{"rendered":"<p data-start=\"0\" data-end=\"205\"><br data-start=\"5\" data-end=\"8\" \/>\u00c7akarl\u0131 Kare Far 10-30V 27W, forklift ve i\u015f makinelerinde kullan\u0131lan dayan\u0131kl\u0131 ve enerji tasarruflu bir far modelidir. Geni\u015f ayd\u0131nlatma alan\u0131 ve \u00e7akar \u0131\u015f\u0131k \u00f6zelli\u011fi ile \u00e7al\u0131\u015fma g\u00fcvenli\u011fini art\u0131r\u0131r.<\/p>\n<p data-start=\"207\" data-end=\"496\"><strong data-start=\"207\" data-end=\"222\">\u00d6zellikler:<\/strong><br data-start=\"222\" data-end=\"225\" \/><strong data-start=\"225\" data-end=\"238\">\u00dcr\u00fcn Ad\u0131:<\/strong> \u00c7akarl\u0131 Kare Far 10-30V 27W<br data-start=\"266\" data-end=\"269\" \/><strong data-start=\"269\" data-end=\"284\">Par\u00e7a Kodu:<\/strong> 202112<br data-start=\"291\" data-end=\"294\" \/><strong data-start=\"294\" data-end=\"306\">Malzeme:<\/strong> Sa\u011flam plastik ve al\u00fcminyum g\u00f6vde<br data-start=\"340\" data-end=\"343\" \/><strong data-start=\"343\" data-end=\"362\">Kullan\u0131m Alan\u0131:<\/strong> Forklift ve i\u015f makinesi ayd\u0131nlatma sistemleri<br data-start=\"408\" data-end=\"411\" \/><strong data-start=\"411\" data-end=\"423\">Avantaj:<\/strong> Y\u00fcksek \u0131\u015f\u0131k performans\u0131, enerji tasarrufu, uzun \u00f6m\u00fcr, \u00e7akar fonksiyonu<\/p>\n<p data-start=\"498\" data-end=\"715\">\n","protected":false},"featured_media":13219,"template":"","meta":[],"product_brand":[],"product_cat":[463],"product_tag":[],"class_list":{"0":"post-13217","1":"product","2":"type-product","3":"status-publish","4":"has-post-thumbnail","6":"product_cat-aydinlatma-grubu","8":"first","9":"instock","10":"taxable","11":"shipping-taxable","12":"purchasable","13":"product-type-simple"},"_links":{"self":[{"href":"https:\/\/ceoparts.com\/tr\/wp-json\/wp\/v2\/product\/13217","targetHints":{"allow":["GET"]}}],"collection":[{"href":"https:\/\/ceoparts.com\/tr\/wp-json\/wp\/v2\/product"}],"about":[{"href":"https:\/\/ceoparts.com\/tr\/wp-json\/wp\/v2\/types\/product"}],"wp:featuredmedia":[{"embeddable":true,"href":"https:\/\/ceoparts.com\/tr\/wp-json\/wp\/v2\/media\/13219"}],"wp:attachment":[{"href":"https:\/\/ceoparts.com\/tr\/wp-json\/wp\/v2\/media?parent=13217"}],"wp:term":[{"taxonomy":"product_brand","embeddable":true,"href":"https:\/\/ceoparts.com\/tr\/wp-json\/wp\/v2\/product_brand?post=13217"},{"taxonomy":"product_cat","embeddable":true,"href":"https:\/\/ceoparts.com\/tr\/wp-json\/wp\/v2\/product_cat?post=13217"},{"taxonomy":"product_tag","embeddable":true,"href":"https:\/\/ceoparts.com\/tr\/wp-json\/wp\/v2\/product_tag?post=13217"}],"curies":[{"name":"wp","href":"https:\/\/api.w.org\/{rel}","templated":true}]}}