{"id":13222,"date":"2025-01-16T15:42:28","date_gmt":"2025-01-16T12:42:28","guid":{"rendered":"https:\/\/ceoparts.com\/?post_type=product&#038;p=13222"},"modified":"2026-05-16T10:41:32","modified_gmt":"2026-05-16T07:41:32","slug":"cakarli-kare-far-202107","status":"publish","type":"product","link":"https:\/\/ceoparts.com\/tr\/urun\/cakarli-kare-far-202107\/","title":{"rendered":"\u00c7akarl\u0131 Kare Far 10-80V &#8211; 202107"},"content":{"rendered":"<p>\u00c7akarl\u0131 Kare Far 10-80V &#8211; 202107<\/p>","protected":false},"excerpt":{"rendered":"<p data-start=\"0\" data-end=\"209\"><br data-start=\"5\" data-end=\"8\" \/>\u00c7akarl\u0131 Kare Far 10-80V, forklift ve i\u015f makinelerinde kullan\u0131lan y\u00fcksek dayan\u0131kl\u0131l\u0131\u011fa sahip, geni\u015f \u0131\u015f\u0131k alan\u0131 sa\u011flayan ve \u00e7akar \u00f6zelli\u011fi ile dikkat \u00e7eken bir far modelidir. \u00c7al\u0131\u015fma g\u00fcvenli\u011fini art\u0131r\u0131r.<\/p>\n<p data-start=\"211\" data-end=\"499\"><strong data-start=\"211\" data-end=\"226\">\u00d6zellikler:<\/strong><br data-start=\"226\" data-end=\"229\" \/><strong data-start=\"229\" data-end=\"242\">\u00dcr\u00fcn Ad\u0131:<\/strong> \u00c7akarl\u0131 Kare Far 10-80V<br data-start=\"266\" data-end=\"269\" \/><strong data-start=\"269\" data-end=\"284\">Par\u00e7a Kodu:<\/strong> 202107<br data-start=\"291\" data-end=\"294\" \/><strong data-start=\"294\" data-end=\"306\">Malzeme:<\/strong> Dayan\u0131kl\u0131 plastik ve al\u00fcminyum g\u00f6vde<br data-start=\"343\" data-end=\"346\" \/><strong data-start=\"346\" data-end=\"365\">Kullan\u0131m Alan\u0131:<\/strong> Forklift ve i\u015f makinesi ayd\u0131nlatma sistemleri<br data-start=\"411\" data-end=\"414\" \/><strong data-start=\"414\" data-end=\"426\">Avantaj:<\/strong> Y\u00fcksek \u0131\u015f\u0131k performans\u0131, enerji tasarrufu, uzun \u00f6m\u00fcr, \u00e7akar fonksiyonu<\/p>\n<p data-start=\"501\" data-end=\"738\">\n","protected":false},"featured_media":13227,"template":"","meta":[],"product_brand":[],"product_cat":[463],"product_tag":[],"class_list":{"0":"post-13222","1":"product","2":"type-product","3":"status-publish","4":"has-post-thumbnail","6":"product_cat-aydinlatma-grubu","8":"first","9":"instock","10":"taxable","11":"shipping-taxable","12":"purchasable","13":"product-type-simple"},"_links":{"self":[{"href":"https:\/\/ceoparts.com\/tr\/wp-json\/wp\/v2\/product\/13222","targetHints":{"allow":["GET"]}}],"collection":[{"href":"https:\/\/ceoparts.com\/tr\/wp-json\/wp\/v2\/product"}],"about":[{"href":"https:\/\/ceoparts.com\/tr\/wp-json\/wp\/v2\/types\/product"}],"wp:featuredmedia":[{"embeddable":true,"href":"https:\/\/ceoparts.com\/tr\/wp-json\/wp\/v2\/media\/13227"}],"wp:attachment":[{"href":"https:\/\/ceoparts.com\/tr\/wp-json\/wp\/v2\/media?parent=13222"}],"wp:term":[{"taxonomy":"product_brand","embeddable":true,"href":"https:\/\/ceoparts.com\/tr\/wp-json\/wp\/v2\/product_brand?post=13222"},{"taxonomy":"product_cat","embeddable":true,"href":"https:\/\/ceoparts.com\/tr\/wp-json\/wp\/v2\/product_cat?post=13222"},{"taxonomy":"product_tag","embeddable":true,"href":"https:\/\/ceoparts.com\/tr\/wp-json\/wp\/v2\/product_tag?post=13222"}],"curies":[{"name":"wp","href":"https:\/\/api.w.org\/{rel}","templated":true}]}}