{"id":13268,"date":"2025-01-17T09:39:15","date_gmt":"2025-01-17T06:39:15","guid":{"rendered":"https:\/\/ceoparts.com\/?post_type=product&#038;p=13268"},"modified":"2026-05-16T16:18:43","modified_gmt":"2026-05-16T13:18:43","slug":"jungheinrich-eje116-kumanda-kolu-51055123-13333651","status":"publish","type":"product","link":"https:\/\/ceoparts.com\/tr\/urun\/jungheinrich-eje116-kumanda-kolu-51055123-13333651\/","title":{"rendered":"Jungheinrich Eje116 Kumanda Kolu &#8211; 51055123 &#8211; 13333651"},"content":{"rendered":"<p>Jungheinrich Eje116 Kumanda Kolu &#8211; 51055123 &#8211; 13333651<\/p>","protected":false},"excerpt":{"rendered":"<p data-start=\"142\" data-end=\"406\"><br data-start=\"147\" data-end=\"150\" \/>Jungheinrich EJE116 Kumanda Kolu, forklift ve istifleme makinelerinde y\u00fck kald\u0131rma, indirme ve y\u00f6n kontrol i\u015flemlerini ger\u00e7ekle\u015ftirmek i\u00e7in kullan\u0131lan dayan\u0131kl\u0131 ve ergonomik bir kumanda koludur. Operat\u00f6r i\u00e7in kolay kullan\u0131m ve h\u0131zl\u0131 m\u00fcdahale imk\u00e2n\u0131 sa\u011flar.<\/p>\n<p data-start=\"408\" data-end=\"711\"><strong data-start=\"408\" data-end=\"423\">\u00d6zellikler:<\/strong><br data-start=\"423\" data-end=\"426\" \/><strong data-start=\"426\" data-end=\"439\">\u00dcr\u00fcn Ad\u0131:<\/strong> Jungheinrich EJE116 Kumanda Kolu<br data-start=\"472\" data-end=\"475\" \/><strong data-start=\"475\" data-end=\"490\">Par\u00e7a Kodu:<\/strong> 51055123 \u2013 13333651<br data-start=\"510\" data-end=\"513\" \/><strong data-start=\"513\" data-end=\"525\">Malzeme:<\/strong> Dayan\u0131kl\u0131 plastik ve metal g\u00f6vde<br data-start=\"558\" data-end=\"561\" \/><strong data-start=\"561\" data-end=\"580\">Kullan\u0131m Alan\u0131:<\/strong> Jungheinrich EJE116 istifleme makinesi kumanda sistemleri<br data-start=\"638\" data-end=\"641\" \/><strong data-start=\"641\" data-end=\"653\">Avantaj:<\/strong> Ergonomik tasar\u0131m, sa\u011flam yap\u0131, hassas ve h\u0131zl\u0131 kontrol<\/p>\n<p data-start=\"713\" data-end=\"944\">\n","protected":false},"featured_media":19440,"template":"","meta":[],"product_brand":[],"product_cat":[236,450,522],"product_tag":[],"class_list":{"0":"post-13268","1":"product","2":"type-product","3":"status-publish","4":"has-post-thumbnail","6":"product_cat-jungheinrich","7":"product_cat-direksiyon-sistemleri","8":"product_cat-yedek-parca-jungheinrich","10":"first","11":"instock","12":"taxable","13":"shipping-taxable","14":"purchasable","15":"product-type-simple"},"_links":{"self":[{"href":"https:\/\/ceoparts.com\/tr\/wp-json\/wp\/v2\/product\/13268","targetHints":{"allow":["GET"]}}],"collection":[{"href":"https:\/\/ceoparts.com\/tr\/wp-json\/wp\/v2\/product"}],"about":[{"href":"https:\/\/ceoparts.com\/tr\/wp-json\/wp\/v2\/types\/product"}],"wp:featuredmedia":[{"embeddable":true,"href":"https:\/\/ceoparts.com\/tr\/wp-json\/wp\/v2\/media\/19440"}],"wp:attachment":[{"href":"https:\/\/ceoparts.com\/tr\/wp-json\/wp\/v2\/media?parent=13268"}],"wp:term":[{"taxonomy":"product_brand","embeddable":true,"href":"https:\/\/ceoparts.com\/tr\/wp-json\/wp\/v2\/product_brand?post=13268"},{"taxonomy":"product_cat","embeddable":true,"href":"https:\/\/ceoparts.com\/tr\/wp-json\/wp\/v2\/product_cat?post=13268"},{"taxonomy":"product_tag","embeddable":true,"href":"https:\/\/ceoparts.com\/tr\/wp-json\/wp\/v2\/product_tag?post=13268"}],"curies":[{"name":"wp","href":"https:\/\/api.w.org\/{rel}","templated":true}]}}