{"id":13307,"date":"2025-01-17T10:48:56","date_gmt":"2025-01-17T07:48:56","guid":{"rendered":"https:\/\/ceoparts.com\/?post_type=product&#038;p=13307"},"modified":"2026-05-16T13:15:51","modified_gmt":"2026-05-16T10:15:51","slug":"direksiyon-simidi-n163-211000-000","status":"publish","type":"product","link":"https:\/\/ceoparts.com\/tr\/urun\/direksiyon-simidi-n163-211000-000\/","title":{"rendered":"Direksiyon Simidi CPQD15-35 CPCD15-35 ,  N163-211000-000"},"content":{"rendered":"<p>Direksiyon Simidi CPQD15-35 CPCD15-35 ,  N163-211000-000<\/p>","protected":false},"excerpt":{"rendered":"<p data-start=\"0\" data-end=\"225\"><br data-start=\"5\" data-end=\"8\" \/>Direksiyon Simidi CPQD15-35 CPCD15-35, forklift modellerinde s\u00fcr\u00fc\u015f y\u00f6n\u00fcn\u00fc kontrol etmek i\u00e7in kullan\u0131lan dayan\u0131kl\u0131 ve ergonomik tasar\u0131ma sahip bir direksiyon simididir. Operat\u00f6r i\u00e7in g\u00fcvenli ve konforlu kullan\u0131m sunar.<\/p>\n<p data-start=\"227\" data-end=\"525\"><strong data-start=\"227\" data-end=\"242\">\u00d6zellikler:<\/strong><br data-start=\"242\" data-end=\"245\" \/><strong data-start=\"245\" data-end=\"258\">\u00dcr\u00fcn Ad\u0131:<\/strong> Direksiyon Simidi CPQD15-35 CPCD15-35<br data-start=\"296\" data-end=\"299\" \/><strong data-start=\"299\" data-end=\"314\">Par\u00e7a Kodu:<\/strong> N163-211000-000<br data-start=\"330\" data-end=\"333\" \/><strong data-start=\"333\" data-end=\"345\">Malzeme:<\/strong> Dayan\u0131kl\u0131 plastik ve metal destekli yap\u0131<br data-start=\"386\" data-end=\"389\" \/><strong data-start=\"389\" data-end=\"408\">Kullan\u0131m Alan\u0131:<\/strong> CPQD15-35 ve CPCD15-35 forklift direksiyon sistemleri<br data-start=\"462\" data-end=\"465\" \/><strong data-start=\"465\" data-end=\"477\">Avantaj:<\/strong> Ergonomik kavrama, uzun \u00f6m\u00fcrl\u00fc ve sa\u011flam yap\u0131<\/p>\n<p data-start=\"527\" data-end=\"745\">\n","protected":false},"featured_media":13316,"template":"","meta":[],"product_brand":[],"product_cat":[450],"product_tag":[],"class_list":{"0":"post-13307","1":"product","2":"type-product","3":"status-publish","4":"has-post-thumbnail","6":"product_cat-direksiyon-sistemleri","8":"first","9":"instock","10":"taxable","11":"shipping-taxable","12":"purchasable","13":"product-type-simple"},"_links":{"self":[{"href":"https:\/\/ceoparts.com\/tr\/wp-json\/wp\/v2\/product\/13307","targetHints":{"allow":["GET"]}}],"collection":[{"href":"https:\/\/ceoparts.com\/tr\/wp-json\/wp\/v2\/product"}],"about":[{"href":"https:\/\/ceoparts.com\/tr\/wp-json\/wp\/v2\/types\/product"}],"wp:featuredmedia":[{"embeddable":true,"href":"https:\/\/ceoparts.com\/tr\/wp-json\/wp\/v2\/media\/13316"}],"wp:attachment":[{"href":"https:\/\/ceoparts.com\/tr\/wp-json\/wp\/v2\/media?parent=13307"}],"wp:term":[{"taxonomy":"product_brand","embeddable":true,"href":"https:\/\/ceoparts.com\/tr\/wp-json\/wp\/v2\/product_brand?post=13307"},{"taxonomy":"product_cat","embeddable":true,"href":"https:\/\/ceoparts.com\/tr\/wp-json\/wp\/v2\/product_cat?post=13307"},{"taxonomy":"product_tag","embeddable":true,"href":"https:\/\/ceoparts.com\/tr\/wp-json\/wp\/v2\/product_tag?post=13307"}],"curies":[{"name":"wp","href":"https:\/\/api.w.org\/{rel}","templated":true}]}}