{"id":13332,"date":"2025-01-17T14:00:20","date_gmt":"2025-01-17T11:00:20","guid":{"rendered":"https:\/\/ceoparts.com\/?post_type=product&#038;p=13332"},"modified":"2026-05-16T14:32:56","modified_gmt":"2026-05-16T11:32:56","slug":"11301b-rulman-hiz-sensoru","status":"publish","type":"product","link":"https:\/\/ceoparts.com\/tr\/urun\/11301b-rulman-hiz-sensoru\/","title":{"rendered":"Rulman H\u0131z Sens\u00f6r\u00fc &#8211; 6208"},"content":{"rendered":"<p>Rulman H\u0131z Sens\u00f6r\u00fc &#8211; 6208<\/p>","protected":false},"excerpt":{"rendered":"<p data-start=\"0\" data-end=\"201\"><br data-start=\"5\" data-end=\"8\" \/>Rulman H\u0131z Sens\u00f6r\u00fc, forklift ve end\u00fcstriyel makinelerde rulman\u0131n d\u00f6nme h\u0131z\u0131n\u0131 hassas \u015fekilde \u00f6l\u00e7en dayan\u0131kl\u0131 bir sens\u00f6rd\u00fcr. Makinenin h\u0131z kontrol\u00fc ve performans izleme sistemlerinde kullan\u0131l\u0131r.<\/p>\n<p data-start=\"203\" data-end=\"473\"><strong data-start=\"203\" data-end=\"218\">\u00d6zellikler:<\/strong><br data-start=\"218\" data-end=\"221\" \/><strong data-start=\"221\" data-end=\"234\">\u00dcr\u00fcn Ad\u0131:<\/strong> Rulman H\u0131z Sens\u00f6r\u00fc<br data-start=\"253\" data-end=\"256\" \/><strong data-start=\"256\" data-end=\"271\">Par\u00e7a Kodu:<\/strong> 6208<br data-start=\"276\" data-end=\"279\" \/><strong data-start=\"279\" data-end=\"291\">Malzeme:<\/strong> Metal ve elektronik komponentler<br data-start=\"324\" data-end=\"327\" \/><strong data-start=\"327\" data-end=\"346\">Kullan\u0131m Alan\u0131:<\/strong> Forklift ve end\u00fcstriyel makine h\u0131z kontrol sistemleri<br data-start=\"400\" data-end=\"403\" \/><strong data-start=\"403\" data-end=\"415\">Avantaj:<\/strong> Y\u00fcksek hassasiyet, dayan\u0131kl\u0131 yap\u0131, g\u00fcvenilir performans<\/p>\n<p data-start=\"475\" data-end=\"682\">\n","protected":false},"featured_media":13333,"template":"","meta":[],"product_brand":[],"product_cat":[469],"product_tag":[],"class_list":{"0":"post-13332","1":"product","2":"type-product","3":"status-publish","4":"has-post-thumbnail","6":"product_cat-elektrik-ve-sistem-parcalari","8":"first","9":"instock","10":"taxable","11":"shipping-taxable","12":"purchasable","13":"product-type-simple"},"_links":{"self":[{"href":"https:\/\/ceoparts.com\/tr\/wp-json\/wp\/v2\/product\/13332","targetHints":{"allow":["GET"]}}],"collection":[{"href":"https:\/\/ceoparts.com\/tr\/wp-json\/wp\/v2\/product"}],"about":[{"href":"https:\/\/ceoparts.com\/tr\/wp-json\/wp\/v2\/types\/product"}],"wp:featuredmedia":[{"embeddable":true,"href":"https:\/\/ceoparts.com\/tr\/wp-json\/wp\/v2\/media\/13333"}],"wp:attachment":[{"href":"https:\/\/ceoparts.com\/tr\/wp-json\/wp\/v2\/media?parent=13332"}],"wp:term":[{"taxonomy":"product_brand","embeddable":true,"href":"https:\/\/ceoparts.com\/tr\/wp-json\/wp\/v2\/product_brand?post=13332"},{"taxonomy":"product_cat","embeddable":true,"href":"https:\/\/ceoparts.com\/tr\/wp-json\/wp\/v2\/product_cat?post=13332"},{"taxonomy":"product_tag","embeddable":true,"href":"https:\/\/ceoparts.com\/tr\/wp-json\/wp\/v2\/product_tag?post=13332"}],"curies":[{"name":"wp","href":"https:\/\/api.w.org\/{rel}","templated":true}]}}