{"id":13341,"date":"2025-01-17T15:19:59","date_gmt":"2025-01-17T12:19:59","guid":{"rendered":"https:\/\/ceoparts.com\/?post_type=product&#038;p=13341"},"modified":"2026-05-16T17:04:28","modified_gmt":"2026-05-16T14:04:28","slug":"zamanlama-karti-baoli-heli-cin-12v-5650-043-1762-0","status":"publish","type":"product","link":"https:\/\/ceoparts.com\/tr\/urun\/zamanlama-karti-baoli-heli-cin-12v-5650-043-1762-0\/","title":{"rendered":"Zamanlama Kart\u0131 Baoli Heli \u00c7in 12V 5650-043-1762-0"},"content":{"rendered":"<p>Zamanlama Kart\u0131 Baoli Heli \u00c7in 12V 5650-043-1762-0<\/p>","protected":false},"excerpt":{"rendered":"<p data-start=\"0\" data-end=\"222\"><br data-start=\"5\" data-end=\"8\" \/>Zamanlama Kart\u0131 Baoli Heli \u00c7in 12V, forklift motorlar\u0131n\u0131n ate\u015fleme zamanlamas\u0131n\u0131 kontrol eden elektronik bir kartt\u0131r. Do\u011fru ate\u015fleme zamanlamas\u0131 ile motor performans\u0131n\u0131 optimize eder ve yak\u0131t verimlili\u011fini art\u0131r\u0131r.<\/p>\n<p data-start=\"224\" data-end=\"532\"><strong data-start=\"224\" data-end=\"239\">\u00d6zellikler:<\/strong><br data-start=\"239\" data-end=\"242\" \/><strong data-start=\"242\" data-end=\"255\">\u00dcr\u00fcn Ad\u0131:<\/strong> Zamanlama Kart\u0131 Baoli Heli \u00c7in 12V<br data-start=\"290\" data-end=\"293\" \/><strong data-start=\"293\" data-end=\"308\">Par\u00e7a Kodu:<\/strong> 5650-043-1762-0<br data-start=\"324\" data-end=\"327\" \/><strong data-start=\"327\" data-end=\"339\">Malzeme:<\/strong> Elektronik devre kart\u0131 ve komponentler<br data-start=\"378\" data-end=\"381\" \/><strong data-start=\"381\" data-end=\"400\">Kullan\u0131m Alan\u0131:<\/strong> Baoli, Heli ve \u00c7in \u00fcretimi forklift motorlar\u0131<br data-start=\"446\" data-end=\"449\" \/><strong data-start=\"449\" data-end=\"461\">Avantaj:<\/strong> Do\u011fru ate\u015fleme kontrol\u00fc, motor performans\u0131nda art\u0131\u015f, yak\u0131t tasarrufu<\/p>\n<p data-start=\"534\" data-end=\"747\">\n","protected":false},"featured_media":13345,"template":"","meta":[],"product_brand":[],"product_cat":[469],"product_tag":[],"class_list":{"0":"post-13341","1":"product","2":"type-product","3":"status-publish","4":"has-post-thumbnail","6":"product_cat-elektrik-ve-sistem-parcalari","8":"first","9":"instock","10":"taxable","11":"shipping-taxable","12":"purchasable","13":"product-type-simple"},"_links":{"self":[{"href":"https:\/\/ceoparts.com\/tr\/wp-json\/wp\/v2\/product\/13341","targetHints":{"allow":["GET"]}}],"collection":[{"href":"https:\/\/ceoparts.com\/tr\/wp-json\/wp\/v2\/product"}],"about":[{"href":"https:\/\/ceoparts.com\/tr\/wp-json\/wp\/v2\/types\/product"}],"wp:featuredmedia":[{"embeddable":true,"href":"https:\/\/ceoparts.com\/tr\/wp-json\/wp\/v2\/media\/13345"}],"wp:attachment":[{"href":"https:\/\/ceoparts.com\/tr\/wp-json\/wp\/v2\/media?parent=13341"}],"wp:term":[{"taxonomy":"product_brand","embeddable":true,"href":"https:\/\/ceoparts.com\/tr\/wp-json\/wp\/v2\/product_brand?post=13341"},{"taxonomy":"product_cat","embeddable":true,"href":"https:\/\/ceoparts.com\/tr\/wp-json\/wp\/v2\/product_cat?post=13341"},{"taxonomy":"product_tag","embeddable":true,"href":"https:\/\/ceoparts.com\/tr\/wp-json\/wp\/v2\/product_tag?post=13341"}],"curies":[{"name":"wp","href":"https:\/\/api.w.org\/{rel}","templated":true}]}}