{"id":13350,"date":"2025-01-17T16:06:21","date_gmt":"2025-01-17T13:06:21","guid":{"rendered":"https:\/\/ceoparts.com\/?post_type=product&#038;p=13350"},"modified":"2026-05-16T14:19:34","modified_gmt":"2026-05-16T11:19:34","slug":"bt-swe-asansor-sensoru-7539698","status":"publish","type":"product","link":"https:\/\/ceoparts.com\/tr\/urun\/bt-swe-asansor-sensoru-7539698\/","title":{"rendered":"BT SWE Asans\u00f6r Sens\u00f6r\u00fc &#8211; 7539698"},"content":{"rendered":"<p>BT SWE Asans\u00f6r Sens\u00f6r\u00fc &#8211; 7539698<\/p>","protected":false},"excerpt":{"rendered":"<p data-start=\"0\" data-end=\"180\"><br data-start=\"5\" data-end=\"8\" \/>BT SWE Asans\u00f6r Sens\u00f6r\u00fc, forkliftlerde asans\u00f6r hareketlerini hassas \u015fekilde izleyen ve kontrol eden dayan\u0131kl\u0131 bir sens\u00f6rd\u00fcr. Operasyonun g\u00fcvenli ve do\u011fru yap\u0131lmas\u0131n\u0131 sa\u011flar.<\/p>\n<p data-start=\"182\" data-end=\"443\"><strong data-start=\"182\" data-end=\"197\">\u00d6zellikler:<\/strong><br data-start=\"197\" data-end=\"200\" \/><strong data-start=\"200\" data-end=\"213\">\u00dcr\u00fcn Ad\u0131:<\/strong> BT SWE Asans\u00f6r Sens\u00f6r\u00fc<br data-start=\"236\" data-end=\"239\" \/><strong data-start=\"239\" data-end=\"254\">Par\u00e7a Kodu:<\/strong> 7539698<br data-start=\"262\" data-end=\"265\" \/><strong data-start=\"265\" data-end=\"277\">Malzeme:<\/strong> Metal ve elektronik komponentler<br data-start=\"310\" data-end=\"313\" \/><strong data-start=\"313\" data-end=\"332\">Kullan\u0131m Alan\u0131:<\/strong> BT SWE forklift asans\u00f6r kontrol sistemleri<br data-start=\"375\" data-end=\"378\" \/><strong data-start=\"378\" data-end=\"390\">Avantaj:<\/strong> Y\u00fcksek hassasiyet, uzun \u00f6m\u00fcr, g\u00fcvenilir performans<\/p>\n<p data-start=\"445\" data-end=\"597\">\n","protected":false},"featured_media":13674,"template":"","meta":[],"product_brand":[],"product_cat":[251,469,518],"product_tag":[],"class_list":{"0":"post-13350","1":"product","2":"type-product","3":"status-publish","4":"has-post-thumbnail","6":"product_cat-bt","7":"product_cat-elektrik-ve-sistem-parcalari","8":"product_cat-yedek-parca-bt","10":"first","11":"instock","12":"taxable","13":"shipping-taxable","14":"purchasable","15":"product-type-simple"},"_links":{"self":[{"href":"https:\/\/ceoparts.com\/tr\/wp-json\/wp\/v2\/product\/13350","targetHints":{"allow":["GET"]}}],"collection":[{"href":"https:\/\/ceoparts.com\/tr\/wp-json\/wp\/v2\/product"}],"about":[{"href":"https:\/\/ceoparts.com\/tr\/wp-json\/wp\/v2\/types\/product"}],"wp:featuredmedia":[{"embeddable":true,"href":"https:\/\/ceoparts.com\/tr\/wp-json\/wp\/v2\/media\/13674"}],"wp:attachment":[{"href":"https:\/\/ceoparts.com\/tr\/wp-json\/wp\/v2\/media?parent=13350"}],"wp:term":[{"taxonomy":"product_brand","embeddable":true,"href":"https:\/\/ceoparts.com\/tr\/wp-json\/wp\/v2\/product_brand?post=13350"},{"taxonomy":"product_cat","embeddable":true,"href":"https:\/\/ceoparts.com\/tr\/wp-json\/wp\/v2\/product_cat?post=13350"},{"taxonomy":"product_tag","embeddable":true,"href":"https:\/\/ceoparts.com\/tr\/wp-json\/wp\/v2\/product_tag?post=13350"}],"curies":[{"name":"wp","href":"https:\/\/api.w.org\/{rel}","templated":true}]}}