{"id":13356,"date":"2025-01-17T16:10:28","date_gmt":"2025-01-17T13:10:28","guid":{"rendered":"https:\/\/ceoparts.com\/?post_type=product&#038;p=13356"},"modified":"2026-05-16T20:14:49","modified_gmt":"2026-05-16T17:14:49","slug":"bt-aci-sensoru-225569","status":"publish","type":"product","link":"https:\/\/ceoparts.com\/tr\/urun\/bt-aci-sensoru-225569\/","title":{"rendered":"BT A\u00e7\u0131 Sens\u00f6r\u00fc &#8211; 225569"},"content":{"rendered":"<p>BT A\u00e7\u0131 Sens\u00f6r\u00fc &#8211; 225569<\/p>","protected":false},"excerpt":{"rendered":"<p data-start=\"0\" data-end=\"201\"><br data-start=\"5\" data-end=\"8\" \/>BT A\u00e7\u0131 Sens\u00f6r\u00fc, forklift ve end\u00fcstriyel makinelerde kullan\u0131lan, a\u00e7\u0131sal hareketleri hassas \u015fekilde \u00f6l\u00e7en dayan\u0131kl\u0131 bir sens\u00f6rd\u00fcr. Makinenin do\u011fru pozisyon kontrol\u00fc ve g\u00fcvenli \u00e7al\u0131\u015fmas\u0131n\u0131 sa\u011flar.<\/p>\n<p data-start=\"203\" data-end=\"467\"><strong data-start=\"203\" data-end=\"218\">\u00d6zellikler:<\/strong><br data-start=\"218\" data-end=\"221\" \/><strong data-start=\"221\" data-end=\"234\">\u00dcr\u00fcn Ad\u0131:<\/strong> BT A\u00e7\u0131 Sens\u00f6r\u00fc<br data-start=\"249\" data-end=\"252\" \/><strong data-start=\"252\" data-end=\"267\">Par\u00e7a Kodu:<\/strong> 225569<br data-start=\"274\" data-end=\"277\" \/><strong data-start=\"277\" data-end=\"289\">Malzeme:<\/strong> Metal ve elektronik komponentler<br data-start=\"322\" data-end=\"325\" \/><strong data-start=\"325\" data-end=\"344\">Kullan\u0131m Alan\u0131:<\/strong> Forklift ve end\u00fcstriyel makine kontrol sistemleri<br data-start=\"394\" data-end=\"397\" \/><strong data-start=\"397\" data-end=\"409\">Avantaj:<\/strong> Y\u00fcksek hassasiyet, dayan\u0131kl\u0131 yap\u0131, g\u00fcvenilir performans<\/p>\n<p data-start=\"469\" data-end=\"669\">\n","protected":false},"featured_media":13358,"template":"","meta":[],"product_brand":[],"product_cat":[251,469,518],"product_tag":[],"class_list":{"0":"post-13356","1":"product","2":"type-product","3":"status-publish","4":"has-post-thumbnail","6":"product_cat-bt","7":"product_cat-elektrik-ve-sistem-parcalari","8":"product_cat-yedek-parca-bt","10":"first","11":"instock","12":"taxable","13":"shipping-taxable","14":"purchasable","15":"product-type-simple"},"_links":{"self":[{"href":"https:\/\/ceoparts.com\/tr\/wp-json\/wp\/v2\/product\/13356","targetHints":{"allow":["GET"]}}],"collection":[{"href":"https:\/\/ceoparts.com\/tr\/wp-json\/wp\/v2\/product"}],"about":[{"href":"https:\/\/ceoparts.com\/tr\/wp-json\/wp\/v2\/types\/product"}],"wp:featuredmedia":[{"embeddable":true,"href":"https:\/\/ceoparts.com\/tr\/wp-json\/wp\/v2\/media\/13358"}],"wp:attachment":[{"href":"https:\/\/ceoparts.com\/tr\/wp-json\/wp\/v2\/media?parent=13356"}],"wp:term":[{"taxonomy":"product_brand","embeddable":true,"href":"https:\/\/ceoparts.com\/tr\/wp-json\/wp\/v2\/product_brand?post=13356"},{"taxonomy":"product_cat","embeddable":true,"href":"https:\/\/ceoparts.com\/tr\/wp-json\/wp\/v2\/product_cat?post=13356"},{"taxonomy":"product_tag","embeddable":true,"href":"https:\/\/ceoparts.com\/tr\/wp-json\/wp\/v2\/product_tag?post=13356"}],"curies":[{"name":"wp","href":"https:\/\/api.w.org\/{rel}","templated":true}]}}