{"id":13362,"date":"2025-01-17T16:56:15","date_gmt":"2025-01-17T13:56:15","guid":{"rendered":"https:\/\/ceoparts.com\/?post_type=product&#038;p=13362"},"modified":"2026-05-16T13:24:33","modified_gmt":"2026-05-16T10:24:33","slug":"bt-lpe-canbus-kablosu-7521678","status":"publish","type":"product","link":"https:\/\/ceoparts.com\/tr\/urun\/bt-lpe-canbus-kablosu-7521678\/","title":{"rendered":"BT LPE Canbus Kablosu &#8211; 7521678"},"content":{"rendered":"<p>BT LPE Canbus Kablosu &#8211; 7521678<\/p>","protected":false},"excerpt":{"rendered":"<p data-start=\"0\" data-end=\"251\"><br data-start=\"5\" data-end=\"8\" \/>BT LPE Canbus Kablosu, forkliftlerin elektronik kontrol sistemleri aras\u0131nda veri ileti\u015fimini sa\u011flayan dayan\u0131kl\u0131 ve y\u00fcksek kaliteli bir kablo tesisat\u0131d\u0131r. CAN protokol\u00fc ile h\u0131zl\u0131 ve g\u00fcvenilir sinyal iletimi yaparak makine performans\u0131n\u0131 art\u0131r\u0131r.<\/p>\n<p data-start=\"253\" data-end=\"525\"><strong data-start=\"253\" data-end=\"268\">\u00d6zellikler:<\/strong><br data-start=\"268\" data-end=\"271\" \/><strong data-start=\"271\" data-end=\"284\">\u00dcr\u00fcn Ad\u0131:<\/strong> BT LPE Canbus Kablosu<br data-start=\"306\" data-end=\"309\" \/><strong data-start=\"309\" data-end=\"324\">Par\u00e7a Kodu:<\/strong> 7521678<br data-start=\"332\" data-end=\"335\" \/><strong data-start=\"335\" data-end=\"347\">Malzeme:<\/strong> Y\u00fcksek dayan\u0131ml\u0131 plastik izolasyonlu bak\u0131r kablo<br data-start=\"396\" data-end=\"399\" \/><strong data-start=\"399\" data-end=\"418\">Kullan\u0131m Alan\u0131:<\/strong> BT LPE forklift CAN bus ileti\u015fim sistemleri<br data-start=\"462\" data-end=\"465\" \/><strong data-start=\"465\" data-end=\"477\">Avantaj:<\/strong> H\u0131zl\u0131 veri iletimi, dayan\u0131kl\u0131 yap\u0131, uzun \u00f6m\u00fcr<\/p>\n<p data-start=\"527\" data-end=\"786\">\n","protected":false},"featured_media":13364,"template":"","meta":[],"product_brand":[],"product_cat":[251,469,518],"product_tag":[],"class_list":{"0":"post-13362","1":"product","2":"type-product","3":"status-publish","4":"has-post-thumbnail","6":"product_cat-bt","7":"product_cat-elektrik-ve-sistem-parcalari","8":"product_cat-yedek-parca-bt","10":"first","11":"instock","12":"taxable","13":"shipping-taxable","14":"purchasable","15":"product-type-simple"},"_links":{"self":[{"href":"https:\/\/ceoparts.com\/tr\/wp-json\/wp\/v2\/product\/13362","targetHints":{"allow":["GET"]}}],"collection":[{"href":"https:\/\/ceoparts.com\/tr\/wp-json\/wp\/v2\/product"}],"about":[{"href":"https:\/\/ceoparts.com\/tr\/wp-json\/wp\/v2\/types\/product"}],"wp:featuredmedia":[{"embeddable":true,"href":"https:\/\/ceoparts.com\/tr\/wp-json\/wp\/v2\/media\/13364"}],"wp:attachment":[{"href":"https:\/\/ceoparts.com\/tr\/wp-json\/wp\/v2\/media?parent=13362"}],"wp:term":[{"taxonomy":"product_brand","embeddable":true,"href":"https:\/\/ceoparts.com\/tr\/wp-json\/wp\/v2\/product_brand?post=13362"},{"taxonomy":"product_cat","embeddable":true,"href":"https:\/\/ceoparts.com\/tr\/wp-json\/wp\/v2\/product_cat?post=13362"},{"taxonomy":"product_tag","embeddable":true,"href":"https:\/\/ceoparts.com\/tr\/wp-json\/wp\/v2\/product_tag?post=13362"}],"curies":[{"name":"wp","href":"https:\/\/api.w.org\/{rel}","templated":true}]}}