{"id":13366,"date":"2025-01-17T17:01:53","date_gmt":"2025-01-17T14:01:53","guid":{"rendered":"https:\/\/ceoparts.com\/?post_type=product&#038;p=13366"},"modified":"2026-05-16T14:28:39","modified_gmt":"2026-05-16T11:28:39","slug":"still-ecu-tesisat-kablosu","status":"publish","type":"product","link":"https:\/\/ceoparts.com\/tr\/urun\/still-ecu-tesisat-kablosu\/","title":{"rendered":"Still Ecu Tesisat Kablosu"},"content":{"rendered":"<p>Still Ecu Tesisat Kablosu<\/p>","protected":false},"excerpt":{"rendered":"<p data-start=\"0\" data-end=\"267\"><br data-start=\"5\" data-end=\"8\" \/>Still ECU Tesisat Kablosu, forkliftin elektronik kontrol \u00fcnitesi (ECU) ile di\u011fer sistemler aras\u0131ndaki ba\u011flant\u0131y\u0131 sa\u011flayan y\u00fcksek kaliteli ve dayan\u0131kl\u0131 bir kablo tesisat\u0131d\u0131r. G\u00fcvenilir sinyal iletimi ile forkliftin performans\u0131n\u0131 ve \u00e7al\u0131\u015fma g\u00fcvenli\u011fini art\u0131r\u0131r.<\/p>\n<p data-start=\"269\" data-end=\"587\"><strong data-start=\"269\" data-end=\"284\">\u00d6zellikler:<\/strong><br data-start=\"284\" data-end=\"287\" \/><strong data-start=\"287\" data-end=\"300\">\u00dcr\u00fcn Ad\u0131:<\/strong> Still ECU Tesisat Kablosu<br data-start=\"326\" data-end=\"329\" \/><strong data-start=\"329\" data-end=\"344\">Par\u00e7a Kodu:<\/strong> Model ve uygulamaya g\u00f6re de\u011fi\u015fir<br data-start=\"377\" data-end=\"380\" \/><strong data-start=\"380\" data-end=\"392\">Malzeme:<\/strong> Dayan\u0131kl\u0131 plastik izolasyonlu bak\u0131r kablo ve elektronik komponentler<br data-start=\"461\" data-end=\"464\" \/><strong data-start=\"464\" data-end=\"483\">Kullan\u0131m Alan\u0131:<\/strong> Still forklift elektronik kontrol sistemleri<br data-start=\"528\" data-end=\"531\" \/><strong data-start=\"531\" data-end=\"543\">Avantaj:<\/strong> G\u00fcvenilir ba\u011flant\u0131, uzun \u00f6m\u00fcr, esnek yap\u0131<\/p>\n<p data-start=\"589\" data-end=\"835\">\n","protected":false},"featured_media":13368,"template":"","meta":[],"product_brand":[],"product_cat":[241,469,524],"product_tag":[],"class_list":{"0":"post-13366","1":"product","2":"type-product","3":"status-publish","4":"has-post-thumbnail","6":"product_cat-still","7":"product_cat-elektrik-ve-sistem-parcalari","8":"product_cat-yedek-parca-still","10":"first","11":"instock","12":"taxable","13":"shipping-taxable","14":"purchasable","15":"product-type-simple"},"_links":{"self":[{"href":"https:\/\/ceoparts.com\/tr\/wp-json\/wp\/v2\/product\/13366","targetHints":{"allow":["GET"]}}],"collection":[{"href":"https:\/\/ceoparts.com\/tr\/wp-json\/wp\/v2\/product"}],"about":[{"href":"https:\/\/ceoparts.com\/tr\/wp-json\/wp\/v2\/types\/product"}],"wp:featuredmedia":[{"embeddable":true,"href":"https:\/\/ceoparts.com\/tr\/wp-json\/wp\/v2\/media\/13368"}],"wp:attachment":[{"href":"https:\/\/ceoparts.com\/tr\/wp-json\/wp\/v2\/media?parent=13366"}],"wp:term":[{"taxonomy":"product_brand","embeddable":true,"href":"https:\/\/ceoparts.com\/tr\/wp-json\/wp\/v2\/product_brand?post=13366"},{"taxonomy":"product_cat","embeddable":true,"href":"https:\/\/ceoparts.com\/tr\/wp-json\/wp\/v2\/product_cat?post=13366"},{"taxonomy":"product_tag","embeddable":true,"href":"https:\/\/ceoparts.com\/tr\/wp-json\/wp\/v2\/product_tag?post=13366"}],"curies":[{"name":"wp","href":"https:\/\/api.w.org\/{rel}","templated":true}]}}