{"id":13370,"date":"2025-01-17T17:07:33","date_gmt":"2025-01-17T14:07:33","guid":{"rendered":"https:\/\/ceoparts.com\/?post_type=product&#038;p=13370"},"modified":"2026-05-16T14:17:20","modified_gmt":"2026-05-16T11:17:20","slug":"encoder","status":"publish","type":"product","link":"https:\/\/ceoparts.com\/tr\/urun\/encoder\/","title":{"rendered":"Encoder"},"content":{"rendered":"<p>Encoder<\/p>","protected":false},"excerpt":{"rendered":"<article class=\"text-token-text-primary w-full\" dir=\"auto\" data-testid=\"conversation-turn-53\" data-scroll-anchor=\"true\">\n<div class=\"text-base my-auto mx-auto py-5 [--thread-content-margin:--spacing(4)] @[37rem]:[--thread-content-margin:--spacing(6)] @[72rem]:[--thread-content-margin:--spacing(16)] px-(--thread-content-margin)\">\n<div class=\"[--thread-content-max-width:32rem] @[34rem]:[--thread-content-max-width:40rem] @[64rem]:[--thread-content-max-width:48rem] mx-auto flex max-w-(--thread-content-max-width) flex-1 text-base gap-4 md:gap-5 lg:gap-6 group\/turn-messages focus-visible:outline-hidden\">\n<div class=\"group\/conversation-turn relative flex w-full min-w-0 flex-col agent-turn\">\n<div class=\"relative flex-col gap-1 md:gap-3\">\n<div class=\"flex max-w-full flex-col grow\">\n<div class=\"min-h-8 text-message relative flex w-full flex-col items-end gap-2 text-start break-words whitespace-normal [.text-message+&amp;]:mt-5\" dir=\"auto\" data-message-author-role=\"assistant\" data-message-id=\"5f17d186-8b07-4b0d-83cb-fc0b7cd04ee2\" data-message-model-slug=\"gpt-4-1-mini\">\n<div class=\"flex w-full flex-col gap-1 empty:hidden first:pt-[3px]\">\n<div class=\"markdown prose dark:prose-invert w-full break-words light\">\n<p data-start=\"0\" data-end=\"213\">Encoder, forklift ve end\u00fcstriyel makinelerde hareket, h\u0131z ve pozisyon bilgisini dijital sinyallere \u00e7eviren y\u00fcksek hassasiyetli bir sens\u00f6rd\u00fcr. Do\u011fru veri aktar\u0131m\u0131 ile makine kontrol\u00fc ve otomasyonunu sa\u011flar.<\/p>\n<p data-start=\"215\" data-end=\"498\"><strong data-start=\"215\" data-end=\"230\">\u00d6zellikler:<\/strong><br data-start=\"230\" data-end=\"233\" \/><strong data-start=\"233\" data-end=\"246\">\u00dcr\u00fcn Ad\u0131:<\/strong> Encoder<br data-start=\"254\" data-end=\"257\" \/><strong data-start=\"257\" data-end=\"272\">Par\u00e7a Kodu:<\/strong> Model ve uygulamaya g\u00f6re de\u011fi\u015fir<br data-start=\"305\" data-end=\"308\" \/><strong data-start=\"308\" data-end=\"320\">Malzeme:<\/strong> Metal ve elektronik komponentler<br data-start=\"353\" data-end=\"356\" \/><strong data-start=\"356\" data-end=\"375\">Kullan\u0131m Alan\u0131:<\/strong> Forklift, robotik ve end\u00fcstriyel otomasyon sistemleri<br data-start=\"429\" data-end=\"432\" \/><strong data-start=\"432\" data-end=\"444\">Avantaj:<\/strong> Y\u00fcksek do\u011fruluk, h\u0131zl\u0131 tepki s\u00fcresi, dayan\u0131kl\u0131 yap\u0131<\/p>\n<p data-start=\"500\" data-end=\"729\">\n<\/div>\n<\/div>\n<\/div>\n<\/div>\n<\/div>\n<\/div>\n<\/div>\n<\/div>\n<\/article>\n","protected":false},"featured_media":13371,"template":"","meta":[],"product_brand":[],"product_cat":[469],"product_tag":[],"class_list":{"0":"post-13370","1":"product","2":"type-product","3":"status-publish","4":"has-post-thumbnail","6":"product_cat-elektrik-ve-sistem-parcalari","8":"first","9":"instock","10":"taxable","11":"shipping-taxable","12":"purchasable","13":"product-type-simple"},"_links":{"self":[{"href":"https:\/\/ceoparts.com\/tr\/wp-json\/wp\/v2\/product\/13370","targetHints":{"allow":["GET"]}}],"collection":[{"href":"https:\/\/ceoparts.com\/tr\/wp-json\/wp\/v2\/product"}],"about":[{"href":"https:\/\/ceoparts.com\/tr\/wp-json\/wp\/v2\/types\/product"}],"wp:featuredmedia":[{"embeddable":true,"href":"https:\/\/ceoparts.com\/tr\/wp-json\/wp\/v2\/media\/13371"}],"wp:attachment":[{"href":"https:\/\/ceoparts.com\/tr\/wp-json\/wp\/v2\/media?parent=13370"}],"wp:term":[{"taxonomy":"product_brand","embeddable":true,"href":"https:\/\/ceoparts.com\/tr\/wp-json\/wp\/v2\/product_brand?post=13370"},{"taxonomy":"product_cat","embeddable":true,"href":"https:\/\/ceoparts.com\/tr\/wp-json\/wp\/v2\/product_cat?post=13370"},{"taxonomy":"product_tag","embeddable":true,"href":"https:\/\/ceoparts.com\/tr\/wp-json\/wp\/v2\/product_tag?post=13370"}],"curies":[{"name":"wp","href":"https:\/\/api.w.org\/{rel}","templated":true}]}}