{"id":13380,"date":"2025-01-17T17:21:25","date_gmt":"2025-01-17T14:21:25","guid":{"rendered":"https:\/\/ceoparts.com\/?post_type=product&#038;p=13380"},"modified":"2026-05-16T16:39:39","modified_gmt":"2026-05-16T13:39:39","slug":"tesisat-kablosu-t16-mmi-3093810460","status":"publish","type":"product","link":"https:\/\/ceoparts.com\/tr\/urun\/tesisat-kablosu-t16-mmi-3093810460\/","title":{"rendered":"Tesisat Kablosu &#8211; T16 MMI-3093810460"},"content":{"rendered":"<p>Tesisat Kablosu &#8211; T16 MMI-3093810460<\/p>","protected":false},"excerpt":{"rendered":"<p data-start=\"0\" data-end=\"236\"><br data-start=\"5\" data-end=\"8\" \/>Tesisat Kablosu T16 MMI, forklift ve end\u00fcstriyel ara\u00e7larda elektronik sistemlerin ba\u011flant\u0131s\u0131n\u0131 sa\u011flayan y\u00fcksek kaliteli ve dayan\u0131kl\u0131 bir kablo tesisat\u0131d\u0131r. Kesintisiz ve g\u00fcvenilir sinyal iletimi ile sistem performans\u0131n\u0131 art\u0131r\u0131r.<\/p>\n<p data-start=\"238\" data-end=\"532\"><strong data-start=\"238\" data-end=\"253\">\u00d6zellikler:<\/strong><br data-start=\"253\" data-end=\"256\" \/><strong data-start=\"256\" data-end=\"269\">\u00dcr\u00fcn Ad\u0131:<\/strong> Tesisat Kablosu T16 MMI<br data-start=\"293\" data-end=\"296\" \/><strong data-start=\"296\" data-end=\"311\">Par\u00e7a Kodu:<\/strong> 3093810460<br data-start=\"322\" data-end=\"325\" \/><strong data-start=\"325\" data-end=\"337\">Malzeme:<\/strong> Y\u00fcksek dayan\u0131ml\u0131 plastik izolasyonlu bak\u0131r kablo<br data-start=\"386\" data-end=\"389\" \/><strong data-start=\"389\" data-end=\"408\">Kullan\u0131m Alan\u0131:<\/strong> Forklift ve end\u00fcstriyel ara\u00e7 elektronik kontrol sistemleri<br data-start=\"467\" data-end=\"470\" \/><strong data-start=\"470\" data-end=\"482\">Avantaj:<\/strong> Uzun \u00f6m\u00fcr, esnek yap\u0131, g\u00fcvenilir sinyal iletimi<\/p>\n<p data-start=\"534\" data-end=\"768\">\n","protected":false},"featured_media":13382,"template":"","meta":[],"product_brand":[],"product_cat":[469],"product_tag":[],"class_list":{"0":"post-13380","1":"product","2":"type-product","3":"status-publish","4":"has-post-thumbnail","6":"product_cat-elektrik-ve-sistem-parcalari","8":"first","9":"instock","10":"taxable","11":"shipping-taxable","12":"purchasable","13":"product-type-simple"},"_links":{"self":[{"href":"https:\/\/ceoparts.com\/tr\/wp-json\/wp\/v2\/product\/13380","targetHints":{"allow":["GET"]}}],"collection":[{"href":"https:\/\/ceoparts.com\/tr\/wp-json\/wp\/v2\/product"}],"about":[{"href":"https:\/\/ceoparts.com\/tr\/wp-json\/wp\/v2\/types\/product"}],"wp:featuredmedia":[{"embeddable":true,"href":"https:\/\/ceoparts.com\/tr\/wp-json\/wp\/v2\/media\/13382"}],"wp:attachment":[{"href":"https:\/\/ceoparts.com\/tr\/wp-json\/wp\/v2\/media?parent=13380"}],"wp:term":[{"taxonomy":"product_brand","embeddable":true,"href":"https:\/\/ceoparts.com\/tr\/wp-json\/wp\/v2\/product_brand?post=13380"},{"taxonomy":"product_cat","embeddable":true,"href":"https:\/\/ceoparts.com\/tr\/wp-json\/wp\/v2\/product_cat?post=13380"},{"taxonomy":"product_tag","embeddable":true,"href":"https:\/\/ceoparts.com\/tr\/wp-json\/wp\/v2\/product_tag?post=13380"}],"curies":[{"name":"wp","href":"https:\/\/api.w.org\/{rel}","templated":true}]}}