{"id":13388,"date":"2025-01-18T09:40:15","date_gmt":"2025-01-18T06:40:15","guid":{"rendered":"https:\/\/ceoparts.com\/?post_type=product&#038;p=13388"},"modified":"2026-05-16T18:10:25","modified_gmt":"2026-05-16T15:10:25","slug":"linde-l16-mmi-tesisat-kablosu-3093810461","status":"publish","type":"product","link":"https:\/\/ceoparts.com\/tr\/urun\/linde-l16-mmi-tesisat-kablosu-3093810461\/","title":{"rendered":"Linde L16 MMI Tesisat Kablosu &#8211; 3093810461"},"content":{"rendered":"<p>Linde L16 MMI Tesisat Kablosu &#8211; 3093810461<\/p>","protected":false},"excerpt":{"rendered":"<p data-start=\"0\" data-end=\"238\"><br data-start=\"5\" data-end=\"8\" \/>Linde L16 MMI Tesisat Kablosu, forklift ve end\u00fcstriyel ara\u00e7larda elektronik kontrol sistemleri aras\u0131nda ba\u011flant\u0131 sa\u011flayan y\u00fcksek kaliteli ve dayan\u0131kl\u0131 bir kablo tesisat\u0131d\u0131r. Sistemlerin g\u00fcvenli ve kesintisiz \u00e7al\u0131\u015fmas\u0131n\u0131 destekler.<\/p>\n<p data-start=\"240\" data-end=\"531\"><strong data-start=\"240\" data-end=\"255\">\u00d6zellikler:<\/strong><br data-start=\"255\" data-end=\"258\" \/><strong data-start=\"258\" data-end=\"271\">\u00dcr\u00fcn Ad\u0131:<\/strong> Linde L16 MMI Tesisat Kablosu<br data-start=\"301\" data-end=\"304\" \/><strong data-start=\"304\" data-end=\"319\">Par\u00e7a Kodu:<\/strong> 3093810461<br data-start=\"330\" data-end=\"333\" \/><strong data-start=\"333\" data-end=\"345\">Malzeme:<\/strong> Y\u00fcksek dayan\u0131ml\u0131 plastik izolasyonlu bak\u0131r kablo<br data-start=\"394\" data-end=\"397\" \/><strong data-start=\"397\" data-end=\"416\">Kullan\u0131m Alan\u0131:<\/strong> Linde forklift elektronik kontrol sistemleri<br data-start=\"461\" data-end=\"464\" \/><strong data-start=\"464\" data-end=\"476\">Avantaj:<\/strong> Uzun \u00f6m\u00fcr, y\u00fcksek esneklik, g\u00fcvenilir sinyal iletimi<\/p>\n<p data-start=\"533\" data-end=\"744\">\n","protected":false},"featured_media":13390,"template":"","meta":[],"product_brand":[],"product_cat":[246,469,523],"product_tag":[],"class_list":{"0":"post-13388","1":"product","2":"type-product","3":"status-publish","4":"has-post-thumbnail","6":"product_cat-linde","7":"product_cat-elektrik-ve-sistem-parcalari","8":"product_cat-yedek-parca-linde","10":"first","11":"instock","12":"taxable","13":"shipping-taxable","14":"purchasable","15":"product-type-simple"},"_links":{"self":[{"href":"https:\/\/ceoparts.com\/tr\/wp-json\/wp\/v2\/product\/13388","targetHints":{"allow":["GET"]}}],"collection":[{"href":"https:\/\/ceoparts.com\/tr\/wp-json\/wp\/v2\/product"}],"about":[{"href":"https:\/\/ceoparts.com\/tr\/wp-json\/wp\/v2\/types\/product"}],"wp:featuredmedia":[{"embeddable":true,"href":"https:\/\/ceoparts.com\/tr\/wp-json\/wp\/v2\/media\/13390"}],"wp:attachment":[{"href":"https:\/\/ceoparts.com\/tr\/wp-json\/wp\/v2\/media?parent=13388"}],"wp:term":[{"taxonomy":"product_brand","embeddable":true,"href":"https:\/\/ceoparts.com\/tr\/wp-json\/wp\/v2\/product_brand?post=13388"},{"taxonomy":"product_cat","embeddable":true,"href":"https:\/\/ceoparts.com\/tr\/wp-json\/wp\/v2\/product_cat?post=13388"},{"taxonomy":"product_tag","embeddable":true,"href":"https:\/\/ceoparts.com\/tr\/wp-json\/wp\/v2\/product_tag?post=13388"}],"curies":[{"name":"wp","href":"https:\/\/api.w.org\/{rel}","templated":true}]}}