{"id":13393,"date":"2025-01-18T09:49:48","date_gmt":"2025-01-18T06:49:48","guid":{"rendered":"https:\/\/ceoparts.com\/?post_type=product&#038;p=13393"},"modified":"2026-05-16T17:04:56","modified_gmt":"2026-05-16T14:04:56","slug":"still-exu-kol-tesisati-16779954-4401677","status":"publish","type":"product","link":"https:\/\/ceoparts.com\/tr\/urun\/still-exu-kol-tesisati-16779954-4401677\/","title":{"rendered":"Still Exu Kol Tesisat\u0131 &#8211; 4401677"},"content":{"rendered":"<p>Still Exu Kol Tesisat\u0131 &#8211; 4401677<\/p>","protected":false},"excerpt":{"rendered":"<p data-start=\"0\" data-end=\"256\"><br data-start=\"5\" data-end=\"8\" \/>Still Exu Kol Tesisat\u0131, forklift kumanda kolu ile kontrol \u00fcnitesi aras\u0131ndaki ba\u011flant\u0131y\u0131 sa\u011flayan, dayan\u0131kl\u0131 ve y\u00fcksek kaliteli bir kablo tesisat\u0131d\u0131r. Tesisat, h\u0131zl\u0131 ve g\u00fcvenilir veri iletimi ile makinenin kontroll\u00fc ve g\u00fcvenli \u00e7al\u0131\u015fmas\u0131n\u0131 destekler.<\/p>\n<p data-start=\"258\" data-end=\"569\"><strong data-start=\"258\" data-end=\"273\">\u00d6zellikler:<\/strong><br data-start=\"273\" data-end=\"276\" \/><strong data-start=\"276\" data-end=\"289\">\u00dcr\u00fcn Ad\u0131:<\/strong> Still Exu Kol Tesisat\u0131<br data-start=\"312\" data-end=\"315\" \/><strong data-start=\"315\" data-end=\"330\">Par\u00e7a Kodu:<\/strong>\u00a0 4401677<br data-start=\"348\" data-end=\"351\" \/><strong data-start=\"351\" data-end=\"363\">Malzeme:<\/strong> Y\u00fcksek mukavemetli plastik izolasyonlu bak\u0131r kablo ve konekt\u00f6r<br data-start=\"426\" data-end=\"429\" \/><strong data-start=\"429\" data-end=\"448\">Kullan\u0131m Alan\u0131:<\/strong> Still Exu serisi forklift kontrol sistemleri<br data-start=\"493\" data-end=\"496\" \/><strong data-start=\"496\" data-end=\"508\">Avantaj:<\/strong> G\u00fcvenilir ba\u011flant\u0131, h\u0131zl\u0131 sinyal iletimi, uzun \u00f6m\u00fcrl\u00fc yap\u0131<\/p>\n<p data-start=\"571\" data-end=\"819\">\n","protected":false},"featured_media":13394,"template":"","meta":[],"product_brand":[],"product_cat":[241,469,524],"product_tag":[],"class_list":{"0":"post-13393","1":"product","2":"type-product","3":"status-publish","4":"has-post-thumbnail","6":"product_cat-still","7":"product_cat-elektrik-ve-sistem-parcalari","8":"product_cat-yedek-parca-still","10":"first","11":"instock","12":"taxable","13":"shipping-taxable","14":"purchasable","15":"product-type-simple"},"_links":{"self":[{"href":"https:\/\/ceoparts.com\/tr\/wp-json\/wp\/v2\/product\/13393","targetHints":{"allow":["GET"]}}],"collection":[{"href":"https:\/\/ceoparts.com\/tr\/wp-json\/wp\/v2\/product"}],"about":[{"href":"https:\/\/ceoparts.com\/tr\/wp-json\/wp\/v2\/types\/product"}],"wp:featuredmedia":[{"embeddable":true,"href":"https:\/\/ceoparts.com\/tr\/wp-json\/wp\/v2\/media\/13394"}],"wp:attachment":[{"href":"https:\/\/ceoparts.com\/tr\/wp-json\/wp\/v2\/media?parent=13393"}],"wp:term":[{"taxonomy":"product_brand","embeddable":true,"href":"https:\/\/ceoparts.com\/tr\/wp-json\/wp\/v2\/product_brand?post=13393"},{"taxonomy":"product_cat","embeddable":true,"href":"https:\/\/ceoparts.com\/tr\/wp-json\/wp\/v2\/product_cat?post=13393"},{"taxonomy":"product_tag","embeddable":true,"href":"https:\/\/ceoparts.com\/tr\/wp-json\/wp\/v2\/product_tag?post=13393"}],"curies":[{"name":"wp","href":"https:\/\/api.w.org\/{rel}","templated":true}]}}