{"id":13397,"date":"2025-01-18T09:59:23","date_gmt":"2025-01-18T06:59:23","guid":{"rendered":"https:\/\/ceoparts.com\/?post_type=product&#038;p=13397"},"modified":"2026-05-16T15:00:18","modified_gmt":"2026-05-16T12:00:18","slug":"devir-sensoru-lj8a3-2-z-ay-dc","status":"publish","type":"product","link":"https:\/\/ceoparts.com\/tr\/urun\/devir-sensoru-lj8a3-2-z-ay-dc\/","title":{"rendered":"Devir Sens\u00f6r\u00fc &#8211; LJ8A3-2-Z\/AY Dc"},"content":{"rendered":"<p>Devir Sens\u00f6r\u00fc &#8211; LJ8A3-2-Z\/AY Dc<\/p>","protected":false},"excerpt":{"rendered":"<p data-start=\"0\" data-end=\"253\"><br data-start=\"5\" data-end=\"8\" \/>Devir Sens\u00f6r\u00fc LJ8A3-2-Z\/AY DC, forklift ve end\u00fcstriyel makinelerde motor devir h\u0131z\u0131n\u0131 \u00f6l\u00e7mek ve kontrol etmek i\u00e7in kullan\u0131lan hassas bir end\u00fcktif sens\u00f6rd\u00fcr. Makine performans\u0131n\u0131 izleyerek a\u015f\u0131r\u0131 h\u0131zlanma veya durma gibi durumlar\u0131 \u00f6nceden alg\u0131lar.<\/p>\n<p data-start=\"255\" data-end=\"550\"><strong data-start=\"255\" data-end=\"270\">\u00d6zellikler:<\/strong><br data-start=\"270\" data-end=\"273\" \/><strong data-start=\"273\" data-end=\"286\">\u00dcr\u00fcn Ad\u0131:<\/strong> Devir Sens\u00f6r\u00fc<br data-start=\"300\" data-end=\"303\" \/><strong data-start=\"303\" data-end=\"318\">Par\u00e7a Kodu:<\/strong> LJ8A3-2-Z\/AY DC<br data-start=\"334\" data-end=\"337\" \/><strong data-start=\"337\" data-end=\"349\">Malzeme:<\/strong> Paslanmaz metal g\u00f6vde ve elektronik komponent<br data-start=\"395\" data-end=\"398\" \/><strong data-start=\"398\" data-end=\"417\">Kullan\u0131m Alan\u0131:<\/strong> Forklift ve end\u00fcstriyel makine motor devir kontrol sistemleri<br data-start=\"479\" data-end=\"482\" \/><strong data-start=\"482\" data-end=\"494\">Avantaj:<\/strong> Y\u00fcksek hassasiyet, dayan\u0131kl\u0131 yap\u0131, h\u0131zl\u0131 tepki s\u00fcresi<\/p>\n<p data-start=\"552\" data-end=\"799\">\n","protected":false},"featured_media":13399,"template":"","meta":[],"product_brand":[],"product_cat":[469],"product_tag":[],"class_list":{"0":"post-13397","1":"product","2":"type-product","3":"status-publish","4":"has-post-thumbnail","6":"product_cat-elektrik-ve-sistem-parcalari","8":"first","9":"instock","10":"taxable","11":"shipping-taxable","12":"purchasable","13":"product-type-simple"},"_links":{"self":[{"href":"https:\/\/ceoparts.com\/tr\/wp-json\/wp\/v2\/product\/13397","targetHints":{"allow":["GET"]}}],"collection":[{"href":"https:\/\/ceoparts.com\/tr\/wp-json\/wp\/v2\/product"}],"about":[{"href":"https:\/\/ceoparts.com\/tr\/wp-json\/wp\/v2\/types\/product"}],"wp:featuredmedia":[{"embeddable":true,"href":"https:\/\/ceoparts.com\/tr\/wp-json\/wp\/v2\/media\/13399"}],"wp:attachment":[{"href":"https:\/\/ceoparts.com\/tr\/wp-json\/wp\/v2\/media?parent=13397"}],"wp:term":[{"taxonomy":"product_brand","embeddable":true,"href":"https:\/\/ceoparts.com\/tr\/wp-json\/wp\/v2\/product_brand?post=13397"},{"taxonomy":"product_cat","embeddable":true,"href":"https:\/\/ceoparts.com\/tr\/wp-json\/wp\/v2\/product_cat?post=13397"},{"taxonomy":"product_tag","embeddable":true,"href":"https:\/\/ceoparts.com\/tr\/wp-json\/wp\/v2\/product_tag?post=13397"}],"curies":[{"name":"wp","href":"https:\/\/api.w.org\/{rel}","templated":true}]}}