{"id":13407,"date":"2025-01-18T10:37:14","date_gmt":"2025-01-18T07:37:14","guid":{"rendered":"https:\/\/ceoparts.com\/?post_type=product&#038;p=13407"},"modified":"2026-05-16T17:06:20","modified_gmt":"2026-05-16T14:06:20","slug":"linde-indirme-kaldirma-joystick-7919040015","status":"publish","type":"product","link":"https:\/\/ceoparts.com\/tr\/urun\/linde-indirme-kaldirma-joystick-7919040015\/","title":{"rendered":"Linde \u0130ndirme Kald\u0131rma Joystick &#8211; 7919040015"},"content":{"rendered":"<p>Linde \u0130ndirme Kald\u0131rma Joystick &#8211; 7919040015<\/p>\n<p>E16C 1275 H25, 30, 35 393 i\u00e7in ge\u00e7erlidir. E25, E25S, E30S 1276 i\u00e7in. E14,16,18,20 335 i\u00e7in.<\/p>","protected":false},"excerpt":{"rendered":"<p data-start=\"0\" data-end=\"253\"><br data-start=\"5\" data-end=\"8\" \/>Linde \u0130ndirme Kald\u0131rma Joystick, forkliftlerde y\u00fck kald\u0131rma ve indirme i\u015flemlerinin kontrol\u00fcn\u00fc sa\u011flayan ergonomik ve dayan\u0131kl\u0131 bir kumanda koludur. Operat\u00f6r\u00fcn h\u0131zl\u0131 ve hassas manevralar yapmas\u0131na imkan tan\u0131r, i\u015f g\u00fcvenli\u011fi ve verimlili\u011fi art\u0131r\u0131r.<\/p>\n<p data-start=\"255\" data-end=\"556\"><strong data-start=\"255\" data-end=\"270\">\u00d6zellikler:<\/strong><br data-start=\"270\" data-end=\"273\" \/><strong data-start=\"273\" data-end=\"286\">\u00dcr\u00fcn Ad\u0131:<\/strong> Linde \u0130ndirme Kald\u0131rma Joystick<br data-start=\"318\" data-end=\"321\" \/><strong data-start=\"321\" data-end=\"336\">Par\u00e7a Kodu:<\/strong> 7919040015<br data-start=\"347\" data-end=\"350\" \/><strong data-start=\"350\" data-end=\"362\">Malzeme:<\/strong> Dayan\u0131kl\u0131 plastik ve elektronik bile\u015fenler<br data-start=\"405\" data-end=\"408\" \/><strong data-start=\"408\" data-end=\"427\">Kullan\u0131m Alan\u0131:<\/strong> Linde forklift kald\u0131rma ve indirme sistemleri<br data-start=\"473\" data-end=\"476\" \/><strong data-start=\"476\" data-end=\"488\">Avantaj:<\/strong> Ergonomik tasar\u0131m, y\u00fcksek tepki hassasiyeti, uzun \u00f6m\u00fcrl\u00fc kullan\u0131m<\/p>\n<p data-start=\"558\" data-end=\"802\">\n","protected":false},"featured_media":13409,"template":"","meta":[],"product_brand":[],"product_cat":[471,523,246],"product_tag":[],"class_list":{"0":"post-13407","1":"product","2":"type-product","3":"status-publish","4":"has-post-thumbnail","6":"product_cat-joystick-pedal-yedek-parca","7":"product_cat-yedek-parca-linde","8":"product_cat-linde","10":"first","11":"instock","12":"taxable","13":"shipping-taxable","14":"purchasable","15":"product-type-simple"},"_links":{"self":[{"href":"https:\/\/ceoparts.com\/tr\/wp-json\/wp\/v2\/product\/13407","targetHints":{"allow":["GET"]}}],"collection":[{"href":"https:\/\/ceoparts.com\/tr\/wp-json\/wp\/v2\/product"}],"about":[{"href":"https:\/\/ceoparts.com\/tr\/wp-json\/wp\/v2\/types\/product"}],"wp:featuredmedia":[{"embeddable":true,"href":"https:\/\/ceoparts.com\/tr\/wp-json\/wp\/v2\/media\/13409"}],"wp:attachment":[{"href":"https:\/\/ceoparts.com\/tr\/wp-json\/wp\/v2\/media?parent=13407"}],"wp:term":[{"taxonomy":"product_brand","embeddable":true,"href":"https:\/\/ceoparts.com\/tr\/wp-json\/wp\/v2\/product_brand?post=13407"},{"taxonomy":"product_cat","embeddable":true,"href":"https:\/\/ceoparts.com\/tr\/wp-json\/wp\/v2\/product_cat?post=13407"},{"taxonomy":"product_tag","embeddable":true,"href":"https:\/\/ceoparts.com\/tr\/wp-json\/wp\/v2\/product_tag?post=13407"}],"curies":[{"name":"wp","href":"https:\/\/api.w.org\/{rel}","templated":true}]}}