{"id":13415,"date":"2025-01-18T11:02:47","date_gmt":"2025-01-18T08:02:47","guid":{"rendered":"https:\/\/ceoparts.com\/?post_type=product&#038;p=13415"},"modified":"2026-05-16T19:57:25","modified_gmt":"2026-05-16T16:57:25","slug":"linde-indirme-kaldirma-joystick-7919040012","status":"publish","type":"product","link":"https:\/\/ceoparts.com\/tr\/urun\/linde-indirme-kaldirma-joystick-7919040012\/","title":{"rendered":"Linde E Kayd\u0131rma Joystick &#8211; 7919040012"},"content":{"rendered":"<p>Linde E Kayd\u0131rma Joystick &#8211; 7919040012<\/p>\n<p>Model:E12\/E14\/E15\/E16\/E18\/E20\/E30\/E40\/E50<br \/>\nSeriler: 386 387 388 392 393 394 396<\/p>\n<p>&nbsp;<\/p>","protected":false},"excerpt":{"rendered":"<p data-start=\"0\" data-end=\"202\"><br data-start=\"5\" data-end=\"8\" \/>Linde E Kayd\u0131rma Joystick, forkliftlerde y\u00fck kayd\u0131rma hareketlerinin kontrol\u00fcn\u00fc sa\u011flayan ergonomik ve dayan\u0131kl\u0131 bir kumanda koludur. Operat\u00f6r\u00fcn h\u0131zl\u0131 ve hassas manevralar yapmas\u0131na olanak tan\u0131r.<\/p>\n<p data-start=\"204\" data-end=\"490\"><strong data-start=\"204\" data-end=\"219\">\u00d6zellikler:<\/strong><br data-start=\"219\" data-end=\"222\" \/><strong data-start=\"222\" data-end=\"235\">\u00dcr\u00fcn Ad\u0131:<\/strong> Linde E Kayd\u0131rma Joystick<br data-start=\"261\" data-end=\"264\" \/><strong data-start=\"264\" data-end=\"279\">Par\u00e7a Kodu:<\/strong> 7919040012<br data-start=\"290\" data-end=\"293\" \/><strong data-start=\"293\" data-end=\"305\">Malzeme:<\/strong> Dayan\u0131kl\u0131 plastik ve elektronik bile\u015fenler<br data-start=\"348\" data-end=\"351\" \/><strong data-start=\"351\" data-end=\"370\">Kullan\u0131m Alan\u0131:<\/strong> Linde E serisi forklift y\u00fck kayd\u0131rma sistemleri<br data-start=\"418\" data-end=\"421\" \/><strong data-start=\"421\" data-end=\"433\">Avantaj:<\/strong> Ergonomik tasar\u0131m, y\u00fcksek tepki hassasiyeti, uzun \u00f6m\u00fcr<\/p>\n<p data-start=\"492\" data-end=\"685\">\n","protected":false},"featured_media":13416,"template":"","meta":[],"product_brand":[],"product_cat":[246,471,523],"product_tag":[],"class_list":{"0":"post-13415","1":"product","2":"type-product","3":"status-publish","4":"has-post-thumbnail","6":"product_cat-linde","7":"product_cat-joystick-pedal-yedek-parca","8":"product_cat-yedek-parca-linde","10":"first","11":"instock","12":"taxable","13":"shipping-taxable","14":"purchasable","15":"product-type-simple"},"_links":{"self":[{"href":"https:\/\/ceoparts.com\/tr\/wp-json\/wp\/v2\/product\/13415","targetHints":{"allow":["GET"]}}],"collection":[{"href":"https:\/\/ceoparts.com\/tr\/wp-json\/wp\/v2\/product"}],"about":[{"href":"https:\/\/ceoparts.com\/tr\/wp-json\/wp\/v2\/types\/product"}],"wp:featuredmedia":[{"embeddable":true,"href":"https:\/\/ceoparts.com\/tr\/wp-json\/wp\/v2\/media\/13416"}],"wp:attachment":[{"href":"https:\/\/ceoparts.com\/tr\/wp-json\/wp\/v2\/media?parent=13415"}],"wp:term":[{"taxonomy":"product_brand","embeddable":true,"href":"https:\/\/ceoparts.com\/tr\/wp-json\/wp\/v2\/product_brand?post=13415"},{"taxonomy":"product_cat","embeddable":true,"href":"https:\/\/ceoparts.com\/tr\/wp-json\/wp\/v2\/product_cat?post=13415"},{"taxonomy":"product_tag","embeddable":true,"href":"https:\/\/ceoparts.com\/tr\/wp-json\/wp\/v2\/product_tag?post=13415"}],"curies":[{"name":"wp","href":"https:\/\/api.w.org\/{rel}","templated":true}]}}