{"id":13419,"date":"2025-01-18T11:28:31","date_gmt":"2025-01-18T08:28:31","guid":{"rendered":"https:\/\/ceoparts.com\/?post_type=product&#038;p=13419"},"modified":"2026-05-16T17:12:34","modified_gmt":"2026-05-16T14:12:34","slug":"still-ecu-limit-switch-45583607202","status":"publish","type":"product","link":"https:\/\/ceoparts.com\/tr\/urun\/still-ecu-limit-switch-45583607202\/","title":{"rendered":"Still ECU Limit Switch &#8211; 45583607202"},"content":{"rendered":"<p>Still ECU Limit Switch &#8211; 45583607202<\/p>","protected":false},"excerpt":{"rendered":"<p data-start=\"0\" data-end=\"194\"><br data-start=\"5\" data-end=\"8\" \/>Still ECU Limit Switch, forklift kald\u0131rma ve y\u00f6n kontrol sistemlerinde kullan\u0131lan hassas bir anahtard\u0131r. Hareket limitlerini belirleyerek cihaz\u0131n g\u00fcvenli ve kontroll\u00fc \u00e7al\u0131\u015fmas\u0131n\u0131 sa\u011flar.<\/p>\n<p data-start=\"196\" data-end=\"476\"><strong data-start=\"196\" data-end=\"211\">\u00d6zellikler:<\/strong><br data-start=\"211\" data-end=\"214\" \/><strong data-start=\"214\" data-end=\"227\">\u00dcr\u00fcn Ad\u0131:<\/strong> Still ECU Limit Switch<br data-start=\"250\" data-end=\"253\" \/><strong data-start=\"253\" data-end=\"268\">Par\u00e7a Kodu:<\/strong> 45583607202<br data-start=\"280\" data-end=\"283\" \/><strong data-start=\"283\" data-end=\"295\">Malzeme:<\/strong> Dayan\u0131kl\u0131 plastik ve metal komponent<br data-start=\"332\" data-end=\"335\" \/><strong data-start=\"335\" data-end=\"354\">Kullan\u0131m Alan\u0131:<\/strong> Still ECU forklift kald\u0131rma ve y\u00f6n kontrol sistemleri<br data-start=\"408\" data-end=\"411\" \/><strong data-start=\"411\" data-end=\"423\">Avantaj:<\/strong> Y\u00fcksek hassasiyet, g\u00fcvenilir performans, uzun \u00f6m\u00fcr<\/p>\n<p data-start=\"478\" data-end=\"653\">\n","protected":false},"featured_media":13420,"template":"","meta":[],"product_brand":[],"product_cat":[241,469,524],"product_tag":[],"class_list":{"0":"post-13419","1":"product","2":"type-product","3":"status-publish","4":"has-post-thumbnail","6":"product_cat-still","7":"product_cat-elektrik-ve-sistem-parcalari","8":"product_cat-yedek-parca-still","10":"first","11":"instock","12":"taxable","13":"shipping-taxable","14":"purchasable","15":"product-type-simple"},"_links":{"self":[{"href":"https:\/\/ceoparts.com\/tr\/wp-json\/wp\/v2\/product\/13419","targetHints":{"allow":["GET"]}}],"collection":[{"href":"https:\/\/ceoparts.com\/tr\/wp-json\/wp\/v2\/product"}],"about":[{"href":"https:\/\/ceoparts.com\/tr\/wp-json\/wp\/v2\/types\/product"}],"wp:featuredmedia":[{"embeddable":true,"href":"https:\/\/ceoparts.com\/tr\/wp-json\/wp\/v2\/media\/13420"}],"wp:attachment":[{"href":"https:\/\/ceoparts.com\/tr\/wp-json\/wp\/v2\/media?parent=13419"}],"wp:term":[{"taxonomy":"product_brand","embeddable":true,"href":"https:\/\/ceoparts.com\/tr\/wp-json\/wp\/v2\/product_brand?post=13419"},{"taxonomy":"product_cat","embeddable":true,"href":"https:\/\/ceoparts.com\/tr\/wp-json\/wp\/v2\/product_cat?post=13419"},{"taxonomy":"product_tag","embeddable":true,"href":"https:\/\/ceoparts.com\/tr\/wp-json\/wp\/v2\/product_tag?post=13419"}],"curies":[{"name":"wp","href":"https:\/\/api.w.org\/{rel}","templated":true}]}}