{"id":13424,"date":"2025-01-18T11:44:43","date_gmt":"2025-01-18T08:44:43","guid":{"rendered":"https:\/\/ceoparts.com\/?post_type=product&#038;p=13424"},"modified":"2026-05-16T15:29:06","modified_gmt":"2026-05-16T12:29:06","slug":"elobau-manyeik-guvenlik-sensoru-16531004","status":"publish","type":"product","link":"https:\/\/ceoparts.com\/tr\/urun\/elobau-manyeik-guvenlik-sensoru-16531004\/","title":{"rendered":"ELOBAU Manyeik G\u00fcvenlik Sensor\u00fc &#8211; 16531004"},"content":{"rendered":"<p>ELOBAU Manyeik G\u00fcvenlik Sensor\u00fc &#8211; 16531004<\/p>\n<p>LINDE 1.5 MT SENS\u00d6R\u00dc<\/p>","protected":false},"excerpt":{"rendered":"<p data-start=\"0\" data-end=\"255\"><br data-start=\"5\" data-end=\"8\" \/>ELOBAU Manyetik G\u00fcvenlik Sens\u00f6r\u00fc, forklift ve end\u00fcstriyel makine sistemlerinde g\u00fcvenlik kontrol\u00fc amac\u0131yla kullan\u0131lan dayan\u0131kl\u0131 ve hassas bir sens\u00f6rd\u00fcr. Manyetik alg\u0131lama ile g\u00fcvenlik devresini kontrol eder ve olas\u0131 riskleri \u00f6nlemeye yard\u0131mc\u0131 olur.<\/p>\n<p data-start=\"257\" data-end=\"548\"><strong data-start=\"257\" data-end=\"272\">\u00d6zellikler:<\/strong><br data-start=\"272\" data-end=\"275\" \/><strong data-start=\"275\" data-end=\"288\">\u00dcr\u00fcn Ad\u0131:<\/strong> ELOBAU Manyetik G\u00fcvenlik Sens\u00f6r\u00fc<br data-start=\"321\" data-end=\"324\" \/><strong data-start=\"324\" data-end=\"339\">Par\u00e7a Kodu:<\/strong> 16531004<br data-start=\"348\" data-end=\"351\" \/><strong data-start=\"351\" data-end=\"363\">Malzeme:<\/strong> Dayan\u0131kl\u0131 plastik ve elektronik bile\u015fenler<br data-start=\"406\" data-end=\"409\" \/><strong data-start=\"409\" data-end=\"428\">Kullan\u0131m Alan\u0131:<\/strong> Forklift ve end\u00fcstriyel makine g\u00fcvenlik sistemleri<br data-start=\"479\" data-end=\"482\" \/><strong data-start=\"482\" data-end=\"494\">Avantaj:<\/strong> Y\u00fcksek alg\u0131lama hassasiyeti, sa\u011flam yap\u0131, uzun \u00f6m\u00fcr<\/p>\n<p data-start=\"550\" data-end=\"778\">\n","protected":false},"featured_media":13425,"template":"","meta":[],"product_brand":[],"product_cat":[246,469,523],"product_tag":[],"class_list":{"0":"post-13424","1":"product","2":"type-product","3":"status-publish","4":"has-post-thumbnail","6":"product_cat-linde","7":"product_cat-elektrik-ve-sistem-parcalari","8":"product_cat-yedek-parca-linde","10":"first","11":"instock","12":"taxable","13":"shipping-taxable","14":"purchasable","15":"product-type-simple"},"_links":{"self":[{"href":"https:\/\/ceoparts.com\/tr\/wp-json\/wp\/v2\/product\/13424","targetHints":{"allow":["GET"]}}],"collection":[{"href":"https:\/\/ceoparts.com\/tr\/wp-json\/wp\/v2\/product"}],"about":[{"href":"https:\/\/ceoparts.com\/tr\/wp-json\/wp\/v2\/types\/product"}],"wp:featuredmedia":[{"embeddable":true,"href":"https:\/\/ceoparts.com\/tr\/wp-json\/wp\/v2\/media\/13425"}],"wp:attachment":[{"href":"https:\/\/ceoparts.com\/tr\/wp-json\/wp\/v2\/media?parent=13424"}],"wp:term":[{"taxonomy":"product_brand","embeddable":true,"href":"https:\/\/ceoparts.com\/tr\/wp-json\/wp\/v2\/product_brand?post=13424"},{"taxonomy":"product_cat","embeddable":true,"href":"https:\/\/ceoparts.com\/tr\/wp-json\/wp\/v2\/product_cat?post=13424"},{"taxonomy":"product_tag","embeddable":true,"href":"https:\/\/ceoparts.com\/tr\/wp-json\/wp\/v2\/product_tag?post=13424"}],"curies":[{"name":"wp","href":"https:\/\/api.w.org\/{rel}","templated":true}]}}