{"id":13429,"date":"2025-01-18T11:50:30","date_gmt":"2025-01-18T08:50:30","guid":{"rendered":"https:\/\/ceoparts.com\/?post_type=product&#038;p=13429"},"modified":"2026-05-16T14:33:15","modified_gmt":"2026-05-16T11:33:15","slug":"linde-h-serisi-kaydirma-joystick-7919040041","status":"publish","type":"product","link":"https:\/\/ceoparts.com\/tr\/urun\/linde-h-serisi-kaydirma-joystick-7919040041\/","title":{"rendered":"Linde H Serisi Kayd\u0131rma Joystick &#8211; 7919040041"},"content":{"rendered":"<p>Linde H Serisi Kayd\u0131rma Joystick &#8211; 7919040041<\/p>\n<p><\/p>\n<table border=\"0\" width=\"482\" cellspacing=\"0\" cellpadding=\"0\">\n<colgroup>\n<col width=\"64\" \/>\n<col width=\"418\" \/><\/colgroup>\n<tbody>\n<tr>\n<td width=\"64\" height=\"19\"><span style=\"font-family: Calibri;\">335-02<\/span><\/td>\n<td width=\"418\"><span style=\"font-family: Calibri;\">E14\/16\/18\/20 &#8211; 02<\/span><\/td>\n<\/tr>\n<tr>\n<td height=\"19\"><span style=\"font-family: Calibri;\">336-31<\/span><\/td>\n<td><span style=\"font-family: Calibri;\">E25\/30 Ex S &#8211; Zone 2, 22 (3G, 3D) with gas safety system<\/span><\/td>\n<\/tr>\n<tr>\n<td height=\"19\"><span style=\"font-family: Calibri;\">336-02<\/span><\/td>\n<td><span style=\"font-family: Calibri;\">E20\/25\/30 &#8211; 02<\/span><\/td>\n<\/tr>\n<tr>\n<td height=\"19\"><span style=\"font-family: Calibri;\">336-03<\/span><\/td>\n<td><span style=\"font-family: Calibri;\">E25\/30 &#8211; 03<\/span><\/td>\n<\/tr>\n<tr>\n<td height=\"19\"><span style=\"font-family: Calibri;\">392-01<\/span><\/td>\n<td><span style=\"font-family: Calibri;\">H20\/25<\/span><\/td>\n<\/tr>\n<tr>\n<td height=\"19\"><span style=\"font-family: Calibri;\">393-01<\/span><\/td>\n<td><span style=\"font-family: Calibri;\">H25\/30\/35<\/span><\/td>\n<\/tr>\n<tr>\n<td height=\"19\"><span style=\"font-family: Calibri;\">394-01<\/span><\/td>\n<td><span style=\"font-family: Calibri;\">H40\/45\/50<\/span><\/td>\n<\/tr>\n<tr>\n<td height=\"19\"><span style=\"font-family: Calibri;\">116-03<\/span><\/td>\n<td><span style=\"font-family: Calibri;\">R14X\/R16X\/R17X\/R17XHD-03<\/span><\/td>\n<\/tr>\n<tr>\n<td height=\"19\"><span style=\"font-family: Calibri;\">116<\/span><\/td>\n<td><span style=\"font-family: Calibri;\">R14X\/R16X\/R17X\/R17XHD<\/span><\/td>\n<\/tr>\n<tr>\n<td height=\"19\"><span style=\"font-family: Calibri;\">116-02<\/span><\/td>\n<td><span style=\"font-family: Calibri;\">R14X\/R16X\/R17X\/R17XHD<\/span><\/td>\n<\/tr>\n<tr>\n<td height=\"19\"><span style=\"font-family: Calibri;\">1401<\/span><\/td>\n<td><span style=\"font-family: Calibri;\">H100\/H120\/H140\/H150\/H160\/H180<\/span><\/td>\n<\/tr>\n<tr>\n<td height=\"19\"><span style=\"font-family: Calibri;\">1401<\/span><\/td>\n<td><span style=\"font-family: Calibri;\">H100\/H120\/H140\/H150\/H160\/H180 &#8211; T4<\/span><\/td>\n<\/tr>\n<tr>\n<td height=\"19\"><span style=\"font-family: Calibri;\">1402<\/span><\/td>\n<td><span style=\"font-family: Calibri;\">H180,H200,H220,H250,H280,H300,H320<\/span><\/td>\n<\/tr>\n<tr>\n<td height=\"19\"><span style=\"font-family: Calibri;\">318<\/span><\/td>\n<td><span style=\"font-family: Calibri;\">C90\/5, C90\/6, C90\/7, C90\/8<\/span><\/td>\n<\/tr>\n<tr>\n<td height=\"19\"><span style=\"font-family: Calibri;\">335-03<\/span><\/td>\n<td><span style=\"font-family: Calibri;\">E16\/20-03<\/span><\/td>\n<\/tr>\n<tr>\n<td height=\"19\"><span style=\"font-family: Calibri;\">335-02<\/span><\/td>\n<td><span style=\"font-family: Calibri;\">E14\/16\/18\/20 &#8211; 02<\/span><\/td>\n<\/tr>\n<tr>\n<td height=\"19\"><span style=\"font-family: Calibri;\">335-02<\/span><\/td>\n<td><span style=\"font-family: Calibri;\">E16\/20-02<\/span><\/td>\n<\/tr>\n<tr>\n<td height=\"19\"><span style=\"font-family: Calibri;\">346<\/span><\/td>\n<td><span style=\"font-family: Calibri;\">E18\/20\/20P<\/span><\/td>\n<\/tr>\n<tr>\n<td height=\"19\"><span style=\"font-family: Calibri;\">359<\/span><\/td>\n<td><span style=\"font-family: Calibri;\">H100\/H120\/H140\/H150\/H160\/H180 &#8211; T2<\/span><\/td>\n<\/tr>\n<tr>\n<td height=\"19\"><span style=\"font-family: Calibri;\">359<\/span><\/td>\n<td><span style=\"font-family: Calibri;\">H100\/H120\/H140\/H150\/H160\/H180 &#8211; T3<\/span><\/td>\n<\/tr>\n<tr>\n<td height=\"19\"><span style=\"font-family: Calibri;\">386<\/span><\/td>\n<td><span style=\"font-family: Calibri;\">E12\/14\/15\/16\/18\/20<\/span><\/td>\n<\/tr>\n<tr>\n<td height=\"19\"><span style=\"font-family: Calibri;\">391-01<\/span><\/td>\n<td><span style=\"font-family: Calibri;\">H14\/16\/18\/20<\/span><\/td>\n<\/tr>\n<tr>\n<td height=\"19\"><span style=\"font-family: Calibri;\">396-01<\/span><\/td>\n<td><span style=\"font-family: Calibri;\">H50\/60\/70\/80<\/span><\/td>\n<\/tr>\n<\/tbody>\n<\/table>\n<p><\/p>","protected":false},"excerpt":{"rendered":"<p data-start=\"0\" data-end=\"206\"><br data-start=\"5\" data-end=\"8\" \/>Linde H Serisi Kayd\u0131rma Joystick, forkliftlerde y\u00fck kayd\u0131rma fonksiyonunun kontrol\u00fcn\u00fc sa\u011flayan ergonomik ve dayan\u0131kl\u0131 bir kumanda koludur. Operat\u00f6r\u00fcn rahat ve hassas manevra yapmas\u0131na yard\u0131mc\u0131 olur.<\/p>\n<p data-start=\"208\" data-end=\"501\"><strong data-start=\"208\" data-end=\"223\">\u00d6zellikler:<\/strong><br data-start=\"223\" data-end=\"226\" \/><strong data-start=\"226\" data-end=\"239\">\u00dcr\u00fcn Ad\u0131:<\/strong> Linde H Serisi Kayd\u0131rma Joystick<br data-start=\"272\" data-end=\"275\" \/><strong data-start=\"275\" data-end=\"290\">Par\u00e7a Kodu:<\/strong> 7919040041<br data-start=\"301\" data-end=\"304\" \/><strong data-start=\"304\" data-end=\"316\">Malzeme:<\/strong> Dayan\u0131kl\u0131 plastik ve elektronik komponent<br data-start=\"358\" data-end=\"361\" \/><strong data-start=\"361\" data-end=\"380\">Kullan\u0131m Alan\u0131:<\/strong> Linde H Serisi forklift y\u00fck kayd\u0131rma sistemleri<br data-start=\"428\" data-end=\"431\" \/><strong data-start=\"431\" data-end=\"443\">Avantaj:<\/strong> Ergonomik tasar\u0131m, h\u0131zl\u0131 tepki s\u00fcresi, uzun \u00f6m\u00fcrl\u00fc yap\u0131<\/p>\n<p data-start=\"503\" data-end=\"702\">\n","protected":false},"featured_media":13433,"template":"","meta":[],"product_brand":[],"product_cat":[246,471,523],"product_tag":[],"class_list":{"0":"post-13429","1":"product","2":"type-product","3":"status-publish","4":"has-post-thumbnail","6":"product_cat-linde","7":"product_cat-joystick-pedal-yedek-parca","8":"product_cat-yedek-parca-linde","10":"first","11":"instock","12":"taxable","13":"shipping-taxable","14":"purchasable","15":"product-type-simple"},"_links":{"self":[{"href":"https:\/\/ceoparts.com\/tr\/wp-json\/wp\/v2\/product\/13429","targetHints":{"allow":["GET"]}}],"collection":[{"href":"https:\/\/ceoparts.com\/tr\/wp-json\/wp\/v2\/product"}],"about":[{"href":"https:\/\/ceoparts.com\/tr\/wp-json\/wp\/v2\/types\/product"}],"wp:featuredmedia":[{"embeddable":true,"href":"https:\/\/ceoparts.com\/tr\/wp-json\/wp\/v2\/media\/13433"}],"wp:attachment":[{"href":"https:\/\/ceoparts.com\/tr\/wp-json\/wp\/v2\/media?parent=13429"}],"wp:term":[{"taxonomy":"product_brand","embeddable":true,"href":"https:\/\/ceoparts.com\/tr\/wp-json\/wp\/v2\/product_brand?post=13429"},{"taxonomy":"product_cat","embeddable":true,"href":"https:\/\/ceoparts.com\/tr\/wp-json\/wp\/v2\/product_cat?post=13429"},{"taxonomy":"product_tag","embeddable":true,"href":"https:\/\/ceoparts.com\/tr\/wp-json\/wp\/v2\/product_tag?post=13429"}],"curies":[{"name":"wp","href":"https:\/\/api.w.org\/{rel}","templated":true}]}}