{"id":13435,"date":"2025-01-18T12:38:27","date_gmt":"2025-01-18T09:38:27","guid":{"rendered":"https:\/\/ceoparts.com\/?post_type=product&#038;p=13435"},"modified":"2026-05-16T13:19:10","modified_gmt":"2026-05-16T10:19:10","slug":"bt-sensor-704-243770-266704","status":"publish","type":"product","link":"https:\/\/ceoparts.com\/tr\/urun\/bt-sensor-704-243770-266704\/","title":{"rendered":"BT Sens\u00f6r 704 &#8211; 243770 , 266704"},"content":{"rendered":"<p>BT Sens\u00f6r 704 &#8211; 243770 , 266704<\/p>","protected":false},"excerpt":{"rendered":"<p data-start=\"0\" data-end=\"209\"><br data-start=\"5\" data-end=\"8\" \/>BT Sens\u00f6r 704, forklift kol kontrol sistemlerinde kullan\u0131lan hassas \u00f6l\u00e7\u00fcm yapabilen elektronik bir sens\u00f6rd\u00fcr. Operat\u00f6r hareketlerini do\u011fru alg\u0131layarak makine kontrol\u00fcn\u00fc g\u00fcvenli ve verimli hale getirir.<\/p>\n<p data-start=\"211\" data-end=\"459\"><strong data-start=\"211\" data-end=\"226\">\u00d6zellikler:<\/strong><br data-start=\"226\" data-end=\"229\" \/><strong data-start=\"229\" data-end=\"242\">\u00dcr\u00fcn Ad\u0131:<\/strong> BT Sens\u00f6r 704<br data-start=\"256\" data-end=\"259\" \/><strong data-start=\"259\" data-end=\"274\">Par\u00e7a Kodu:<\/strong> 243770, 266704<br data-start=\"289\" data-end=\"292\" \/><strong data-start=\"292\" data-end=\"304\">Malzeme:<\/strong> Dayan\u0131kl\u0131 elektronik bile\u015fenler<br data-start=\"336\" data-end=\"339\" \/><strong data-start=\"339\" data-end=\"358\">Kullan\u0131m Alan\u0131:<\/strong> BT forklift kol kontrol sistemleri<br data-start=\"393\" data-end=\"396\" \/><strong data-start=\"396\" data-end=\"408\">Avantaj:<\/strong> Y\u00fcksek hassasiyet, h\u0131zl\u0131 tepki s\u00fcresi, uzun \u00f6m\u00fcr<\/p>\n<p data-start=\"461\" data-end=\"640\">\n","protected":false},"featured_media":13677,"template":"","meta":[],"product_brand":[],"product_cat":[251,469,518],"product_tag":[],"class_list":{"0":"post-13435","1":"product","2":"type-product","3":"status-publish","4":"has-post-thumbnail","6":"product_cat-bt","7":"product_cat-elektrik-ve-sistem-parcalari","8":"product_cat-yedek-parca-bt","10":"first","11":"instock","12":"taxable","13":"shipping-taxable","14":"purchasable","15":"product-type-simple"},"_links":{"self":[{"href":"https:\/\/ceoparts.com\/tr\/wp-json\/wp\/v2\/product\/13435","targetHints":{"allow":["GET"]}}],"collection":[{"href":"https:\/\/ceoparts.com\/tr\/wp-json\/wp\/v2\/product"}],"about":[{"href":"https:\/\/ceoparts.com\/tr\/wp-json\/wp\/v2\/types\/product"}],"wp:featuredmedia":[{"embeddable":true,"href":"https:\/\/ceoparts.com\/tr\/wp-json\/wp\/v2\/media\/13677"}],"wp:attachment":[{"href":"https:\/\/ceoparts.com\/tr\/wp-json\/wp\/v2\/media?parent=13435"}],"wp:term":[{"taxonomy":"product_brand","embeddable":true,"href":"https:\/\/ceoparts.com\/tr\/wp-json\/wp\/v2\/product_brand?post=13435"},{"taxonomy":"product_cat","embeddable":true,"href":"https:\/\/ceoparts.com\/tr\/wp-json\/wp\/v2\/product_cat?post=13435"},{"taxonomy":"product_tag","embeddable":true,"href":"https:\/\/ceoparts.com\/tr\/wp-json\/wp\/v2\/product_tag?post=13435"}],"curies":[{"name":"wp","href":"https:\/\/api.w.org\/{rel}","templated":true}]}}